{"id":20,"date":"2018-01-31T09:04:19","date_gmt":"2018-01-31T08:04:19","guid":{"rendered":"http:\/\/mooc3.politechnicart.net\/algostream\/?page_id=20"},"modified":"2018-04-25T17:24:35","modified_gmt":"2018-04-25T15:24:35","slug":"une-presentation-generale-du-streaming-musical","status":"publish","type":"page","link":"http:\/\/mooc3.politechnicart.net\/algostream\/une-presentation-generale-du-streaming-musical\/","title":{"rendered":"Pr\u00e9sentation g\u00e9n\u00e9rale des services de streaming musicaux"},"content":{"rendered":"<p>L&#8217;arriv\u00e9e sur le march\u00e9 de Spotify, Deezer et consorts ne s&#8217;est pas faite en un jour. Mais d\u00e9sormais, quoi qu&#8217;on en pense, le streaming est devenu un mode de consommation de la musique. Les offres ne cessent de se multiplier et de tenter de se diff\u00e9rencier. Petit tour d&#8217;horizon de l&#8217;offre streaming actuelle.<\/p>\n<p><iframe loading=\"lazy\" width=\"525\" height=\"295\" src=\"https:\/\/www.youtube.com\/embed\/BSLUyjfrFww?feature=oembed\" frameborder=\"0\" allow=\"autoplay; encrypted-media\" allowfullscreen><\/iframe><\/p>\n<p>&nbsp;<\/p>\n<p style=\"text-align: center\"><a href=\"http:\/\/mooc3.politechnicart.net\/algostream\/definition-et-explication-des-algorithmes\/\">\u25ac Module suivant \u25ac<\/a><\/p>\n","protected":false},"excerpt":{"rendered":"<p>L&#8217;arriv\u00e9e sur le march\u00e9 de Spotify, Deezer et consorts ne s&#8217;est pas faite en un jour. Mais d\u00e9sormais, quoi qu&#8217;on &hellip; <\/p>\n<p class=\"link-more\"><a href=\"http:\/\/mooc3.politechnicart.net\/algostream\/une-presentation-generale-du-streaming-musical\/\" class=\"more-link\">Continuer la lecture<span class=\"screen-reader-text\"> de &laquo;&nbsp;Pr\u00e9sentation g\u00e9n\u00e9rale des services de streaming musicaux&nbsp;&raquo;<\/span><\/a><\/p>\n","protected":false},"author":5,"featured_media":0,"parent":0,"menu_order":0,"comment_status":"closed","ping_status":"closed","template":"","meta":{"footnotes":""},"_links":{"self":[{"href":"http:\/\/mooc3.politechnicart.net\/algostream\/wp-json\/wp\/v2\/pages\/20"}],"collection":[{"href":"http:\/\/mooc3.politechnicart.net\/algostream\/wp-json\/wp\/v2\/pages"}],"about":[{"href":"http:\/\/mooc3.politechnicart.net\/algostream\/wp-json\/wp\/v2\/types\/page"}],"author":[{"embeddable":true,"href":"http:\/\/mooc3.politechnicart.net\/algostream\/wp-json\/wp\/v2\/users\/5"}],"replies":[{"embeddable":true,"href":"http:\/\/mooc3.politechnicart.net\/algostream\/wp-json\/wp\/v2\/comments?post=20"}],"version-history":[{"count":7,"href":"http:\/\/mooc3.politechnicart.net\/algostream\/wp-json\/wp\/v2\/pages\/20\/revisions"}],"predecessor-version":[{"id":82,"href":"http:\/\/mooc3.politechnicart.net\/algostream\/wp-json\/wp\/v2\/pages\/20\/revisions\/82"}],"wp:attachment":[{"href":"http:\/\/mooc3.politechnicart.net\/algostream\/wp-json\/wp\/v2\/media?parent=20"}],"curies":[{"name":"wp","href":"https:\/\/api.w.org\/{rel}","templated":true}]}}