{"id":24,"date":"2018-01-31T09:05:46","date_gmt":"2018-01-31T08:05:46","guid":{"rendered":"http:\/\/mooc3.politechnicart.net\/algostream\/?page_id=24"},"modified":"2018-05-07T14:57:45","modified_gmt":"2018-05-07T12:57:45","slug":"exemple-de-lalgorithme-de-spotify","status":"publish","type":"page","link":"http:\/\/mooc3.politechnicart.net\/algostream\/exemple-de-lalgorithme-de-spotify\/","title":{"rendered":"L&#8217;algorithme de Spotify"},"content":{"rendered":"<p>En prenant appui sur notre enqu\u00eate sur l\u2019algorithme de la plateforme leader du march\u00e9 Spotify, nous proposons d\u2019\u00e9tudier les particularit\u00e9s de son syst\u00e8me de recommandation, avec des propositions personnalis\u00e9es (playlist &#8220;D\u00e9couverte de la semaine&#8221; par exemple) qui t\u00e9moignent d\u2019un fantasme de couvrir l\u2019ensemble de nos rapports \u00e0 la musique.<\/p>\n<p><iframe loading=\"lazy\" width=\"525\" height=\"295\" src=\"https:\/\/www.youtube.com\/embed\/f8U49vIxhFs?feature=oembed\" frameborder=\"0\" allow=\"autoplay; encrypted-media\" allowfullscreen><\/iframe><\/p>\n<p><span style=\"font-weight: 400\">\u201cD\u00e9couverte de la semaine\u201c consiste \u00e0 proposer une s\u00e9lection de 30 chansons (parmi un catalogue de plus de 30 millions de titres) adapt\u00e9e au profil de chacun des utilisateurs<\/span><\/p>\n<ul>\n<li style=\"font-weight: 400\"><span style=\"font-weight: 400\">Chaque utilisateur dispose d\u2019un profil de go\u00fbts en fonction de ses \u00e9coutes et de ses morceaux sauvegard\u00e9s. <\/span><\/li>\n<li style=\"font-weight: 400\"><span style=\"font-weight: 400\">De l\u2019autre c\u2019est au travers de l\u2019analyse des playlists cr\u00e9\u00e9es par les utilisateurs (2 milliards ) que Spotify identifie des morceaux similaires.<\/span><\/li>\n<\/ul>\n<p><span style=\"font-weight: 400\">L\u2019algorithme rapproche ainsi les morceaux identifi\u00e9s qui correspondent au profil de l\u2019utilisateur, mais qu\u2019il n\u2019a pas encore \u00e9cout\u00e9s.<\/span><\/p>\n<p>De la m\u00eame mani\u00e8re, Spotify mais \u00e9galement \u00e0 disposition une plateforme nomm\u00e9e <a href=\"http:\/\/smarterplaylists.playlistmachinery.com\/examples.html\">Smarter Playlist<\/a> o\u00f9 l&#8217;utilisateur peut cr\u00e9er son propre algorithme de recommandation selon ses go\u00fbts et des variables qu&#8217;il d\u00e9finie.<\/p>\n<p><img decoding=\"async\" loading=\"lazy\" class=\"aligncenter wp-image-92 size-large\" src=\"http:\/\/mooc3.politechnicart.net\/algostream\/wp-content\/uploads\/sites\/5\/2018\/05\/ravenscry-1024x355.png\" alt=\"\" width=\"525\" height=\"182\" srcset=\"http:\/\/mooc3.politechnicart.net\/algostream\/wp-content\/uploads\/sites\/5\/2018\/05\/ravenscry-1024x355.png 1024w, http:\/\/mooc3.politechnicart.net\/algostream\/wp-content\/uploads\/sites\/5\/2018\/05\/ravenscry-300x104.png 300w, http:\/\/mooc3.politechnicart.net\/algostream\/wp-content\/uploads\/sites\/5\/2018\/05\/ravenscry-768x266.png 768w, http:\/\/mooc3.politechnicart.net\/algostream\/wp-content\/uploads\/sites\/5\/2018\/05\/ravenscry.png 1396w\" sizes=\"(max-width: 525px) 100vw, 525px\" \/><\/p>\n<p>Ce bout d&#8217;algorithme traduit par exemple la volont\u00e9 de son cr\u00e9ateur de r\u00e9unir dans une m\u00eame playlist tous les morceau de m\u00e9tal symphonique et gothique.<\/p>\n<p>Vous aussi fabriquez vos propres algorithmes <a href=\"http:\/\/smarterplaylists.playlistmachinery.com\/examples.html\">ici<\/a> !<\/p>\n<p>Ou passez au module suivant <a href=\"http:\/\/mooc3.politechnicart.net\/algostream\/une-standardisation-de-la-musique\/\">ici<\/a> !<\/p>\n","protected":false},"excerpt":{"rendered":"<p>En prenant appui sur notre enqu\u00eate sur l\u2019algorithme de la plateforme leader du march\u00e9 Spotify, nous proposons d\u2019\u00e9tudier les particularit\u00e9s &hellip; <\/p>\n<p class=\"link-more\"><a href=\"http:\/\/mooc3.politechnicart.net\/algostream\/exemple-de-lalgorithme-de-spotify\/\" class=\"more-link\">Continuer la lecture<span class=\"screen-reader-text\"> de &laquo;&nbsp;L&#8217;algorithme de Spotify&nbsp;&raquo;<\/span><\/a><\/p>\n","protected":false},"author":5,"featured_media":0,"parent":0,"menu_order":0,"comment_status":"closed","ping_status":"closed","template":"","meta":{"footnotes":""},"_links":{"self":[{"href":"http:\/\/mooc3.politechnicart.net\/algostream\/wp-json\/wp\/v2\/pages\/24"}],"collection":[{"href":"http:\/\/mooc3.politechnicart.net\/algostream\/wp-json\/wp\/v2\/pages"}],"about":[{"href":"http:\/\/mooc3.politechnicart.net\/algostream\/wp-json\/wp\/v2\/types\/page"}],"author":[{"embeddable":true,"href":"http:\/\/mooc3.politechnicart.net\/algostream\/wp-json\/wp\/v2\/users\/5"}],"replies":[{"embeddable":true,"href":"http:\/\/mooc3.politechnicart.net\/algostream\/wp-json\/wp\/v2\/comments?post=24"}],"version-history":[{"count":3,"href":"http:\/\/mooc3.politechnicart.net\/algostream\/wp-json\/wp\/v2\/pages\/24\/revisions"}],"predecessor-version":[{"id":91,"href":"http:\/\/mooc3.politechnicart.net\/algostream\/wp-json\/wp\/v2\/pages\/24\/revisions\/91"}],"wp:attachment":[{"href":"http:\/\/mooc3.politechnicart.net\/algostream\/wp-json\/wp\/v2\/media?parent=24"}],"curies":[{"name":"wp","href":"https:\/\/api.w.org\/{rel}","templated":true}]}}