{"id":28,"date":"2018-01-31T09:06:16","date_gmt":"2018-01-31T08:06:16","guid":{"rendered":"http:\/\/mooc3.politechnicart.net\/algostream\/?page_id=28"},"modified":"2018-05-09T14:54:45","modified_gmt":"2018-05-09T12:54:45","slug":"conclusion-evolution-des-pratiques-decoute-avec-internet-et-le-numerique","status":"publish","type":"page","link":"http:\/\/mooc3.politechnicart.net\/algostream\/conclusion-evolution-des-pratiques-decoute-avec-internet-et-le-numerique\/","title":{"rendered":"Conclusion : \u00e9volution des pratiques d\u2019\u00e9coute avec Internet et le num\u00e9rique"},"content":{"rendered":"<p>Il n\u2019est pas question ici de vous conjurer d\u2019arr\u00eater d\u2019\u00e9couter en streaming, de retirer toutes vos donn\u00e9es et d\u2019abandonner Spotify. On se doute bien que ce que vous ressentez envers ces recommandations personnalis\u00e9es n\u2019est pas tant une question de confiance que de commodit\u00e9 \u2013 ce qui n\u2019est pas si grave puisqu\u2019apr\u00e8s tout, vous n\u2019avez pas la m\u00eame relation \u00e9motionnelle avec l\u2019application Spotify qu\u2019avec d\u2019autres prescripteurs comme votre tante experte en jazz, votre amie dj ou votre mec fan de musique fran\u00e7aise.<\/p>\n<p>Cette \u00e9conomie de l\u2019attention qui se fonde sur la pr\u00e9diction, ce fantasme de couvrir l\u2019ensemble de nos rapports \u2013 y compris \u00e9motionnels \u2013 \u00e0 la musique, de correspondre \u00e0 tous ses auditeurs, semble un peu m\u00e9galomane, et irr\u00e9alisable de la part des plateformes\u00a0: l\u2019exp\u00e9rience musicale d\u00e9pend de tant de valeurs subjectives qu\u2019elle peut difficilement \u00eatre quantifi\u00e9e ou r\u00e9sum\u00e9e \u00e0 des donn\u00e9es.<\/p>\n<p>Chacun.e d\u00e9veloppe des tactiques d\u2019\u00e9coute qui m\u00ealent, le plus souvent, divers dispositifs et plateformes, et divers prescripteurs.<\/p>\n<p>Pour autant ce qui semble se dessiner avec ces nouvelles pratiques d\u2019\u00e9coute, c\u2019est justement un \u00e9cart grandissant entre d\u2019une part, des auditeurs passifs, qui font l\u2019exp\u00e9rience de la musique sans se passionner pour et qui trouvent donc bien commodes ces nouveaux outils qui s\u2019ajustent automatiquement \u00e0 leur go\u00fbts, et d&#8217;autre part des auditeurs actifs, amateurs et experts, qui jouent avec mais ne se satisfont pas des algorithmes. Ainsi en parall\u00e8le \u00e0 ces algorithmes, se d\u00e9ploient de nouvelles formes de recommandation num\u00e9riques.<\/p>\n<h3>Pour aller plus loin :<\/h3>\n<p><a href=\"https:\/\/www.youtube.com\/watch?v=3aOyRJbJiNk&amp;list=PLAS2c8lAJ7dRFcjL3zWjaWq3lZj9yC4f5\">Le lien vers <em>Dig it!<\/em><\/a>, une s\u00e9rie d&#8217;ARTE Creative sur les nouvelles mani\u00e8res de d\u00e9couvrir et de recommander de la musique<\/p>\n<p><a href=\"https:\/\/soundcloud.com\/comalaradio\/les-mutations-des-radios-musicales-a-lere-du-numerique-emission-conference\">Le lien vers le podcast<\/a> d&#8217;une \u00e9mission-conf\u00e9rence enregistr\u00e9e pour l&#8217;anniversaire de Comala radio, &#8220;Les mutations des radios musicales \u00e0 l&#8217;\u00e8re du num\u00e9rique&#8221;<\/p>\n<p><a href=\"https:\/\/pitchfork.com\/features\/article\/uncovering-how-streaming-is-changing-the-sound-of-pop\/\">&#8220;Uncovering how streaming is changing the sound of pop&#8221;<\/a>, un article du magazine Pitchfork \u00e0 propos de l&#8217;influence du streaming sur l&#8217;industrie musicale (en anglais)<\/p>\n<p>Et pour tester ce que vous avez retenu, <a href=\"http:\/\/mooc3.politechnicart.net\/algostream\/evaluation\/\">c&#8217;est par ici <\/a><\/p>\n","protected":false},"excerpt":{"rendered":"<p>Il n\u2019est pas question ici de vous conjurer d\u2019arr\u00eater d\u2019\u00e9couter en streaming, de retirer toutes vos donn\u00e9es et d\u2019abandonner Spotify. &hellip; <\/p>\n<p class=\"link-more\"><a href=\"http:\/\/mooc3.politechnicart.net\/algostream\/conclusion-evolution-des-pratiques-decoute-avec-internet-et-le-numerique\/\" class=\"more-link\">Continuer la lecture<span class=\"screen-reader-text\"> de &laquo;&nbsp;Conclusion : \u00e9volution des pratiques d\u2019\u00e9coute avec Internet et le num\u00e9rique&nbsp;&raquo;<\/span><\/a><\/p>\n","protected":false},"author":5,"featured_media":0,"parent":0,"menu_order":0,"comment_status":"closed","ping_status":"closed","template":"","meta":{"footnotes":""},"_links":{"self":[{"href":"http:\/\/mooc3.politechnicart.net\/algostream\/wp-json\/wp\/v2\/pages\/28"}],"collection":[{"href":"http:\/\/mooc3.politechnicart.net\/algostream\/wp-json\/wp\/v2\/pages"}],"about":[{"href":"http:\/\/mooc3.politechnicart.net\/algostream\/wp-json\/wp\/v2\/types\/page"}],"author":[{"embeddable":true,"href":"http:\/\/mooc3.politechnicart.net\/algostream\/wp-json\/wp\/v2\/users\/5"}],"replies":[{"embeddable":true,"href":"http:\/\/mooc3.politechnicart.net\/algostream\/wp-json\/wp\/v2\/comments?post=28"}],"version-history":[{"count":6,"href":"http:\/\/mooc3.politechnicart.net\/algostream\/wp-json\/wp\/v2\/pages\/28\/revisions"}],"predecessor-version":[{"id":107,"href":"http:\/\/mooc3.politechnicart.net\/algostream\/wp-json\/wp\/v2\/pages\/28\/revisions\/107"}],"wp:attachment":[{"href":"http:\/\/mooc3.politechnicart.net\/algostream\/wp-json\/wp\/v2\/media?parent=28"}],"curies":[{"name":"wp","href":"https:\/\/api.w.org\/{rel}","templated":true}]}}