{"id":79,"date":"2018-05-07T18:33:03","date_gmt":"2018-05-07T16:33:03","guid":{"rendered":"http:\/\/mooc3.politechnicart.net\/aminauty\/?page_id=79"},"modified":"2018-05-15T23:57:35","modified_gmt":"2018-05-15T21:57:35","slug":"conclusion","status":"publish","type":"page","link":"http:\/\/mooc3.politechnicart.net\/aminauty\/conclusion\/","title":{"rendered":"Conclusion + bonus&#8230;"},"content":{"rendered":"<p align=\"JUSTIFY\"><em><strong>Et pour finir&#8230;\u00a0<\/strong><\/em><\/p>\n<p align=\"JUSTIFY\">Amino est donc un r\u00e9seau social plut\u00f4t adolescent qui propose de rejoindre des communaut\u00e9s d&#8217;\u00e9changes multiples et tr\u00e8s vari\u00e9es. L&#8217;application encourage ses utilisateurs \u00e0 la discussion, \u00e0 entrer en contact avec le plus de monde possible en proposant diff\u00e9rents Aminos correspondant possiblement \u00e0 nos &#8220;go\u00fbts&#8221; sur un \u00e9cran d\u00e9di\u00e9, en invitant un nouveau membre \u00e0 suivre toutes les personnes pr\u00e9sentes sur un Amino d\u00e8s que celui-ci le rejoint ou encore en affichant le nombre de membres en ligne pour encourager les chats et la discussion \u00e0 plusieurs.<\/p>\n<p align=\"JUSTIFY\">On y trouve diff\u00e9rents type de contenus : des posts \u00e9crits, du contenu visuel, iconographique, photographique, du dessin et notamment du fanart, des montages, des memes, des sondages, des quiz, des wikis informatifs, des concours, des chats collectifs ou plus individuels etc. Tout cela permet de partager le plus de contenu possible, sous diff\u00e9rentes formes selon le but de notre communaut\u00e9, militante ou fan. Si les fandoms sont clairement privil\u00e9gi\u00e9es et &#8220;vis\u00e9es&#8221; par l&#8217;application, les communaut\u00e9s militantes se r\u00e9approprient aussi les fonctionnalit\u00e9s de l&#8217;application, contournant les usages impos\u00e9s par Amino pour cr\u00e9er leur safe-space. On observe de nombreuses m\u00e9diations, diff\u00e9rents m\u00e9dias, beaucoup de cr\u00e9ation, de re-cr\u00e9ation et de remix qui sont les principales caract\u00e9ristiques des communaut\u00e9s de fans. M\u00e9lanie Bourdaa explique dans &#8220;Les fans studies en question : perspectives et enjeux&#8221; que les communaut\u00e9s de fans sont tr\u00e8s dynamiques, cr\u00e9atrices de contenu, presque m\u00e9diatrices, effectuant un v\u00e9ritable travail expressif et interpr\u00e9tatif. Ce r\u00e9seau offre \u00e0 ces communaut\u00e9s un lieu de r\u00e9union aux nombreuses fonctionnalit\u00e9s qui permet de stimuler, de montrer l&#8217;\u00e9tendu de la cr\u00e9ativit\u00e9 des fans et d&#8217;afficher, de partager du contenu original ou non. Ce r\u00e9seau social t\u00e9moigne d&#8217;une \u00e9criture m\u00e9tiss\u00e9e : une expression par le texte, par l&#8217;image et donc une hybridation du mobtexte, entre image et texte. Les photos sont toujours accompagn\u00e9es de l\u00e9gendes, on observe des mix de textes et d&#8217;images, les images n&#8217;\u00e9tant plus seulement image comme l&#8217;explique notre enseignante Laurence Allard.<\/p>\n<p align=\"JUSTIFY\">Amino nous r\u00e9v\u00e8le \u00e9galement une parole d&#8217;individus minor\u00e9s dans le discours, l&#8217;expression de sujets mineurs les adolescents qui peuvent s&#8217;exprimer de diff\u00e9rentes mani\u00e8res.<\/p>\n<p align=\"JUSTIFY\">Voil\u00e0, vous \u00eates officiellement des experts concernant Amino ! Pour vous r\u00e9compensez de ce grand travail intellectuel nous avons une surprise pour vous&#8230;<\/p>\n<p style=\"text-align: center\" align=\"JUSTIFY\"><a href=\"https:\/\/drive.google.com\/open?id=1lURgxaO0odULqcE2FXbwn-cvV_JVeKjV\">Cliquez.<\/a><\/p>\n<p align=\"JUSTIFY\">\u00a0<img decoding=\"async\" class=\"aligncenter\" src=\"https:\/\/img.buzzfeed.com\/buzzfeed-static\/static\/2014-08\/6\/10\/enhanced\/webdr08\/anigif_enhanced-27242-1407334085-4.gif\" alt=\"R\u00c3\u00a9sultat de recherche d'images pour &quot;meme gif finger up&quot;\" \/><\/p>\n","protected":false},"excerpt":{"rendered":"<p>Et pour finir&#8230;\u00a0 Amino est donc un r\u00e9seau social plut\u00f4t adolescent qui propose de rejoindre des communaut\u00e9s d&#8217;\u00e9changes multiples et &hellip; <\/p>\n<p class=\"link-more\"><a href=\"http:\/\/mooc3.politechnicart.net\/aminauty\/conclusion\/\" class=\"more-link\">Continuer la lecture<span class=\"screen-reader-text\"> de &laquo;&nbsp;Conclusion + bonus&#8230;&nbsp;&raquo;<\/span><\/a><\/p>\n","protected":false},"author":9,"featured_media":0,"parent":0,"menu_order":0,"comment_status":"closed","ping_status":"closed","template":"","meta":{"footnotes":""},"_links":{"self":[{"href":"http:\/\/mooc3.politechnicart.net\/aminauty\/wp-json\/wp\/v2\/pages\/79"}],"collection":[{"href":"http:\/\/mooc3.politechnicart.net\/aminauty\/wp-json\/wp\/v2\/pages"}],"about":[{"href":"http:\/\/mooc3.politechnicart.net\/aminauty\/wp-json\/wp\/v2\/types\/page"}],"author":[{"embeddable":true,"href":"http:\/\/mooc3.politechnicart.net\/aminauty\/wp-json\/wp\/v2\/users\/9"}],"replies":[{"embeddable":true,"href":"http:\/\/mooc3.politechnicart.net\/aminauty\/wp-json\/wp\/v2\/comments?post=79"}],"version-history":[{"count":11,"href":"http:\/\/mooc3.politechnicart.net\/aminauty\/wp-json\/wp\/v2\/pages\/79\/revisions"}],"predecessor-version":[{"id":157,"href":"http:\/\/mooc3.politechnicart.net\/aminauty\/wp-json\/wp\/v2\/pages\/79\/revisions\/157"}],"wp:attachment":[{"href":"http:\/\/mooc3.politechnicart.net\/aminauty\/wp-json\/wp\/v2\/media?parent=79"}],"curies":[{"name":"wp","href":"https:\/\/api.w.org\/{rel}","templated":true}]}}