{"id":30,"date":"2018-04-01T16:08:56","date_gmt":"2018-04-01T14:08:56","guid":{"rendered":"http:\/\/mooc3.politechnicart.net\/bj4cash\/?page_id=30"},"modified":"2018-05-10T15:13:44","modified_gmt":"2018-05-10T13:13:44","slug":"introduction","status":"publish","type":"page","link":"http:\/\/mooc3.politechnicart.net\/bj4cash\/","title":{"rendered":"Introduction"},"content":{"rendered":"<hr \/>\n<p><iframe loading=\"lazy\" width=\"525\" height=\"295\" src=\"https:\/\/www.youtube.com\/embed\/dBC324H8B_8?feature=oembed\" frameborder=\"0\" allow=\"autoplay; encrypted-media\" allowfullscreen><\/iframe><\/p>\n<hr \/>\n<p>&nbsp;<\/p>\n<p style=\"text-align: center\"><em>Notre sujet est la prostitution num\u00e9rique. En nous appuyant sur une plateforme comme SeekingArrangement, nous voulons mettre en avant la mani\u00e8re dont internet brouille les fronti\u00e8res de la prostitution. L\u2019\u00e9volution du num\u00e9rique permet la mise en place d\u2019un nouveau march\u00e9, se faisant seulement en quelques clics. Le site offre alors aux deux parties un arrangement commercial, tout aussi simple et rapide que si c\u2019\u00e9tait pour r\u00e9server un co-voiturage.<\/em><\/p>\n<p>&nbsp;<\/p>\n<hr \/>\n<p><img decoding=\"async\" loading=\"lazy\" class=\" wp-image-113 aligncenter\" src=\"http:\/\/mooc3.politechnicart.net\/bj4cash\/wp-content\/uploads\/sites\/22\/2018\/05\/main-qimg-5a0c5de09e4ced34aff67eb368332d6e-300x154.jpg\" alt=\"\" width=\"353\" height=\"181\" srcset=\"http:\/\/mooc3.politechnicart.net\/bj4cash\/wp-content\/uploads\/sites\/22\/2018\/05\/main-qimg-5a0c5de09e4ced34aff67eb368332d6e-300x154.jpg 300w, http:\/\/mooc3.politechnicart.net\/bj4cash\/wp-content\/uploads\/sites\/22\/2018\/05\/main-qimg-5a0c5de09e4ced34aff67eb368332d6e.jpg 600w\" sizes=\"(max-width: 353px) 100vw, 353px\" \/><\/p>\n<hr \/>\n<h2 style=\"text-align: center\"><em>Objectifs p\u00e9dagogiques :<\/em><\/h2>\n<p>&nbsp;<\/p>\n<ul>\n<li>\u00a0La d\u00e9couverte d&#8217;un univers controvers\u00e9 (module 1 et 3)<\/li>\n<li>\u00a0Analyser les nouveaux codes d\u2019\u00e9changes mis en place par les plateformes num\u00e9riques et leur simplicit\u00e9 d&#8217;usage (Module 2)<\/li>\n<li>\u00a0Montrer comment la financiarisation dans notre soci\u00e9t\u00e9 influence les rapports sociaux et sexuels entre la prostitu\u00e9e et le client \u00a0(Module 2 et 4)<\/li>\n<\/ul>\n","protected":false},"excerpt":{"rendered":"<p>&nbsp; Notre sujet est la prostitution num\u00e9rique. En nous appuyant sur une plateforme comme SeekingArrangement, nous voulons mettre en avant &hellip; <\/p>\n<p class=\"link-more\"><a href=\"http:\/\/mooc3.politechnicart.net\/bj4cash\/\" class=\"more-link\">Continuer la lecture<span class=\"screen-reader-text\"> de &laquo;&nbsp;Introduction&nbsp;&raquo;<\/span><\/a><\/p>\n","protected":false},"author":23,"featured_media":0,"parent":0,"menu_order":0,"comment_status":"closed","ping_status":"closed","template":"","meta":{"footnotes":""},"_links":{"self":[{"href":"http:\/\/mooc3.politechnicart.net\/bj4cash\/wp-json\/wp\/v2\/pages\/30"}],"collection":[{"href":"http:\/\/mooc3.politechnicart.net\/bj4cash\/wp-json\/wp\/v2\/pages"}],"about":[{"href":"http:\/\/mooc3.politechnicart.net\/bj4cash\/wp-json\/wp\/v2\/types\/page"}],"author":[{"embeddable":true,"href":"http:\/\/mooc3.politechnicart.net\/bj4cash\/wp-json\/wp\/v2\/users\/23"}],"replies":[{"embeddable":true,"href":"http:\/\/mooc3.politechnicart.net\/bj4cash\/wp-json\/wp\/v2\/comments?post=30"}],"version-history":[{"count":14,"href":"http:\/\/mooc3.politechnicart.net\/bj4cash\/wp-json\/wp\/v2\/pages\/30\/revisions"}],"predecessor-version":[{"id":173,"href":"http:\/\/mooc3.politechnicart.net\/bj4cash\/wp-json\/wp\/v2\/pages\/30\/revisions\/173"}],"wp:attachment":[{"href":"http:\/\/mooc3.politechnicart.net\/bj4cash\/wp-json\/wp\/v2\/media?parent=30"}],"curies":[{"name":"wp","href":"https:\/\/api.w.org\/{rel}","templated":true}]}}