{"id":35,"date":"2018-04-01T16:15:19","date_gmt":"2018-04-01T14:15:19","guid":{"rendered":"http:\/\/mooc3.politechnicart.net\/bj4cash\/?page_id=35"},"modified":"2018-05-09T18:20:45","modified_gmt":"2018-05-09T16:20:45","slug":"module-n1","status":"publish","type":"page","link":"http:\/\/mooc3.politechnicart.net\/bj4cash\/module-n1\/","title":{"rendered":"Module n\u00b01"},"content":{"rendered":"<p><img decoding=\"async\" loading=\"lazy\" class=\"aligncenter wp-image-121 size-full\" src=\"http:\/\/mooc3.politechnicart.net\/bj4cash\/wp-content\/uploads\/sites\/22\/2018\/05\/nexone.png\" alt=\"\" width=\"664\" height=\"396\" srcset=\"http:\/\/mooc3.politechnicart.net\/bj4cash\/wp-content\/uploads\/sites\/22\/2018\/05\/nexone.png 664w, http:\/\/mooc3.politechnicart.net\/bj4cash\/wp-content\/uploads\/sites\/22\/2018\/05\/nexone-300x179.png 300w\" sizes=\"(max-width: 664px) 100vw, 664px\" \/><\/p>\n<h1 style=\"text-align: center\"><b>Pr\u00e9sentation prostitution <\/b><\/h1>\n<p>La prostitution est une forme d\u2019\u00e9change \u00e9conomico-sexuel, engageant la pratique d&#8217;une activit\u00e9 sexuelle en \u00e9change d&#8217;un paiement et peut \u00eatre d\u00e9crite comme du sexe commercial. Cette pratique se pr\u00e9sente sous diverses formes \u2013 dans des lieux sp\u00e9cifiquement d\u00e9di\u00e9s \u00e0 la prostituions comme les maisons closes, dans la rue ou sous forme d\u2019escorte o\u00f9 l\u2019acte peut avoir lieu \u00e0 la r\u00e9sidence du client ou \u00e0 la chambre d\u2019h\u00f4tel.<\/p>\n<p>La prostitution est l\u2019une des branches de l&#8217;industrie du sexe, au c\u00f4t\u00e9 de la pornographie, le strip-tease et la danse \u00e9rotique. Le statut juridique de la prostitution varie d&#8217;un pays \u00e0 l&#8217;autre (parfois d&#8217;une r\u00e9gion \u00e0 l&#8217;autre dans un pays donn\u00e9), allant d&#8217;une situation permise mais non r\u00e9glement\u00e9e \u00e0 un crime impos\u00e9 ou non, ou \u00e0 une profession r\u00e9glement\u00e9e. Il est parfois consid\u00e9r\u00e9 comme &#8220;la profession la plus ancienne du monde&#8221;.<\/p>\n<p>Cependant, depuis quelques ann\u00e9es, par le d\u00e9veloppement du num\u00e9rique, les prostitu\u00e9s quittent le trottoir pour s&#8217;installer sur internet.<\/p>\n<p>&nbsp;<\/p>\n<hr \/>\n<h1 style=\"text-align: center\"><strong>\u00a0Sugar Baby et sa plateforme SeekingArrangement<\/strong><\/h1>\n<p>&nbsp;<\/p>\n<p>Pour rappeler ce qu\u2019est une \u201cSugar Baby\u201d, c\u2019est une jeune femme qui s\u2019engage dans un accord avec un homme (souvent beaucoup plus \u00e2g\u00e9), et \u00e9change son temps, sa pr\u00e9sence et son attention contre de l\u2019argent et des biens co\u00fbteux. La Sugar Baby est g\u00e9n\u00e9ralement d\u00e9finie comme \u00e9tant une \u00e9tudiante, s\u00e9duisante et ambitieuse, qui recherche un certain confort de vie (que ce soit par un finan\u00e7ant de ses \u00e9tudes, de son loyer, ou tout simplement un d\u00e9sir d\u2019une vie plus luxueuse).\u00a0On retrouve diff\u00e9rents sites comme \u201cRichMeetBeautiful\u201d, \u201cSeekingArrangement\u201d, \u201cSugarDaddyForMe\u201d, et \u201cMutualArrangements\u201d, qui sont mis en avant comme de simples sites de rencontre.<\/p>\n<p>Malgr\u00e9 le fait que ce concept de \u201crelation tarif\u00e9e\u201d soit vu comme un synonyme de prostitution aux yeux de beaucoup, ces sites restent l\u00e9gaux puisqu\u2019en principe, ils ne mettent seulement en relation des personnes avec un int\u00e9r\u00eat commun, et ce qu\u2019il se passe apr\u00e8s la rencontre ne regarde seulement les deux parties. Rien n\u2019oblige explicitement les relations sexuelles, m\u00eame si elles sont fortement sous-entendues.<\/p>\n<p>Comme on peut l\u2019imaginer, les Sugar Babies sont un sujet de d\u00e9bat soci\u00e9tale contemporain, critiqu\u00e9 pour inciter les \u00e9tudiants \u00e0 non seulement \u201cvendre\u201d leur temps, mais aussi leur corps, la premi\u00e8re \u00e9tape se faisant via une rencontre virtuelle.<\/p>\n<p>&nbsp;<\/p>\n<p><img decoding=\"async\" loading=\"lazy\" class=\"size-medium wp-image-123 alignleft\" src=\"http:\/\/mooc3.politechnicart.net\/bj4cash\/wp-content\/uploads\/sites\/22\/2018\/05\/seeking-arrangement-300x272.jpg\" alt=\"\" width=\"300\" height=\"272\" srcset=\"http:\/\/mooc3.politechnicart.net\/bj4cash\/wp-content\/uploads\/sites\/22\/2018\/05\/seeking-arrangement-300x272.jpg 300w, http:\/\/mooc3.politechnicart.net\/bj4cash\/wp-content\/uploads\/sites\/22\/2018\/05\/seeking-arrangement-768x695.jpg 768w, http:\/\/mooc3.politechnicart.net\/bj4cash\/wp-content\/uploads\/sites\/22\/2018\/05\/seeking-arrangement.jpg 970w\" sizes=\"(max-width: 300px) 100vw, 300px\" \/><\/p>\n<p>Pour notre enqu\u00eate, nous avons d\u00e9cid\u00e9 de cr\u00e9\u00e9e un profil sur le site \u201cSeekingArrangement\u201d, un site Am\u00e9ricain mis en ligne en 2006 et qui s\u2019est \u00e9tendu dans des pays comme la France, l\u2019Australie, le Canada et le Royaume Unis en 2010. C\u2019est une des plus grosses plateformes de Sugar Dating, avec plus de 10 millions d\u2019utilisateurs. Comme dit pr\u00e9c\u00e9demment, c\u2019est mis en place comme un site de rencontre, mais o\u00f9 ici les Sugar Daddies\/Mummies doivent partager leur patrimoine et leur revenu annuel, ce qui va biensure influencer le choix de la Sugar Baby. Un sorte d&#8217;arrangement commercial o\u00f9 les deux parties se mettent d\u2019accord sur le fonctionnement de leur relation.<\/p>\n<p>En ce qui concerne l\u2019adh\u00e9sion, elle est gratuite pour les Sugar Babies, et elles sont automatiquement mis en tant que membres premium si elles s\u2019inscrivent avec leur adresse universitaire.\u00a0Quant aux Sugar Daddies et Mommies, ils peuvent s\u2019inscrire gratuitement, mais seulement pour une p\u00e9riode d\u2019essai. Ils doivent par la suite payer une adh\u00e9sion premium mensuelle, ou un forfait un an Diamond.<\/p>\n<p>&nbsp;<\/p>\n<p>&nbsp;<\/p>\n<p>&nbsp;<\/p>\n<p>&nbsp;<\/p>\n","protected":false},"excerpt":{"rendered":"<p>Pr\u00e9sentation prostitution La prostitution est une forme d\u2019\u00e9change \u00e9conomico-sexuel, engageant la pratique d&#8217;une activit\u00e9 sexuelle en \u00e9change d&#8217;un paiement et &hellip; <\/p>\n<p class=\"link-more\"><a href=\"http:\/\/mooc3.politechnicart.net\/bj4cash\/module-n1\/\" class=\"more-link\">Continuer la lecture<span class=\"screen-reader-text\"> de &laquo;&nbsp;Module n\u00b01&nbsp;&raquo;<\/span><\/a><\/p>\n","protected":false},"author":23,"featured_media":0,"parent":0,"menu_order":0,"comment_status":"closed","ping_status":"closed","template":"","meta":{"footnotes":""},"_links":{"self":[{"href":"http:\/\/mooc3.politechnicart.net\/bj4cash\/wp-json\/wp\/v2\/pages\/35"}],"collection":[{"href":"http:\/\/mooc3.politechnicart.net\/bj4cash\/wp-json\/wp\/v2\/pages"}],"about":[{"href":"http:\/\/mooc3.politechnicart.net\/bj4cash\/wp-json\/wp\/v2\/types\/page"}],"author":[{"embeddable":true,"href":"http:\/\/mooc3.politechnicart.net\/bj4cash\/wp-json\/wp\/v2\/users\/23"}],"replies":[{"embeddable":true,"href":"http:\/\/mooc3.politechnicart.net\/bj4cash\/wp-json\/wp\/v2\/comments?post=35"}],"version-history":[{"count":25,"href":"http:\/\/mooc3.politechnicart.net\/bj4cash\/wp-json\/wp\/v2\/pages\/35\/revisions"}],"predecessor-version":[{"id":37,"href":"http:\/\/mooc3.politechnicart.net\/bj4cash\/wp-json\/wp\/v2\/pages\/35\/revisions\/37"}],"wp:attachment":[{"href":"http:\/\/mooc3.politechnicart.net\/bj4cash\/wp-json\/wp\/v2\/media?parent=35"}],"curies":[{"name":"wp","href":"https:\/\/api.w.org\/{rel}","templated":true}]}}