{"id":53,"date":"2018-04-01T16:41:36","date_gmt":"2018-04-01T14:41:36","guid":{"rendered":"http:\/\/mooc3.politechnicart.net\/bj4cash\/?page_id=53"},"modified":"2018-05-09T17:54:51","modified_gmt":"2018-05-09T15:54:51","slug":"module-n4","status":"publish","type":"page","link":"http:\/\/mooc3.politechnicart.net\/bj4cash\/module-n4\/","title":{"rendered":"Module n\u00b04"},"content":{"rendered":"<h1 style=\"text-align: center\"><b>\u00ab Les strat\u00e9gies de contact de SeekingArrangement \u00bb<\/b><\/h1>\n<p>&nbsp;<\/p>\n<p><span style=\"font-weight: 400\">Durant notre enqu\u00eate, nous avons pu mettre en lumi\u00e8re les strat\u00e9gies de prise de contact du site <\/span><i><span style=\"font-weight: 400\">Seeking Arrangement<\/span><\/i><span style=\"font-weight: 400\">. <\/span><\/p>\n<p><span style=\"font-weight: 400\">Tout d\u2019abord, nous avons cr\u00e9er un catalogue <\/span><i><span style=\"font-weight: 400\">\u00ab\u00a0de choix\u00a0<\/span><\/i><span style=\"font-weight: 400\">\u00bb. \u00a0<\/span><span style=\"font-weight: 400\">Apr\u00e8s avoir cr\u00e9er un faux profil d\u2019une SugarBaby sur le site, Alix \u2013 la jeune fille \u2013 a re\u00e7u 49 messages. Il faut donc qu\u2019elle choisisse parmi tous ces profils \u00ab\u00a0son\u00a0\u00bb SugarDaddy. Pour cela, dans un premier temps, nous avons donc r\u00e9alis\u00e9 un catalogue. Un num\u00e9ro est attribu\u00e9 \u00e0 chaque homme, et un screenshot de son premier message et de son profil est r\u00e9alis\u00e9. \u00a0Les num\u00e9ros vont de 1 \u00e0 49, le num\u00e9ro 1 \u00e9tant le premier SugarDaddy \u00e0 avoir envoyer un message, 49 le dernier. D\u00e8s lors, nous obtenons plusieurs profils pour compl\u00e9ter le catalogue.<\/span><\/p>\n<p><img decoding=\"async\" loading=\"lazy\" class=\"aligncenter wp-image-129\" src=\"http:\/\/mooc3.politechnicart.net\/bj4cash\/wp-content\/uploads\/sites\/22\/2018\/05\/32089444_1608623622600143_4549429754507296768_n-232x300.png\" alt=\"\" width=\"500\" height=\"647\" srcset=\"http:\/\/mooc3.politechnicart.net\/bj4cash\/wp-content\/uploads\/sites\/22\/2018\/05\/32089444_1608623622600143_4549429754507296768_n-232x300.png 232w, http:\/\/mooc3.politechnicart.net\/bj4cash\/wp-content\/uploads\/sites\/22\/2018\/05\/32089444_1608623622600143_4549429754507296768_n.png 665w\" sizes=\"(max-width: 500px) 100vw, 500px\" \/><\/p>\n<p><span style=\"font-weight: 400\">Il faut cependant trier tout ce corpus d\u2019hommes et de messages. Cela va permettre la mise en lumi\u00e8re de diff\u00e9rentes cat\u00e9gories d\u2019hommes et strat\u00e9gies de prise de contact. Dans un premier temps, il faut diviser en deux cat\u00e9gories les 49 messages re\u00e7us. Pour cela, apr\u00e8s avoir \u00e9tudier le corpus de messages, il apparait qu\u2019ils correspondent tous \u00e0 deux groupes\u00a0: celui des hommes \u00e9nigmatiques et celui des hommes entreprenants. Les statistiques font apparaitre que 62% des messages, appartiennent \u00e0 la deuxi\u00e8me cat\u00e9gorie \u2013 contre 38% pour la premi\u00e8re. <\/span><\/p>\n<p><img decoding=\"async\" loading=\"lazy\" class=\"aligncenter wp-image-136\" src=\"http:\/\/mooc3.politechnicart.net\/bj4cash\/wp-content\/uploads\/sites\/22\/2018\/05\/32190925_1608623645933474_1310217788400336896_n-300x181.png\" alt=\"\" width=\"350\" height=\"211\" srcset=\"http:\/\/mooc3.politechnicart.net\/bj4cash\/wp-content\/uploads\/sites\/22\/2018\/05\/32190925_1608623645933474_1310217788400336896_n-300x181.png 300w, http:\/\/mooc3.politechnicart.net\/bj4cash\/wp-content\/uploads\/sites\/22\/2018\/05\/32190925_1608623645933474_1310217788400336896_n.png 485w\" sizes=\"(max-width: 350px) 100vw, 350px\" \/><\/p>\n<p><span style=\"font-weight: 400\">La cat\u00e9gorie des hommes \u00e9nigmatiques rassemble les messages \u00ab\u00a0myst\u00e9rieux\u00a0\u00bb. Les hommes ne donnent pas l\u2019impression, dans leur premi\u00e8re prise de contact, d\u2019\u00eatre s\u00fbr d\u2019eux et de savoir ce qu\u2019ils recherchent ni m\u00eame ce qu\u2019ils font sur le site. \u00a0Pour cela, le message est compos\u00e9 tout au plus de quelques mots. Parmi ces hommes \u00e9nigmatiques, 68% sont \u00ab\u00a0Ind\u00e9cis\u00a0\u00bb, c\u2019est-\u00e0-dire qu\u2019ils se contentent d\u2019un simple \u00ab\u00a0bonjour\u00a0\u00bb ou \u00ab\u00a0salut\u00a0\u00bb. <\/span><\/p>\n<p style=\"text-align: center\"><img decoding=\"async\" loading=\"lazy\" class=\"size-medium wp-image-131 aligncenter\" src=\"http:\/\/mooc3.politechnicart.net\/bj4cash\/wp-content\/uploads\/sites\/22\/2018\/05\/32074019_1608623715933467_9040144127802474496_n-300x85.png\" alt=\"\" width=\"300\" height=\"85\" srcset=\"http:\/\/mooc3.politechnicart.net\/bj4cash\/wp-content\/uploads\/sites\/22\/2018\/05\/32074019_1608623715933467_9040144127802474496_n-300x85.png 300w, http:\/\/mooc3.politechnicart.net\/bj4cash\/wp-content\/uploads\/sites\/22\/2018\/05\/32074019_1608623715933467_9040144127802474496_n.png 508w\" sizes=\"(max-width: 300px) 100vw, 300px\" \/><i><span style=\"font-weight: 400\">Message d&#8217;un &#8220;\u00e9nigmatique&#8221; appartenant \u00e0 la sous-cat\u00e9gorie des ind\u00e9cis<\/span><\/i><\/p>\n<p><span style=\"font-weight: 400\">Parmi ces hommes \u00e9nigmatiques, 68% sont \u00ab\u00a0Ind\u00e9cis\u00a0\u00bb, c\u2019est-\u00e0-dire qu\u2019ils se contentent d\u2019un simple \u00ab\u00a0bonjour\u00a0\u00bb ou \u00ab\u00a0salut\u00a0\u00bb. Les 32% autres \u00e9nigmatiques sont qualifi\u00e9s de \u00ab\u00a0Romantique\u00a0\u00bb. Un \u00e9moji en forme de rose, comme un bouquet de fleur virtuel, ou un compliment \u2013 \u00ab\u00a0tu as de jolis yeux\u00a0\u00bb &#8211; semblent \u00eatre leur strat\u00e9gie de prise de contact. Mais une approche \u00ab\u00a0\u00e9nigmatique\u00a0\u00bb, qu\u2019elle soit ind\u00e9cise ou romantique, est-elle l\u2019objectif de <\/span><i><span style=\"font-weight: 400\">SeekingArrangement\u00a0<\/span><\/i><span style=\"font-weight: 400\">? Le rapport sexuel r\u00e9mun\u00e9r\u00e9 \u00e9tant le r\u00e9sultat souhait\u00e9 de cette premi\u00e8re prise de contact, il ne semble pas n\u00e9cessaire ou pas suffisant d\u2019envoyer un tel premier message. <\/span><\/p>\n<p><span style=\"font-weight: 400\">La plus important des deux premi\u00e8res cat\u00e9gories est celle des \u00ab\u00a0entreprenants\u00a0\u00bb. Il s\u2019agit des hommes qui tentent une approche plus approfondie et \u00e9crivent des messages qui vont au-del\u00e0 de quelques simples mots. Pour cela, tout comme avec la cat\u00e9gorie \u00ab\u00a0\u00e9nigmatique\u00a0\u00bb, nous trouvons deux sous-cat\u00e9gories\u00a0: \u00ab\u00a0direct\u00a0\u00bb et \u00ab\u00a0indirect\u00a0\u00bb. Parmi le corpus, nous pouvons donc distinguer deux strat\u00e9gies concr\u00e8tes. L\u2019homme qui adopte une strat\u00e9gie indirecte \u00e9vite le sujet du site avec un \u00ab\u00a0S\u00a0\u00bb majuscule\u00a0qu\u2019est la prostitution. Son message se revendique po\u00e9tique. Il est compos\u00e9 d\u2019une phrase d\u2019accroche, d\u2019un compliment et d\u2019une proposition de faire connaissance. \u00a0Cela n\u2019est m\u00eame pas toujours une proposition, certains se contentent d\u2019un espoir de faire connaissance. Cherche-t-il donc \u00e0 faire croire \u00e0 la SugarBaby qu\u2019il essaie de trouver le grand amour et veut que la rencontre se fasse correctement\u00a0? Ou se cache-t-il \u00e0 lui-m\u00eame qu\u2019il ne cherche qu\u2019une femme-objet, une jeune fille qui lui offrirais son temps et ses services\u00a0? <\/span><\/p>\n<p><img decoding=\"async\" loading=\"lazy\" class=\"aligncenter wp-image-135\" src=\"http:\/\/mooc3.politechnicart.net\/bj4cash\/wp-content\/uploads\/sites\/22\/2018\/05\/32149123_1608623725933466_1331758861865975808_n-300x76.png\" alt=\"\" width=\"325\" height=\"82\" srcset=\"http:\/\/mooc3.politechnicart.net\/bj4cash\/wp-content\/uploads\/sites\/22\/2018\/05\/32149123_1608623725933466_1331758861865975808_n-300x76.png 300w, http:\/\/mooc3.politechnicart.net\/bj4cash\/wp-content\/uploads\/sites\/22\/2018\/05\/32149123_1608623725933466_1331758861865975808_n.png 490w\" sizes=\"(max-width: 325px) 100vw, 325px\" \/><\/p>\n<p><span style=\"font-weight: 400\">Il existe \u00e9galement des hommes qui optent pour une strat\u00e9gie \u00ab\u00a0directe\u00a0\u00bb. Pour cela, les SugarDaddies peuvent mettre en place cette strat\u00e9gie de deux mani\u00e8res diff\u00e9rentes\u00a0: soit en \u00e9tant direct en abordant directe le sujet de la discussion \u2013 la prostitution \u2013 soit en \u00e9tant direct dans sa prise de contact \u2013 en ne mentionnant pas la prostitution mais en l\u2019\u00e9voquant fortement. <\/span><\/p>\n<p><span style=\"font-weight: 400\">Par exemple, voici deux messages de la cat\u00e9gorie \u00ab\u00a0directe\u00a0\u00bb. Le premier message propose directement et clairement une relation r\u00e9mun\u00e9rer\u00a0: 200\u20ac pour une heure. Il ne fait sans nul doute qu\u2019il s\u2019ag\u00eet de prostitution. Payer pour une relation sexuelle, c\u2019est de la prostitution. Le deuxi\u00e8me message est \u00e9galement direct mais sans faire mention ni d\u2019argent ni de sexe. Pourtant, sa proposition d\u2019\u00e9changer sur les attentes de chacun \u00e9voque clairement la prostitution. Les deux parties doivent trouver un \u00e9quilibre. Pour la SugarBaby il s\u2019agit de la somme d\u2019argent qu\u2019elle gagnera, pour le SugarDaddy il s\u2019agit des services qu\u2019elle lui rendra \u2013 cela va d\u2019un restaurant \u00e0 la relation sexuelle.<\/span><\/p>\n<p style=\"text-align: center\">\u00a0<img decoding=\"async\" loading=\"lazy\" class=\"wp-image-153 size-full aligncenter\" src=\"http:\/\/mooc3.politechnicart.net\/bj4cash\/wp-content\/uploads\/sites\/22\/2018\/05\/othergood.png\" alt=\"\" width=\"500\" height=\"352\" srcset=\"http:\/\/mooc3.politechnicart.net\/bj4cash\/wp-content\/uploads\/sites\/22\/2018\/05\/othergood.png 500w, http:\/\/mooc3.politechnicart.net\/bj4cash\/wp-content\/uploads\/sites\/22\/2018\/05\/othergood-300x211.png 300w\" sizes=\"(max-width: 500px) 100vw, 500px\" \/><i><span style=\"font-weight: 400\">Deux messages de la strat\u00e9gie &#8220;directe&#8221;<\/span><\/i><\/p>\n<p><span style=\"font-weight: 400\">Ainsi, apr\u00e8s avoir cat\u00e9goriser les strat\u00e9gies de contact et apr\u00e8s avoir attribuer \u00e0 chaque homme une cat\u00e9gorie \u2013 il n\u2019est pas certain que socialement ce genre de m\u00e9thode de num\u00e9rotations des hommes soient accept\u00e9es et acceptables, mais <\/span><i><span style=\"font-weight: 400\">SeekingArrangement <\/span><\/i><span style=\"font-weight: 400\">fait de cette cat\u00e9gorisation une normalit\u00e9 \u2013 nous pouvons \u00e9tablir ce sch\u00e9ma\u00a0:<\/span><\/p>\n<p><img decoding=\"async\" loading=\"lazy\" class=\"aligncenter wp-image-145 size-full\" src=\"http:\/\/mooc3.politechnicart.net\/bj4cash\/wp-content\/uploads\/sites\/22\/2018\/05\/31964130_1608723252590180_7726195765168570368_n.jpg\" alt=\"\" width=\"1004\" height=\"1366\" srcset=\"http:\/\/mooc3.politechnicart.net\/bj4cash\/wp-content\/uploads\/sites\/22\/2018\/05\/31964130_1608723252590180_7726195765168570368_n.jpg 1004w, http:\/\/mooc3.politechnicart.net\/bj4cash\/wp-content\/uploads\/sites\/22\/2018\/05\/31964130_1608723252590180_7726195765168570368_n-220x300.jpg 220w, http:\/\/mooc3.politechnicart.net\/bj4cash\/wp-content\/uploads\/sites\/22\/2018\/05\/31964130_1608723252590180_7726195765168570368_n-768x1045.jpg 768w, http:\/\/mooc3.politechnicart.net\/bj4cash\/wp-content\/uploads\/sites\/22\/2018\/05\/31964130_1608723252590180_7726195765168570368_n-753x1024.jpg 753w\" sizes=\"(max-width: 767px) 89vw, (max-width: 1000px) 54vw, (max-width: 1071px) 543px, 580px\" \/><\/p>\n<p>&nbsp;<\/p>\n<p>Alix a donc r\u00e9pondu \u00e0 deux hommes choisi par ce catalogue de choix, voici un petit aper\u00e7u de leur conversation :<\/p>\n<p><img decoding=\"async\" loading=\"lazy\" class=\"aligncenter wp-image-152 size-full\" src=\"http:\/\/mooc3.politechnicart.net\/bj4cash\/wp-content\/uploads\/sites\/22\/2018\/05\/Good.jpg\" alt=\"\" width=\"1091\" height=\"668\" srcset=\"http:\/\/mooc3.politechnicart.net\/bj4cash\/wp-content\/uploads\/sites\/22\/2018\/05\/Good.jpg 1091w, http:\/\/mooc3.politechnicart.net\/bj4cash\/wp-content\/uploads\/sites\/22\/2018\/05\/Good-300x184.jpg 300w, http:\/\/mooc3.politechnicart.net\/bj4cash\/wp-content\/uploads\/sites\/22\/2018\/05\/Good-768x470.jpg 768w, http:\/\/mooc3.politechnicart.net\/bj4cash\/wp-content\/uploads\/sites\/22\/2018\/05\/Good-1024x627.jpg 1024w\" sizes=\"(max-width: 767px) 89vw, (max-width: 1000px) 54vw, (max-width: 1071px) 543px, 580px\" \/><\/p>\n","protected":false},"excerpt":{"rendered":"<p>\u00ab Les strat\u00e9gies de contact de SeekingArrangement \u00bb &nbsp; Durant notre enqu\u00eate, nous avons pu mettre en lumi\u00e8re les strat\u00e9gies &hellip; <\/p>\n<p class=\"link-more\"><a href=\"http:\/\/mooc3.politechnicart.net\/bj4cash\/module-n4\/\" class=\"more-link\">Continuer la lecture<span class=\"screen-reader-text\"> de &laquo;&nbsp;Module n\u00b04&nbsp;&raquo;<\/span><\/a><\/p>\n","protected":false},"author":23,"featured_media":0,"parent":0,"menu_order":0,"comment_status":"closed","ping_status":"closed","template":"","meta":{"footnotes":""},"_links":{"self":[{"href":"http:\/\/mooc3.politechnicart.net\/bj4cash\/wp-json\/wp\/v2\/pages\/53"}],"collection":[{"href":"http:\/\/mooc3.politechnicart.net\/bj4cash\/wp-json\/wp\/v2\/pages"}],"about":[{"href":"http:\/\/mooc3.politechnicart.net\/bj4cash\/wp-json\/wp\/v2\/types\/page"}],"author":[{"embeddable":true,"href":"http:\/\/mooc3.politechnicart.net\/bj4cash\/wp-json\/wp\/v2\/users\/23"}],"replies":[{"embeddable":true,"href":"http:\/\/mooc3.politechnicart.net\/bj4cash\/wp-json\/wp\/v2\/comments?post=53"}],"version-history":[{"count":15,"href":"http:\/\/mooc3.politechnicart.net\/bj4cash\/wp-json\/wp\/v2\/pages\/53\/revisions"}],"predecessor-version":[{"id":156,"href":"http:\/\/mooc3.politechnicart.net\/bj4cash\/wp-json\/wp\/v2\/pages\/53\/revisions\/156"}],"wp:attachment":[{"href":"http:\/\/mooc3.politechnicart.net\/bj4cash\/wp-json\/wp\/v2\/media?parent=53"}],"curies":[{"name":"wp","href":"https:\/\/api.w.org\/{rel}","templated":true}]}}