{"id":73,"date":"2018-04-01T17:09:46","date_gmt":"2018-04-01T15:09:46","guid":{"rendered":"http:\/\/mooc3.politechnicart.net\/bj4cash\/?page_id=73"},"modified":"2018-05-09T22:43:52","modified_gmt":"2018-05-09T20:43:52","slug":"conclusion","status":"publish","type":"page","link":"http:\/\/mooc3.politechnicart.net\/bj4cash\/conclusion\/","title":{"rendered":"Conclusion"},"content":{"rendered":"<p style=\"text-align: center\">Par cette analyse, nous avons pu observer comment le num\u00e9rique met en place de nouvelles strat\u00e9gies de prise de contact.\u00a0Comme le dit Marie Bergstr\u00f6m, ce sont de nouveaux sc\u00e9narios de rencontres et de nouveaux sc\u00e9narios sexuelles. Alix a maintenant re\u00e7u pr\u00e8s d\u2019une centaines de messages, et tous ont pu \u00eatre cat\u00e9goris\u00e9s. Cependant, \u00e0 la longue tous recherchent la m\u00eame chose : la relation sexuelle. Qu\u2019ils prennent des \u00ab\u00a0pincettes\u00a0\u00bb ou qu\u2019ils abordent le sujet directement, on sait \u00e0 quoi aboutira cette premi\u00e8re prise de contact\u00a0: au sexe.<\/p>\n<p style=\"text-align: center\">Cette observation refl\u00e8te donc notre soci\u00e9t\u00e9 d\u2019aujourd\u2019hui, o\u00f9 les fronti\u00e8res entre le priv\u00e9 et le public se floutent. Nous avons pu en effet voir que l\u2019\u00e9conomie et la commercialisation prennent une place importante et ce par la mise en place des nouvelles possibilit\u00e9s que nous apporte le num\u00e9rique et l&#8217;internet. En effet, ces plateformes disruptives changent les r\u00e8gles du jeu et ce dans tous les domaines\u00a0: transports, immobilier, vente, service et donc tout naturellement la prostitution. N\u00e9anmoins, un d\u00e9bat tourne autour de la l\u00e9galit\u00e9 de ses plateformes et tout particuli\u00e8rement en France o\u00f9 la prostitution est interdite et donc non contr\u00f4l\u00e9, non l\u00e9gif\u00e9r\u00e9.<\/p>\n<p><iframe loading=\"lazy\" width=\"525\" height=\"295\" src=\"https:\/\/www.youtube.com\/embed\/BLALQf-s_1M?feature=oembed\" frameborder=\"0\" allow=\"autoplay; encrypted-media\" allowfullscreen><\/iframe><\/p>\n","protected":false},"excerpt":{"rendered":"<p>Par cette analyse, nous avons pu observer comment le num\u00e9rique met en place de nouvelles strat\u00e9gies de prise de contact.\u00a0Comme &hellip; <\/p>\n<p class=\"link-more\"><a href=\"http:\/\/mooc3.politechnicart.net\/bj4cash\/conclusion\/\" class=\"more-link\">Continuer la lecture<span class=\"screen-reader-text\"> de &laquo;&nbsp;Conclusion&nbsp;&raquo;<\/span><\/a><\/p>\n","protected":false},"author":23,"featured_media":0,"parent":0,"menu_order":0,"comment_status":"closed","ping_status":"closed","template":"","meta":{"footnotes":""},"_links":{"self":[{"href":"http:\/\/mooc3.politechnicart.net\/bj4cash\/wp-json\/wp\/v2\/pages\/73"}],"collection":[{"href":"http:\/\/mooc3.politechnicart.net\/bj4cash\/wp-json\/wp\/v2\/pages"}],"about":[{"href":"http:\/\/mooc3.politechnicart.net\/bj4cash\/wp-json\/wp\/v2\/types\/page"}],"author":[{"embeddable":true,"href":"http:\/\/mooc3.politechnicart.net\/bj4cash\/wp-json\/wp\/v2\/users\/23"}],"replies":[{"embeddable":true,"href":"http:\/\/mooc3.politechnicart.net\/bj4cash\/wp-json\/wp\/v2\/comments?post=73"}],"version-history":[{"count":8,"href":"http:\/\/mooc3.politechnicart.net\/bj4cash\/wp-json\/wp\/v2\/pages\/73\/revisions"}],"predecessor-version":[{"id":161,"href":"http:\/\/mooc3.politechnicart.net\/bj4cash\/wp-json\/wp\/v2\/pages\/73\/revisions\/161"}],"wp:attachment":[{"href":"http:\/\/mooc3.politechnicart.net\/bj4cash\/wp-json\/wp\/v2\/media?parent=73"}],"curies":[{"name":"wp","href":"https:\/\/api.w.org\/{rel}","templated":true}]}}