{"id":2,"date":"2018-01-31T10:49:48","date_gmt":"2018-01-31T09:49:48","guid":{"rendered":"http:\/\/mooc3.politechnicart.net\/cooplatform\/?page_id=2"},"modified":"2018-05-09T12:08:38","modified_gmt":"2018-05-09T10:08:38","slug":"page-d-exemple","status":"publish","type":"page","link":"http:\/\/mooc3.politechnicart.net\/cooplatform\/","title":{"rendered":"Bienvenue sur ce MOOC !"},"content":{"rendered":"<p>Bienvenue \u00e0 tous &amp; \u00e0 toutes sur ce MOOC ! Ici, notre objectif sera de nous approprier les mod\u00e8les techniques de transmissions de savoirs que repr\u00e9sentent les MOOC, dans toute la libert\u00e9 qu&#8217;ils proposent, et de vous initier donc, au concept de coop\u00e9rativisme de plateforme !<\/p>\n<p>Le MOOC est constitu\u00e9 de quatre parties distinctes, puis d&#8217;un quizz final, que vous retrouverez dans le menu du haut ; en esp\u00e9rant que cela vous int\u00e9resse !<\/p>\n","protected":false},"excerpt":{"rendered":"<p>Bienvenue \u00e0 tous &amp; \u00e0 toutes sur ce MOOC ! Ici, notre objectif sera de nous approprier les mod\u00e8les techniques &hellip; <\/p>\n<p class=\"link-more\"><a href=\"http:\/\/mooc3.politechnicart.net\/cooplatform\/\" class=\"more-link\">Continuer la lecture<span class=\"screen-reader-text\"> de &laquo;&nbsp;Bienvenue sur ce MOOC !&nbsp;&raquo;<\/span><\/a><\/p>\n","protected":false},"author":16,"featured_media":0,"parent":0,"menu_order":0,"comment_status":"closed","ping_status":"open","template":"","meta":{"footnotes":""},"_links":{"self":[{"href":"http:\/\/mooc3.politechnicart.net\/cooplatform\/wp-json\/wp\/v2\/pages\/2"}],"collection":[{"href":"http:\/\/mooc3.politechnicart.net\/cooplatform\/wp-json\/wp\/v2\/pages"}],"about":[{"href":"http:\/\/mooc3.politechnicart.net\/cooplatform\/wp-json\/wp\/v2\/types\/page"}],"author":[{"embeddable":true,"href":"http:\/\/mooc3.politechnicart.net\/cooplatform\/wp-json\/wp\/v2\/users\/16"}],"replies":[{"embeddable":true,"href":"http:\/\/mooc3.politechnicart.net\/cooplatform\/wp-json\/wp\/v2\/comments?post=2"}],"version-history":[{"count":1,"href":"http:\/\/mooc3.politechnicart.net\/cooplatform\/wp-json\/wp\/v2\/pages\/2\/revisions"}],"predecessor-version":[{"id":51,"href":"http:\/\/mooc3.politechnicart.net\/cooplatform\/wp-json\/wp\/v2\/pages\/2\/revisions\/51"}],"wp:attachment":[{"href":"http:\/\/mooc3.politechnicart.net\/cooplatform\/wp-json\/wp\/v2\/media?parent=2"}],"curies":[{"name":"wp","href":"https:\/\/api.w.org\/{rel}","templated":true}]}}