{"id":2,"date":"2018-03-07T10:09:21","date_gmt":"2018-03-07T09:09:21","guid":{"rendered":"http:\/\/mooc3.politechnicart.net\/desoppressions\/?page_id=2"},"modified":"2018-05-09T17:34:37","modified_gmt":"2018-05-09T15:34:37","slug":"page-d-exemple","status":"publish","type":"page","link":"http:\/\/mooc3.politechnicart.net\/desoppressions\/","title":{"rendered":"Introduction"},"content":{"rendered":"<p style=\"text-align: center\"><strong>Salut les internautes ! Bienvenue sur le MOOC explicatif des Redresseurs de torts digitaux, un cours en ligne qui a pour but de vous faire d\u00e9couvrir le r\u00e9cent ph\u00e9nom\u00e8ne des antim\u00e8mes. C&#8217;est dans le cadre du cours\u00a0\u00ab\u00a0Technologies num\u00e9riques et productions culturelles\u00a0\u00bb assur\u00e9 par Laurence Allard (Universit\u00e9 Lille III Charles-de-Gaulle), que je vous propose <\/strong><strong>une analyse de ce que r\u00e9v\u00e8le cette nouvelle forme de d\u00e9tournement num\u00e9rique sur la jeune g\u00e9n\u00e9ration<\/strong><\/p>\n<h3><img decoding=\"async\" loading=\"lazy\" class=\"size-medium wp-image-12 aligncenter\" src=\"http:\/\/mooc3.politechnicart.net\/desoppressions\/wp-content\/uploads\/sites\/37\/2018\/03\/29473007_936386746530480_7290262185261924352_n-300x209.jpg\" alt=\"\" width=\"300\" height=\"209\" srcset=\"http:\/\/mooc3.politechnicart.net\/desoppressions\/wp-content\/uploads\/sites\/37\/2018\/03\/29473007_936386746530480_7290262185261924352_n-300x209.jpg 300w, http:\/\/mooc3.politechnicart.net\/desoppressions\/wp-content\/uploads\/sites\/37\/2018\/03\/29473007_936386746530480_7290262185261924352_n.jpg 510w\" sizes=\"(max-width: 300px) 100vw, 300px\" \/><\/h3>\n<h3><\/h3>\n<h3>On fait le point&#8230;<\/h3>\n<p>A l&#8217;heure d&#8217;une soci\u00e9t\u00e9 plus violente que jamais, les r\u00e9seaux sociaux du web 2.0 se sont vus envahir depuis une dizaine d&#8217;ann\u00e9es par une abondance croissante et incessante de pages humoristiques et absurdes.<\/p>\n<p>A coups de d\u00e9tournements picturaux num\u00e9riques et de r\u00e9agencements textuels, chaque internaute peut se r\u00e9approprier les r\u00e9f\u00e9rences culturelles et images de la vie quotidienne pour les partager et en faire ce que l&#8217;on appelle des m\u00e8mes.<br \/>\nExacerbant les aspects ingrats de la soci\u00e9t\u00e9 actuelle, ils constituent un humour \u00e0 la fois cynique et consensuel.<\/p>\n<p>Ce n&#8217;est que depuis peu que l&#8217;antimeme a d\u00e9cid\u00e9 de prendre le contre-pied de cette profusion num\u00e9rique virulente. Si les m\u00e8mes pr\u00f4nent l&#8217;humour et le partage, on retrouve dans l&#8217;expression de ses communaut\u00e9s beaucoup agressivit\u00e9 et de d\u00e9valorisation.<br \/>\nLa cr\u00e9ation d&#8217;un groupe tel que Neurchi d&#8217;antimemes tente alors aujourd&#8217;hui d&#8217;offrir \u00e0 ses adh\u00e9rents une d\u00e9construction rafra\u00eechissante et \u00ab\u00a0non-oppressive\u00a0\u00bb du m\u00e8me.<\/p>\n<p>&nbsp;<\/p>\n<p style=\"text-align: center\">C&#8217;est donc en \u00e9tudiant le groupe Facebook Neurchi d&#8217;antimemes que je vais vous initier \u00e0 la compr\u00e9hension puis \u00e0 la pratique de l&#8217;antimeme ! Eh oui, un petit atelier vous attend \u00e0 la fin de la formation : \u00e0 vous de prouver que vous pouvez \u00eatre un digne membre de la communaut\u00e9 ferm\u00e9e Neurchi, un\u00a0<em>antimeme lord<\/em> ! Bonne lecture et on se retrouve en fin de formation\u00a0\ud83d\ude09<\/p>\n","protected":false},"excerpt":{"rendered":"<div class=\"mh-excerpt\"><p>Salut les internautes ! Bienvenue sur le MOOC explicatif des Redresseurs de torts digitaux, un cours en ligne qui a pour but de vous faire <a class=\"mh-excerpt-more\" href=\"http:\/\/mooc3.politechnicart.net\/desoppressions\/\" title=\"Introduction\">[&#8230;]<\/a><\/p>\n<\/div>","protected":false},"author":37,"featured_media":12,"parent":0,"menu_order":0,"comment_status":"closed","ping_status":"open","template":"","meta":{"footnotes":""},"_links":{"self":[{"href":"http:\/\/mooc3.politechnicart.net\/desoppressions\/wp-json\/wp\/v2\/pages\/2"}],"collection":[{"href":"http:\/\/mooc3.politechnicart.net\/desoppressions\/wp-json\/wp\/v2\/pages"}],"about":[{"href":"http:\/\/mooc3.politechnicart.net\/desoppressions\/wp-json\/wp\/v2\/types\/page"}],"author":[{"embeddable":true,"href":"http:\/\/mooc3.politechnicart.net\/desoppressions\/wp-json\/wp\/v2\/users\/37"}],"replies":[{"embeddable":true,"href":"http:\/\/mooc3.politechnicart.net\/desoppressions\/wp-json\/wp\/v2\/comments?post=2"}],"version-history":[{"count":5,"href":"http:\/\/mooc3.politechnicart.net\/desoppressions\/wp-json\/wp\/v2\/pages\/2\/revisions"}],"predecessor-version":[{"id":64,"href":"http:\/\/mooc3.politechnicart.net\/desoppressions\/wp-json\/wp\/v2\/pages\/2\/revisions\/64"}],"wp:featuredmedia":[{"embeddable":true,"href":"http:\/\/mooc3.politechnicart.net\/desoppressions\/wp-json\/wp\/v2\/media\/12"}],"wp:attachment":[{"href":"http:\/\/mooc3.politechnicart.net\/desoppressions\/wp-json\/wp\/v2\/media?parent=2"}],"curies":[{"name":"wp","href":"https:\/\/api.w.org\/{rel}","templated":true}]}}