{"id":52,"date":"2018-05-09T16:33:57","date_gmt":"2018-05-09T14:33:57","guid":{"rendered":"http:\/\/mooc3.politechnicart.net\/desoppressions\/?page_id=52"},"modified":"2018-05-09T19:38:22","modified_gmt":"2018-05-09T17:38:22","slug":"le-sombre-internet","status":"publish","type":"page","link":"http:\/\/mooc3.politechnicart.net\/desoppressions\/le-sombre-internet\/","title":{"rendered":"Le sombre internet"},"content":{"rendered":"<h3>Un humour anti-stigmatisation ?<\/h3>\n<p>Contrairement au meme basique qui a tendance \u00e0 d\u00e9tourner les images pour en faire des caricatures cyniques du quotidien, l&#8217;antimeme valorise dans sa pratique la profusion de messages positifs ou \u00ab\u00a0non-oppressifs\u00a0\u00bb, aux antipodes des memes parfois clich\u00e9s ou tr\u00e8s trash. En effet il n&#8217;y a ici pas de place pour l&#8217;humour noir ou les blagues sexistes dont les chutes pr\u00e9visibles sont remplac\u00e9es par du premier degr\u00e9.<\/p>\n<p><img decoding=\"async\" loading=\"lazy\" class=\" wp-image-78 alignleft\" src=\"http:\/\/mooc3.politechnicart.net\/desoppressions\/wp-content\/uploads\/sites\/37\/2018\/05\/32090033_10155779373259585_6473726474942676992_n-1-268x300.jpg\" alt=\"\" width=\"226\" height=\"253\" srcset=\"http:\/\/mooc3.politechnicart.net\/desoppressions\/wp-content\/uploads\/sites\/37\/2018\/05\/32090033_10155779373259585_6473726474942676992_n-1-268x300.jpg 268w, http:\/\/mooc3.politechnicart.net\/desoppressions\/wp-content\/uploads\/sites\/37\/2018\/05\/32090033_10155779373259585_6473726474942676992_n-1.jpg 446w\" sizes=\"(max-width: 226px) 100vw, 226px\" \/><br \/>\n<img decoding=\"async\" loading=\"lazy\" class=\"alignnone wp-image-79\" src=\"http:\/\/mooc3.politechnicart.net\/desoppressions\/wp-content\/uploads\/sites\/37\/2018\/05\/32116318_1939885086021565_8325271461610651648_n-300x294.jpg\" alt=\"\" width=\"234\" height=\"229\" srcset=\"http:\/\/mooc3.politechnicart.net\/desoppressions\/wp-content\/uploads\/sites\/37\/2018\/05\/32116318_1939885086021565_8325271461610651648_n-300x294.jpg 300w, http:\/\/mooc3.politechnicart.net\/desoppressions\/wp-content\/uploads\/sites\/37\/2018\/05\/32116318_1939885086021565_8325271461610651648_n.jpg 720w\" sizes=\"(max-width: 234px) 100vw, 234px\" \/><img decoding=\"async\" loading=\"lazy\" class=\" wp-image-91 alignleft\" src=\"http:\/\/mooc3.politechnicart.net\/desoppressions\/wp-content\/uploads\/sites\/37\/2018\/05\/31939863_10214771036325154_4826084631155572736_n-300x257.jpg\" alt=\"\" width=\"252\" height=\"216\" srcset=\"http:\/\/mooc3.politechnicart.net\/desoppressions\/wp-content\/uploads\/sites\/37\/2018\/05\/31939863_10214771036325154_4826084631155572736_n-300x257.jpg 300w, http:\/\/mooc3.politechnicart.net\/desoppressions\/wp-content\/uploads\/sites\/37\/2018\/05\/31939863_10214771036325154_4826084631155572736_n.jpg 460w\" sizes=\"(max-width: 252px) 100vw, 252px\" \/><img decoding=\"async\" loading=\"lazy\" class=\" wp-image-92 alignright\" src=\"http:\/\/mooc3.politechnicart.net\/desoppressions\/wp-content\/uploads\/sites\/37\/2018\/05\/32079704_961967490639072_8800887996711698432_n-191x300.jpg\" alt=\"\" width=\"171\" height=\"269\" srcset=\"http:\/\/mooc3.politechnicart.net\/desoppressions\/wp-content\/uploads\/sites\/37\/2018\/05\/32079704_961967490639072_8800887996711698432_n-191x300.jpg 191w, http:\/\/mooc3.politechnicart.net\/desoppressions\/wp-content\/uploads\/sites\/37\/2018\/05\/32079704_961967490639072_8800887996711698432_n.jpg 287w\" sizes=\"(max-width: 171px) 100vw, 171px\" \/><\/p>\n<p>&nbsp;<\/p>\n<h3><strong>Ou une parodie de la bien pensance ?<\/strong><\/h3>\n<p>Le double d\u00e9tournement permet donc d&#8217;exprimer un besoin de douceur dans le monde d&#8217;internet o\u00f9 la surinformation des m\u00e9dias, l&#8217;hypocrisie des r\u00e9seaux sociaux et la violence des communaut\u00e9s ne cessent d&#8217;agresser les internautes. Mais on peut aussi que ce type de meme est en r\u00e9ponse \u00e0 la fameuse expression \u00ab <em>I&#8217;m offended<\/em>\u00a0\u00bb qui \u00e9tait utilis\u00e9e de fa\u00e7on abusive face aux images limites.<br \/>\nL&#8217;antimeme propose alors un contenu \u00e0 la fois capable de faire rire gr\u00e2ce \u00e0 une grille de r\u00e9f\u00e9rences et qui ne se base pas sur le rabaissement de soi ou des autres.<\/p>\n<p><img decoding=\"async\" loading=\"lazy\" class=\"size-medium wp-image-93 aligncenter\" src=\"http:\/\/mooc3.politechnicart.net\/desoppressions\/wp-content\/uploads\/sites\/37\/2018\/05\/gui-254x300.png\" alt=\"\" width=\"254\" height=\"300\" srcset=\"http:\/\/mooc3.politechnicart.net\/desoppressions\/wp-content\/uploads\/sites\/37\/2018\/05\/gui-254x300.png 254w, http:\/\/mooc3.politechnicart.net\/desoppressions\/wp-content\/uploads\/sites\/37\/2018\/05\/gui-768x907.png 768w, http:\/\/mooc3.politechnicart.net\/desoppressions\/wp-content\/uploads\/sites\/37\/2018\/05\/gui.png 813w\" sizes=\"(max-width: 254px) 100vw, 254px\" \/><\/p>\n","protected":false},"excerpt":{"rendered":"<div class=\"mh-excerpt\"><p>Un humour anti-stigmatisation ? Contrairement au meme basique qui a tendance \u00e0 d\u00e9tourner les images pour en faire des caricatures cyniques du quotidien, l&#8217;antimeme valorise <a class=\"mh-excerpt-more\" href=\"http:\/\/mooc3.politechnicart.net\/desoppressions\/le-sombre-internet\/\" title=\"Le sombre internet\">[&#8230;]<\/a><\/p>\n<\/div>","protected":false},"author":37,"featured_media":0,"parent":0,"menu_order":3,"comment_status":"closed","ping_status":"closed","template":"template-full.php","meta":{"footnotes":""},"_links":{"self":[{"href":"http:\/\/mooc3.politechnicart.net\/desoppressions\/wp-json\/wp\/v2\/pages\/52"}],"collection":[{"href":"http:\/\/mooc3.politechnicart.net\/desoppressions\/wp-json\/wp\/v2\/pages"}],"about":[{"href":"http:\/\/mooc3.politechnicart.net\/desoppressions\/wp-json\/wp\/v2\/types\/page"}],"author":[{"embeddable":true,"href":"http:\/\/mooc3.politechnicart.net\/desoppressions\/wp-json\/wp\/v2\/users\/37"}],"replies":[{"embeddable":true,"href":"http:\/\/mooc3.politechnicart.net\/desoppressions\/wp-json\/wp\/v2\/comments?post=52"}],"version-history":[{"count":4,"href":"http:\/\/mooc3.politechnicart.net\/desoppressions\/wp-json\/wp\/v2\/pages\/52\/revisions"}],"predecessor-version":[{"id":94,"href":"http:\/\/mooc3.politechnicart.net\/desoppressions\/wp-json\/wp\/v2\/pages\/52\/revisions\/94"}],"wp:attachment":[{"href":"http:\/\/mooc3.politechnicart.net\/desoppressions\/wp-json\/wp\/v2\/media?parent=52"}],"curies":[{"name":"wp","href":"https:\/\/api.w.org\/{rel}","templated":true}]}}