{"id":55,"date":"2018-05-09T16:37:32","date_gmt":"2018-05-09T14:37:32","guid":{"rendered":"http:\/\/mooc3.politechnicart.net\/desoppressions\/?page_id=55"},"modified":"2018-05-09T19:12:35","modified_gmt":"2018-05-09T17:12:35","slug":"une-communaute-libre-doppressions","status":"publish","type":"page","link":"http:\/\/mooc3.politechnicart.net\/desoppressions\/une-communaute-libre-doppressions\/","title":{"rendered":"Une communaut\u00e9 libre d&#8217;oppressions"},"content":{"rendered":"<h3><img decoding=\"async\" loading=\"lazy\" class=\"wp-image-82 aligncenter\" style=\"font-size: 16px\" src=\"http:\/\/mooc3.politechnicart.net\/desoppressions\/wp-content\/uploads\/sites\/37\/2018\/05\/ok-300x222.png\" alt=\"\" width=\"239\" height=\"177\" srcset=\"http:\/\/mooc3.politechnicart.net\/desoppressions\/wp-content\/uploads\/sites\/37\/2018\/05\/ok-300x222.png 300w, http:\/\/mooc3.politechnicart.net\/desoppressions\/wp-content\/uploads\/sites\/37\/2018\/05\/ok-768x570.png 768w, http:\/\/mooc3.politechnicart.net\/desoppressions\/wp-content\/uploads\/sites\/37\/2018\/05\/ok-80x60.png 80w, http:\/\/mooc3.politechnicart.net\/desoppressions\/wp-content\/uploads\/sites\/37\/2018\/05\/ok.png 956w\" sizes=\"(max-width: 239px) 100vw, 239px\" \/><\/h3>\n<h3>Des \u00e9change<span style=\"font-size: 16px\">s \u00e0 l&#8217;oppos\u00e9 des haters, troll et autres rageux<\/span><\/h3>\n<p>Paradoxalement cr\u00e9\u00e9 par les m\u00eames mod\u00e9rateurs que le groupe Neurchi de Memes, Neurchi d&#8217;antimeme pr\u00e9sente les volont\u00e9s de douceur d\u00e9crites pr\u00e9c\u00e9demment. Cette petite communaut\u00e9 \u00ab\u00a0ferm\u00e9e\u00a0\u00bb d&#8217;aujourd&#8217;hui plus de 20 000 membres permet \u00e0 ses adh\u00e9rents d&#8217;\u00e9changer facilement entre eux. On les voit souvent dans les commentaires se f\u00e9liciter d&#8217;un antimeme r\u00e9ussi ou se remercier pour sa &#8220;non-oppressivit\u00e9&#8221;. Aussi ils s&#8217;excusent lorsqu&#8217;ils pensent avoir une remarque n\u00e9gative \u00e0 faire \u00e0 l&#8217;auteur de la publication.<\/p>\n<p><img decoding=\"async\" loading=\"lazy\" class=\"alignnone size-full wp-image-81\" src=\"http:\/\/mooc3.politechnicart.net\/desoppressions\/wp-content\/uploads\/sites\/37\/2018\/05\/non.png\" alt=\"\" width=\"293\" height=\"113\" \/> \u00a0<img decoding=\"async\" loading=\"lazy\" class=\"alignnone size-medium wp-image-83\" src=\"http:\/\/mooc3.politechnicart.net\/desoppressions\/wp-content\/uploads\/sites\/37\/2018\/05\/oui-300x117.png\" alt=\"\" width=\"300\" height=\"117\" srcset=\"http:\/\/mooc3.politechnicart.net\/desoppressions\/wp-content\/uploads\/sites\/37\/2018\/05\/oui-300x117.png 300w, http:\/\/mooc3.politechnicart.net\/desoppressions\/wp-content\/uploads\/sites\/37\/2018\/05\/oui.png 301w\" sizes=\"(max-width: 300px) 100vw, 300px\" \/><img decoding=\"async\" loading=\"lazy\" class=\"wp-image-84 alignnone\" src=\"http:\/\/mooc3.politechnicart.net\/desoppressions\/wp-content\/uploads\/sites\/37\/2018\/05\/Capture.png\" alt=\"\" width=\"247\" height=\"117\" \/><\/p>\n<h3>Les modalit\u00e9s d&#8217;une bonne entente<\/h3>\n<p>La communaut\u00e9 de Neurchi d&#8217;antimeme est donc unie par une nouvelle forme d&#8217;appr\u00e9ciation des memes, bas\u00e9e sur une bonne connaissance de ceux-ci. Mais lorsqu&#8217;il s&#8217;agit de comprendre la notion d&#8217;antimeme cela devient plus compliqu\u00e9\u00a0; on rep\u00e8re des novices en la mati\u00e8re qui demandent r\u00e9guli\u00e8rement ce qu&#8217;est un \u00ab\u00a0bon antimeme\u00a0\u00bb. Des r\u00e8gles sont donc \u00e9tablies pour faire en sorte que chacun agisse conform\u00e9ment aux valeurs du groupe et qu&#8217;il puissent communiquer et se comprendre. L&#8217;intertextualit\u00e9 s&#8217;effectue ici par une premi\u00e8re connaissance de memes puis par l&#8217;apprentissage d&#8217;une notion complexe et variable selon les avis.<\/p>\n<p>L&#8217;antimeme propose ainsi \u00e0 la g\u00e9n\u00e9ration internet une nouvelle fa\u00e7on de rire tout en oubliant le cynisme de la soci\u00e9t\u00e9 actuelle. Elle r\u00e9pond \u00e0 l&#8217;oppression pouss\u00e9e par une surconsommation d&#8217;images et de jugements via les r\u00e9seaux sociaux gr\u00e2ce \u00e0 la restitution du premier degr\u00e9 et une valorisation de la tol\u00e9rance. Cette pratique si l&#8217;on peut dire abusive de la bienveillance accentue avec sarcasme le ressenti de la jeunesse face aux mauvais c\u00f4t\u00e9s des memes et des r\u00e9seaux sociaux.<\/p>\n<p>&nbsp;<\/p>\n<p><img decoding=\"async\" loading=\"lazy\" class=\"size-medium wp-image-70 aligncenter\" src=\"http:\/\/mooc3.politechnicart.net\/desoppressions\/wp-content\/uploads\/sites\/37\/2018\/05\/31681015_1963460953695255_2991417242463240192_n-169x300.jpg\" alt=\"\" width=\"169\" height=\"300\" srcset=\"http:\/\/mooc3.politechnicart.net\/desoppressions\/wp-content\/uploads\/sites\/37\/2018\/05\/31681015_1963460953695255_2991417242463240192_n-169x300.jpg 169w, http:\/\/mooc3.politechnicart.net\/desoppressions\/wp-content\/uploads\/sites\/37\/2018\/05\/31681015_1963460953695255_2991417242463240192_n.jpg 540w\" sizes=\"(max-width: 169px) 100vw, 169px\" \/><\/p>\n","protected":false},"excerpt":{"rendered":"<div class=\"mh-excerpt\"><p>Des \u00e9changes \u00e0 l&#8217;oppos\u00e9 des haters, troll et autres rageux Paradoxalement cr\u00e9\u00e9 par les m\u00eames mod\u00e9rateurs que le groupe Neurchi de Memes, Neurchi d&#8217;antimeme pr\u00e9sente <a class=\"mh-excerpt-more\" href=\"http:\/\/mooc3.politechnicart.net\/desoppressions\/une-communaute-libre-doppressions\/\" title=\"Une communaut\u00e9 libre d&#8217;oppressions\">[&#8230;]<\/a><\/p>\n<\/div>","protected":false},"author":37,"featured_media":0,"parent":0,"menu_order":4,"comment_status":"closed","ping_status":"closed","template":"template-full.php","meta":{"footnotes":""},"_links":{"self":[{"href":"http:\/\/mooc3.politechnicart.net\/desoppressions\/wp-json\/wp\/v2\/pages\/55"}],"collection":[{"href":"http:\/\/mooc3.politechnicart.net\/desoppressions\/wp-json\/wp\/v2\/pages"}],"about":[{"href":"http:\/\/mooc3.politechnicart.net\/desoppressions\/wp-json\/wp\/v2\/types\/page"}],"author":[{"embeddable":true,"href":"http:\/\/mooc3.politechnicart.net\/desoppressions\/wp-json\/wp\/v2\/users\/37"}],"replies":[{"embeddable":true,"href":"http:\/\/mooc3.politechnicart.net\/desoppressions\/wp-json\/wp\/v2\/comments?post=55"}],"version-history":[{"count":4,"href":"http:\/\/mooc3.politechnicart.net\/desoppressions\/wp-json\/wp\/v2\/pages\/55\/revisions"}],"predecessor-version":[{"id":85,"href":"http:\/\/mooc3.politechnicart.net\/desoppressions\/wp-json\/wp\/v2\/pages\/55\/revisions\/85"}],"wp:attachment":[{"href":"http:\/\/mooc3.politechnicart.net\/desoppressions\/wp-json\/wp\/v2\/media?parent=55"}],"curies":[{"name":"wp","href":"https:\/\/api.w.org\/{rel}","templated":true}]}}