{"id":4,"date":"2018-02-03T15:56:01","date_gmt":"2018-02-03T14:56:01","guid":{"rendered":"http:\/\/mooc3.politechnicart.net\/estoriens\/lp-checkout\/"},"modified":"2018-05-09T20:52:07","modified_gmt":"2018-05-09T18:52:07","slug":"lp-checkout","status":"publish","type":"page","link":"http:\/\/mooc3.politechnicart.net\/estoriens\/lp-checkout\/","title":{"rendered":"Module 2"},"content":{"rendered":"<p>Nous vous proposons d&#8217;aller voir nos deux amis, en pleine discussion \u00e0 propos de Snapchat :<\/p>\n<p><iframe loading=\"lazy\" width=\"500\" height=\"375\" src=\"https:\/\/www.youtube.com\/embed\/oD3rCGFrB_g?feature=oembed\" frameborder=\"0\" allow=\"autoplay; encrypted-media\" allowfullscreen><\/iframe><\/p>\n<p>Pour compl\u00e9ter la vid\u00e9o&#8230;<\/p>\n<p>Sp\u00e9cificit\u00e9s du site Web du Monde :<\/p>\n<ul>\n<li>Hi\u00e9rarchisation classique de l&#8217;information avec un accent mis sur l&#8217;international constitutif de l&#8217;identit\u00e9 \u00e9ditoriale du Monde : international, politique, soci\u00e9t\u00e9, \u00e9conomie.<\/li>\n<li>Tradition intellectuelle fran\u00e7aise entretenue par la place pr\u00e9pond\u00e9rante laiss\u00e9e aux rubriques &#8220;culture&#8221; et &#8220;id\u00e9es&#8221;, plac\u00e9es juste apr\u00e8s les th\u00e9matiques dites &#8220;s\u00e9rieuses&#8221; sus-mentionn\u00e9es et juste avant les rubriques &#8220;sciences&#8221; et &#8220;sport&#8221;.<\/li>\n<li>4 sous-rubriques sp\u00e9cifiques au monde.fr : Grands Formats, Les D\u00e9codeurs, Vid\u00e9os, Donn\u00e9es du Monde.<\/li>\n<li>Parti-pris journalistique r\u00e9solument pro-europ\u00e9en, \u00e0 l&#8217;image de la ligne \u00e9ditoriale du journal (ex : mise en avant de la crise en Catalogne sur l&#8217;\u00e9dition en ligne du 5 janvier 2018).<\/li>\n<\/ul>\n<p>Pour le journal papier :<\/p>\n<ul>\n<li>Chemin de fer constant chaque jour, rubrique par rubrique.<\/li>\n<li>Versions semaine et week-end diff\u00e9renci\u00e9es.<\/li>\n<li>Hi\u00e9rarchie claire, infos par ordre d&#8217;importance.<\/li>\n<li>&#8220;Une&#8221; tr\u00e8s &#8220;charg\u00e9e&#8221;.<\/li>\n<li>Articles longs et fouill\u00e9s, enqu\u00eates.<\/li>\n<li>Style classique et aust\u00e8re.<\/li>\n<li>Accent est mis sur actu internationale, relation France-Europe et l&#8217;\u00e9conomie.<\/li>\n<\/ul>\n","protected":false},"excerpt":{"rendered":"<div class=\"mh-excerpt\"><p>Nous vous proposons d&#8217;aller voir nos deux amis, en pleine discussion \u00e0 propos de Snapchat : Pour compl\u00e9ter la vid\u00e9o&#8230; Sp\u00e9cificit\u00e9s du site Web du <a class=\"mh-excerpt-more\" href=\"http:\/\/mooc3.politechnicart.net\/estoriens\/lp-checkout\/\" title=\"Module 2\">[&#8230;]<\/a><\/p>\n<\/div>","protected":false},"author":26,"featured_media":0,"parent":0,"menu_order":0,"comment_status":"closed","ping_status":"closed","template":"","meta":{"footnotes":""},"_links":{"self":[{"href":"http:\/\/mooc3.politechnicart.net\/estoriens\/wp-json\/wp\/v2\/pages\/4"}],"collection":[{"href":"http:\/\/mooc3.politechnicart.net\/estoriens\/wp-json\/wp\/v2\/pages"}],"about":[{"href":"http:\/\/mooc3.politechnicart.net\/estoriens\/wp-json\/wp\/v2\/types\/page"}],"author":[{"embeddable":true,"href":"http:\/\/mooc3.politechnicart.net\/estoriens\/wp-json\/wp\/v2\/users\/26"}],"replies":[{"embeddable":true,"href":"http:\/\/mooc3.politechnicart.net\/estoriens\/wp-json\/wp\/v2\/comments?post=4"}],"version-history":[{"count":6,"href":"http:\/\/mooc3.politechnicart.net\/estoriens\/wp-json\/wp\/v2\/pages\/4\/revisions"}],"predecessor-version":[{"id":94,"href":"http:\/\/mooc3.politechnicart.net\/estoriens\/wp-json\/wp\/v2\/pages\/4\/revisions\/94"}],"wp:attachment":[{"href":"http:\/\/mooc3.politechnicart.net\/estoriens\/wp-json\/wp\/v2\/media?parent=4"}],"curies":[{"name":"wp","href":"https:\/\/api.w.org\/{rel}","templated":true}]}}