{"id":6,"date":"2018-02-03T15:56:01","date_gmt":"2018-02-03T14:56:01","guid":{"rendered":"http:\/\/mooc3.politechnicart.net\/estoriens\/lp-profile\/"},"modified":"2018-05-17T12:40:00","modified_gmt":"2018-05-17T10:40:00","slug":"lp-profile","status":"publish","type":"page","link":"http:\/\/mooc3.politechnicart.net\/estoriens\/lp-profile\/","title":{"rendered":"Module 3"},"content":{"rendered":"<h2><\/h2>\n<h2><\/h2>\n<h2 style=\"text-align: center;\"><strong>Enqu\u00eate aupr\u00e8s des 17\/21 ans : les digital natives et l&#8217;info-divertissement sur Snapchat<\/strong><\/h2>\n<p>&nbsp;<\/p>\n<p>&nbsp;<\/p>\n<p>&nbsp;<\/p>\n<p style=\"text-align: left;\">Afin de mener \u00e0 bien notre enqu\u00eate, nous avons mis un point d&#8217;honneur \u00e0 interviewer des jeunes repr\u00e9sentatifs de la g\u00e9n\u00e9ration &#8220;digital natives&#8221;, autrement appel\u00e9s les &#8220;millennials&#8221; : soit la jeunesse hyper connect\u00e9e du nouveau mill\u00e9naire. Ainsi, on retrouve dans les profils des jeunes interrog\u00e9s : des \u00e9tudiants en journalisme ou en communication, une \u00e9tudiante en culture, ou encore une lyc\u00e9enne de Terminale litt\u00e9raire.<br \/>\nAu-del\u00e0 des points de convergence observ\u00e9s dans leur utilisation du Discover du Monde, il conviendra de faire un point sur les usages sp\u00e9cifiques aux \u00e9tudiants en journalisme.<\/p>\n<p>Petit r\u00e9sum\u00e9 :<\/p>\n<p><iframe loading=\"lazy\" width=\"500\" height=\"375\" src=\"https:\/\/www.youtube.com\/embed\/nuoydlPIHUo?feature=oembed\" frameborder=\"0\" allow=\"autoplay; encrypted-media\" allowfullscreen><\/iframe><\/p>\n<p>&nbsp;<\/p>\n<p>Premier point, avec notre professeur :<\/p>\n<p><iframe loading=\"lazy\" width=\"500\" height=\"375\" src=\"https:\/\/www.youtube.com\/embed\/XXVyfbxuLWE?feature=oembed\" frameborder=\"0\" allow=\"autoplay; encrypted-media\" allowfullscreen><\/iframe><\/p>\n<p>Deuxi\u00e8me point :<\/p>\n<p><iframe loading=\"lazy\" width=\"500\" height=\"375\" src=\"https:\/\/www.youtube.com\/embed\/e0hCdoQnEZ8?feature=oembed\" frameborder=\"0\" allow=\"autoplay; encrypted-media\" allowfullscreen><\/iframe><\/p>\n<p>Troisi\u00e8me point :<\/p>\n<p><iframe loading=\"lazy\" width=\"500\" height=\"375\" src=\"https:\/\/www.youtube.com\/embed\/ykCWRY5YeNw?feature=oembed\" frameborder=\"0\" allow=\"autoplay; encrypted-media\" allowfullscreen><\/iframe><\/p>\n","protected":false},"excerpt":{"rendered":"<div class=\"mh-excerpt\"><p>Enqu\u00eate aupr\u00e8s des 17\/21 ans : les digital natives et l&#8217;info-divertissement sur Snapchat &nbsp; &nbsp; &nbsp; Afin de mener \u00e0 bien notre enqu\u00eate, nous avons <a class=\"mh-excerpt-more\" href=\"http:\/\/mooc3.politechnicart.net\/estoriens\/lp-profile\/\" title=\"Module 3\">[&#8230;]<\/a><\/p>\n<\/div>","protected":false},"author":26,"featured_media":0,"parent":0,"menu_order":0,"comment_status":"closed","ping_status":"closed","template":"","meta":{"footnotes":""},"_links":{"self":[{"href":"http:\/\/mooc3.politechnicart.net\/estoriens\/wp-json\/wp\/v2\/pages\/6"}],"collection":[{"href":"http:\/\/mooc3.politechnicart.net\/estoriens\/wp-json\/wp\/v2\/pages"}],"about":[{"href":"http:\/\/mooc3.politechnicart.net\/estoriens\/wp-json\/wp\/v2\/types\/page"}],"author":[{"embeddable":true,"href":"http:\/\/mooc3.politechnicart.net\/estoriens\/wp-json\/wp\/v2\/users\/26"}],"replies":[{"embeddable":true,"href":"http:\/\/mooc3.politechnicart.net\/estoriens\/wp-json\/wp\/v2\/comments?post=6"}],"version-history":[{"count":11,"href":"http:\/\/mooc3.politechnicart.net\/estoriens\/wp-json\/wp\/v2\/pages\/6\/revisions"}],"predecessor-version":[{"id":102,"href":"http:\/\/mooc3.politechnicart.net\/estoriens\/wp-json\/wp\/v2\/pages\/6\/revisions\/102"}],"wp:attachment":[{"href":"http:\/\/mooc3.politechnicart.net\/estoriens\/wp-json\/wp\/v2\/media?parent=6"}],"curies":[{"name":"wp","href":"https:\/\/api.w.org\/{rel}","templated":true}]}}