{"id":6,"date":"2018-03-21T10:18:45","date_gmt":"2018-03-21T09:18:45","guid":{"rendered":"http:\/\/mooc3.politechnicart.net\/lespetitsgen-x\/lp-profile\/"},"modified":"2018-05-05T11:22:30","modified_gmt":"2018-05-05T09:22:30","slug":"lp-profile","status":"publish","type":"page","link":"http:\/\/mooc3.politechnicart.net\/lespetitsgen-x\/lp-profile\/","title":{"rendered":"Scission G\u00e9n\u00e9rationnelle"},"content":{"rendered":"<p>&nbsp;<\/p>\n<p><span style=\"font-weight: 400\">Si vous demandez \u00e0 un ado de r\u00e9gler son r\u00e9veil pour le lendemain matin, de vous guider alors que vous \u00eates au volant, ou de vous faire un virement, vous serez peut-\u00eatre \u00e9tonn\u00e9s de constater chez lui un m\u00eame r\u00e9flexe : hop, il saisit son smartphone, pioche dans la quantit\u00e9 d&#8217;applications qui s&#8217;y trouvent et r\u00e8gle la question en quelques minutes. <\/span><\/p>\n<p>Ce r\u00e9flexe num\u00e9rique s&#8217;observe donc au d\u00e9triment des r\u00e9veils-matins, des cartes, du coup de t\u00e9l\u00e9phone \u00e0 son banquier, mais aussi de plus en plus&#8230; de la t\u00e9l\u00e9vision ! Eh oui, \u00e0 8 ans, en 2018, on opte plus facilement pour une vid\u00e9o Youtube (sur la cha\u00eene Troum-Troum par exemple) que pour un dessin anim\u00e9&#8230;<\/p>\n<p>\u27a1 Alors tout de suite, quand on montre \u00e0 des enfants des outils comme les premiers ordinateurs, \u00e7a leur semble&#8230; primaire! On vous laisse regarder leurs r\u00e9actions (\u26a0\u00a0vous risquez de vous sentir vieux !) \u2935<\/p>\n<p><iframe loading=\"lazy\" width=\"525\" height=\"295\" src=\"https:\/\/www.youtube.com\/embed\/PF7EpEnglgk?feature=oembed\" frameborder=\"0\" allow=\"autoplay; encrypted-media\" allowfullscreen><\/iframe><\/p>\n<p>&nbsp;<\/p>\n<p>\u27a1\u00a0La t\u00e9l\u00e9 n\u2019est plus souvent regard\u00e9e pour elle-m\u00eame \u2014\u00e0 part quelques cha\u00eenes comme Gulli\u2014, on lui pr\u00e9f\u00e8re des films enregistr\u00e9s ou en streaming.<\/p>\n<blockquote><p>\u00a0<img decoding=\"async\" loading=\"lazy\" class=\"aligncenter wp-image-91\" src=\"http:\/\/mooc3.politechnicart.net\/lespetitsgen-x\/wp-content\/uploads\/sites\/21\/2018\/05\/cit-4.png\" alt=\"\" width=\"1000\" height=\"563\" srcset=\"http:\/\/mooc3.politechnicart.net\/lespetitsgen-x\/wp-content\/uploads\/sites\/21\/2018\/05\/cit-4.png 1920w, http:\/\/mooc3.politechnicart.net\/lespetitsgen-x\/wp-content\/uploads\/sites\/21\/2018\/05\/cit-4-300x169.png 300w, http:\/\/mooc3.politechnicart.net\/lespetitsgen-x\/wp-content\/uploads\/sites\/21\/2018\/05\/cit-4-768x432.png 768w, http:\/\/mooc3.politechnicart.net\/lespetitsgen-x\/wp-content\/uploads\/sites\/21\/2018\/05\/cit-4-1024x576.png 1024w\" sizes=\"(max-width: 767px) 89vw, (max-width: 1000px) 54vw, (max-width: 1071px) 543px, 580px\" \/><\/p><\/blockquote>\n<p>\u27a1 Et m\u00eame quand on leur montre des choses + r\u00e9centes \u2014 les dessins anim\u00e9s de notre enfance dans les ann\u00e9es 90 par exemple \u2014, ils ont souvent l&#8217;air de d\u00e9couvrir des antiquit\u00e9s&#8230; \u2935<\/p>\n<p><iframe loading=\"lazy\" width=\"525\" height=\"295\" src=\"https:\/\/www.youtube.com\/embed\/8hzTQ4dOYEc?start=306&#038;feature=oembed\" frameborder=\"0\" allow=\"autoplay; encrypted-media\" allowfullscreen><\/iframe><\/p>\n<blockquote><p><img decoding=\"async\" loading=\"lazy\" class=\"aligncenter wp-image-83\" src=\"http:\/\/mooc3.politechnicart.net\/lespetitsgen-x\/wp-content\/uploads\/sites\/21\/2018\/05\/cit-5.png\" alt=\"\" width=\"1000\" height=\"333\" srcset=\"http:\/\/mooc3.politechnicart.net\/lespetitsgen-x\/wp-content\/uploads\/sites\/21\/2018\/05\/cit-5.png 1500w, http:\/\/mooc3.politechnicart.net\/lespetitsgen-x\/wp-content\/uploads\/sites\/21\/2018\/05\/cit-5-300x100.png 300w, http:\/\/mooc3.politechnicart.net\/lespetitsgen-x\/wp-content\/uploads\/sites\/21\/2018\/05\/cit-5-768x256.png 768w, http:\/\/mooc3.politechnicart.net\/lespetitsgen-x\/wp-content\/uploads\/sites\/21\/2018\/05\/cit-5-1024x341.png 1024w\" sizes=\"(max-width: 767px) 89vw, (max-width: 1000px) 54vw, (max-width: 1071px) 543px, 580px\" \/><\/p><\/blockquote>\n<p>\u2192 Le contenu que propose Internet est beaucoup plus vari\u00e9 que celui des programmes TV. Les enfants ont plus de choix et le flux t\u00e9l\u00e9visuel permet une lecture illimit\u00e9e.<\/p>\n<blockquote><p><img decoding=\"async\" loading=\"lazy\" class=\"aligncenter wp-image-84\" src=\"http:\/\/mooc3.politechnicart.net\/lespetitsgen-x\/wp-content\/uploads\/sites\/21\/2018\/05\/cit-6.png\" alt=\"\" width=\"1000\" height=\"563\" srcset=\"http:\/\/mooc3.politechnicart.net\/lespetitsgen-x\/wp-content\/uploads\/sites\/21\/2018\/05\/cit-6.png 1920w, http:\/\/mooc3.politechnicart.net\/lespetitsgen-x\/wp-content\/uploads\/sites\/21\/2018\/05\/cit-6-300x169.png 300w, http:\/\/mooc3.politechnicart.net\/lespetitsgen-x\/wp-content\/uploads\/sites\/21\/2018\/05\/cit-6-768x432.png 768w, http:\/\/mooc3.politechnicart.net\/lespetitsgen-x\/wp-content\/uploads\/sites\/21\/2018\/05\/cit-6-1024x576.png 1024w\" sizes=\"(max-width: 767px) 89vw, (max-width: 1000px) 54vw, (max-width: 1071px) 543px, 580px\" \/><\/p><\/blockquote>\n<p>On observe une <strong>t\u00e9l\u00e9ification du num\u00e9rique<\/strong> et une <strong>bascule mobile<\/strong> : le mobile est devenu la nouvelle TV.<\/p>\n<p>\u27a1 Une derni\u00e8re pour la route ! \u2935<\/p>\n<p><iframe loading=\"lazy\" width=\"525\" height=\"295\" src=\"https:\/\/www.youtube.com\/embed\/4jLgKd0V77Q?feature=oembed\" frameborder=\"0\" allow=\"autoplay; encrypted-media\" allowfullscreen><\/iframe><\/p>\n","protected":false},"excerpt":{"rendered":"<p>&nbsp; Si vous demandez \u00e0 un ado de r\u00e9gler son r\u00e9veil pour le lendemain matin, de vous guider alors que &hellip; <\/p>\n<p class=\"link-more\"><a href=\"http:\/\/mooc3.politechnicart.net\/lespetitsgen-x\/lp-profile\/\" class=\"more-link\">Continuer la lecture<span class=\"screen-reader-text\"> de &laquo;&nbsp;Scission G\u00e9n\u00e9rationnelle&nbsp;&raquo;<\/span><\/a><\/p>\n","protected":false},"author":22,"featured_media":61,"parent":0,"menu_order":0,"comment_status":"closed","ping_status":"closed","template":"","meta":{"footnotes":""},"_links":{"self":[{"href":"http:\/\/mooc3.politechnicart.net\/lespetitsgen-x\/wp-json\/wp\/v2\/pages\/6"}],"collection":[{"href":"http:\/\/mooc3.politechnicart.net\/lespetitsgen-x\/wp-json\/wp\/v2\/pages"}],"about":[{"href":"http:\/\/mooc3.politechnicart.net\/lespetitsgen-x\/wp-json\/wp\/v2\/types\/page"}],"author":[{"embeddable":true,"href":"http:\/\/mooc3.politechnicart.net\/lespetitsgen-x\/wp-json\/wp\/v2\/users\/22"}],"replies":[{"embeddable":true,"href":"http:\/\/mooc3.politechnicart.net\/lespetitsgen-x\/wp-json\/wp\/v2\/comments?post=6"}],"version-history":[{"count":15,"href":"http:\/\/mooc3.politechnicart.net\/lespetitsgen-x\/wp-json\/wp\/v2\/pages\/6\/revisions"}],"predecessor-version":[{"id":151,"href":"http:\/\/mooc3.politechnicart.net\/lespetitsgen-x\/wp-json\/wp\/v2\/pages\/6\/revisions\/151"}],"wp:featuredmedia":[{"embeddable":true,"href":"http:\/\/mooc3.politechnicart.net\/lespetitsgen-x\/wp-json\/wp\/v2\/media\/61"}],"wp:attachment":[{"href":"http:\/\/mooc3.politechnicart.net\/lespetitsgen-x\/wp-json\/wp\/v2\/media?parent=6"}],"curies":[{"name":"wp","href":"https:\/\/api.w.org\/{rel}","templated":true}]}}