{"id":63,"date":"2018-05-01T17:47:24","date_gmt":"2018-05-01T15:47:24","guid":{"rendered":"http:\/\/mooc3.politechnicart.net\/lespetitsgen-x\/?page_id=63"},"modified":"2018-05-04T14:59:46","modified_gmt":"2018-05-04T12:59:46","slug":"numerique-a-lecole","status":"publish","type":"page","link":"http:\/\/mooc3.politechnicart.net\/lespetitsgen-x\/numerique-a-lecole\/","title":{"rendered":"Num\u00e9rique \u00e0 l&#8217;\u00e9cole"},"content":{"rendered":"<p>Pour commencer un petit jeu sur scratch \ud83d\ude42<\/p>\n<figure id=\"attachment_133\" aria-describedby=\"caption-attachment-133\" style=\"width: 479px\" class=\"wp-caption aligncenter\"><a href=\"https:\/\/scratch.mit.edu\/projects\/212949411\/#player\" target=\"_blank\" rel=\"noopener\"><img decoding=\"async\" loading=\"lazy\" class=\"wp-image-133 size-full\" src=\"http:\/\/mooc3.politechnicart.net\/lespetitsgen-x\/wp-content\/uploads\/sites\/21\/2018\/05\/Capture-d\u2019\u00e9cran-2018-05-04-\u00e0-14.44.09.png\" alt=\"\" width=\"479\" height=\"363\" srcset=\"http:\/\/mooc3.politechnicart.net\/lespetitsgen-x\/wp-content\/uploads\/sites\/21\/2018\/05\/Capture-d\u2019\u00e9cran-2018-05-04-\u00e0-14.44.09.png 479w, http:\/\/mooc3.politechnicart.net\/lespetitsgen-x\/wp-content\/uploads\/sites\/21\/2018\/05\/Capture-d\u2019\u00e9cran-2018-05-04-\u00e0-14.44.09-300x227.png 300w\" sizes=\"(max-width: 479px) 100vw, 479px\" \/><\/a><figcaption id=\"caption-attachment-133\" class=\"wp-caption-text\">\u00c9chappe \u00e0 l&#8217;ordinateur. Tu es Arthur et tu dois utiliser les fl\u00e8ches directionnelles de ton clavier pour te d\u00e9placer. Attrape autant de livres que possible pour gagner des points. Mais gare \u00e0 l&#8217;ordinateur qui r\u00f4de : lui aussi essaye d&#8217;attraper les livres, et si il en a plus que toi, c&#8217;est GAME OVER ! Et s&#8217;il te touche, tu perds une vie&#8230; A ton clavier !<\/figcaption><\/figure>\n<p>Les plus jeunes d&#8217;entre vous ont peut-\u00eatre quelques souvenirs de TNI (Tableau num\u00e9rique interactif) dans leurs salles de coll\u00e8ge, des profs de maths qui s&#8217;y mettaient maladroitement, des r\u00e9troprojecteurs, les fiches transparentes qu&#8217;on posait dessus, et autres r\u00e9volutions technologiques. Si vos ann\u00e9es coll\u00e8ge remontent \u00e0 plus longtemps, vous ne voyez peut-\u00eatre m\u00eame pas comment le num\u00e9rique peut se retrouver \u00e0 l&#8217;\u00e9cole. Pour vous donner une id\u00e9e, on a demand\u00e9 aux 8-12 ans d&#8217;aujourd&#8217;hui comment \u00e7a se passe pour eux&#8230;<\/p>\n<p><b>\u2192 Les cours de \u00a0num\u00e9rique ne sont pas v\u00e9cus par les enfants comme des cours \u201cclassiques\u201d, mais + ludiques\u00a0<\/b><\/p>\n<blockquote><p><img decoding=\"async\" loading=\"lazy\" class=\"aligncenter wp-image-80 size-full\" src=\"http:\/\/mooc3.politechnicart.net\/lespetitsgen-x\/wp-content\/uploads\/sites\/21\/2018\/05\/cit-1.png\" alt=\"\" width=\"1500\" height=\"500\" srcset=\"http:\/\/mooc3.politechnicart.net\/lespetitsgen-x\/wp-content\/uploads\/sites\/21\/2018\/05\/cit-1.png 1500w, http:\/\/mooc3.politechnicart.net\/lespetitsgen-x\/wp-content\/uploads\/sites\/21\/2018\/05\/cit-1-300x100.png 300w, http:\/\/mooc3.politechnicart.net\/lespetitsgen-x\/wp-content\/uploads\/sites\/21\/2018\/05\/cit-1-768x256.png 768w, http:\/\/mooc3.politechnicart.net\/lespetitsgen-x\/wp-content\/uploads\/sites\/21\/2018\/05\/cit-1-1024x341.png 1024w\" sizes=\"(max-width: 767px) 89vw, (max-width: 1000px) 54vw, (max-width: 1071px) 543px, 580px\" \/><\/p><\/blockquote>\n<p><b>\u2192 Certains parents estiment qu\u2019il est important de conna\u00eetre les bases du num\u00e9rique. Si l\u2019\u00e9cole ne propose pas de cours, ils s\u2019en chargent donc \u00e0 leur place<\/b><\/p>\n<blockquote><p><img decoding=\"async\" loading=\"lazy\" class=\"aligncenter wp-image-81 size-full\" src=\"http:\/\/mooc3.politechnicart.net\/lespetitsgen-x\/wp-content\/uploads\/sites\/21\/2018\/05\/cit-2.png\" alt=\"\" width=\"1500\" height=\"500\" srcset=\"http:\/\/mooc3.politechnicart.net\/lespetitsgen-x\/wp-content\/uploads\/sites\/21\/2018\/05\/cit-2.png 1500w, http:\/\/mooc3.politechnicart.net\/lespetitsgen-x\/wp-content\/uploads\/sites\/21\/2018\/05\/cit-2-300x100.png 300w, http:\/\/mooc3.politechnicart.net\/lespetitsgen-x\/wp-content\/uploads\/sites\/21\/2018\/05\/cit-2-768x256.png 768w, http:\/\/mooc3.politechnicart.net\/lespetitsgen-x\/wp-content\/uploads\/sites\/21\/2018\/05\/cit-2-1024x341.png 1024w\" sizes=\"(max-width: 767px) 89vw, (max-width: 1000px) 54vw, (max-width: 1071px) 543px, 580px\" \/><\/p><\/blockquote>\n<p><b>\u2192 Mais malgr\u00e9 les progr\u00e8s L\u2019\u00e9cole semble freiner les pratiques du num\u00e9rique chez les enfants : en moyenne peu de cours d\u2019informatique et des \u00e9quipements peu exploit\u00e9s. La pratique en classe d\u00e9pend cependant du professeur. G\u00e9n\u00e9ralement, les difficult\u00e9s sont dues \u00e0 une conception du num\u00e9rique comme un \u201csavoir constitu\u00e9\u201d <\/b><\/p>\n<blockquote><p><img decoding=\"async\" loading=\"lazy\" class=\"aligncenter wp-image-82 size-full\" src=\"http:\/\/mooc3.politechnicart.net\/lespetitsgen-x\/wp-content\/uploads\/sites\/21\/2018\/05\/cit-3.png\" alt=\"\" width=\"1500\" height=\"500\" srcset=\"http:\/\/mooc3.politechnicart.net\/lespetitsgen-x\/wp-content\/uploads\/sites\/21\/2018\/05\/cit-3.png 1500w, http:\/\/mooc3.politechnicart.net\/lespetitsgen-x\/wp-content\/uploads\/sites\/21\/2018\/05\/cit-3-300x100.png 300w, http:\/\/mooc3.politechnicart.net\/lespetitsgen-x\/wp-content\/uploads\/sites\/21\/2018\/05\/cit-3-768x256.png 768w, http:\/\/mooc3.politechnicart.net\/lespetitsgen-x\/wp-content\/uploads\/sites\/21\/2018\/05\/cit-3-1024x341.png 1024w\" sizes=\"(max-width: 767px) 89vw, (max-width: 1000px) 54vw, (max-width: 1071px) 543px, 580px\" \/><\/p><\/blockquote>\n","protected":false},"excerpt":{"rendered":"<p>Pour commencer un petit jeu sur scratch \ud83d\ude42 Les plus jeunes d&#8217;entre vous ont peut-\u00eatre quelques souvenirs de TNI (Tableau &hellip; <\/p>\n<p class=\"link-more\"><a href=\"http:\/\/mooc3.politechnicart.net\/lespetitsgen-x\/numerique-a-lecole\/\" class=\"more-link\">Continuer la lecture<span class=\"screen-reader-text\"> de &laquo;&nbsp;Num\u00e9rique \u00e0 l&#8217;\u00e9cole&nbsp;&raquo;<\/span><\/a><\/p>\n","protected":false},"author":22,"featured_media":60,"parent":0,"menu_order":0,"comment_status":"closed","ping_status":"closed","template":"","meta":{"footnotes":""},"_links":{"self":[{"href":"http:\/\/mooc3.politechnicart.net\/lespetitsgen-x\/wp-json\/wp\/v2\/pages\/63"}],"collection":[{"href":"http:\/\/mooc3.politechnicart.net\/lespetitsgen-x\/wp-json\/wp\/v2\/pages"}],"about":[{"href":"http:\/\/mooc3.politechnicart.net\/lespetitsgen-x\/wp-json\/wp\/v2\/types\/page"}],"author":[{"embeddable":true,"href":"http:\/\/mooc3.politechnicart.net\/lespetitsgen-x\/wp-json\/wp\/v2\/users\/22"}],"replies":[{"embeddable":true,"href":"http:\/\/mooc3.politechnicart.net\/lespetitsgen-x\/wp-json\/wp\/v2\/comments?post=63"}],"version-history":[{"count":11,"href":"http:\/\/mooc3.politechnicart.net\/lespetitsgen-x\/wp-json\/wp\/v2\/pages\/63\/revisions"}],"predecessor-version":[{"id":137,"href":"http:\/\/mooc3.politechnicart.net\/lespetitsgen-x\/wp-json\/wp\/v2\/pages\/63\/revisions\/137"}],"wp:featuredmedia":[{"embeddable":true,"href":"http:\/\/mooc3.politechnicart.net\/lespetitsgen-x\/wp-json\/wp\/v2\/media\/60"}],"wp:attachment":[{"href":"http:\/\/mooc3.politechnicart.net\/lespetitsgen-x\/wp-json\/wp\/v2\/media?parent=63"}],"curies":[{"name":"wp","href":"https:\/\/api.w.org\/{rel}","templated":true}]}}