{"id":2,"date":"2018-01-31T11:15:04","date_gmt":"2018-01-31T10:15:04","guid":{"rendered":"http:\/\/mooc3.politechnicart.net\/lovenligne\/?page_id=2"},"modified":"2018-04-16T17:27:58","modified_gmt":"2018-04-16T15:27:58","slug":"page-d-exemple","status":"publish","type":"page","link":"http:\/\/mooc3.politechnicart.net\/lovenligne\/","title":{"rendered":"Bienvenue sur notre Mooc"},"content":{"rendered":"<p><span style=\"font-weight: 400\">Internet a sans conteste r\u00e9volutionn\u00e9 le quotidien des citoyens. Les relations humaines n\u2019ont pas fait exception et ont connu une transformation due en grande partie aux r\u00e9seaux sociaux. En effet, de nos jours, l\u2019on peut \u00eatre tout le temps connect\u00e9 et parler \u00e0 sa famille, ses amis etc. Mais si notre lien \u00e0 nos proches est modifi\u00e9, certaines relations d\u00e9butent m\u00eame sur Internet, qui repr\u00e9sente un m\u00e9dia (au sens de moyen) entre des personnes qui n\u2019auraient pas pu se rencontrer dans la \u201cvraie vie\u201d. Internet multiplie les possibilit\u00e9s \u00e0 tous les niveaux. C\u2019est certainement l\u2019omnipr\u00e9sence de l\u2019amour partout qui joue, du moins en partie, dans le fait que chacun cherche \u00e0 vivre SON histoire. C\u2019est l\u00e0 qu\u2019intervient Internet qui permet de d\u00e9jouer les contraintes du temps et de l\u2019espace puisqu\u2019il y a une d\u00e9lin\u00e9arisation : pas besoin d\u2019\u00eatre au m\u00eame endroit au m\u00eame moment pour apprendre \u00e0 se conna\u00eetre. \u00a0Nous d\u00e9finissons un <\/span><i><span style=\"font-weight: 400\">site de rencontres<\/span><\/i><span style=\"font-weight: 400\"> comme un site internet principalement organis\u00e9 en vue de la mise en relation de partenaires amoureux et\/ou sexuels et proposant pour cela des fonctionnalit\u00e9s qui permettent un contact sans interm\u00e9diaires entre des particuliers. <\/span><\/p>\n<p><span style=\"font-weight: 400\">Les premiers sites internet sp\u00e9cifiquement et explicitement consacr\u00e9s aux rencontres amoureuses et sexuelles voient le jour aux \u00c9tats-Unis au milieu des ann\u00e9es 1990. Nouvelle sc\u00e8ne de rencontres, ces espaces web repr\u00e9sentent \u00e9galement un nouveau mod\u00e8le d\u2019entreprise qui sera introduit en France au tournant du XXI\u00e8me si\u00e8cle par les pionniers du \u00ab e-commerce \u00bb, qui se d\u00e9veloppe alors rapidement. Alors, dans quelle mesure les sites de rencontres s\u2019int\u00e8grent-ils comme incubateurs de relations amoureuses ?<\/span><\/p>\n<p>D\u00e9couvrez tr\u00e8s vite nos modules :<\/p>\n<ul>\n<li><a href=\"http:\/\/mooc3.politechnicart.net\/lovenligne\/2018\/04\/16\/module-1\/\">Pr\u00e9liminaire\u00a0<\/a><\/li>\n<li><a href=\"http:\/\/mooc3.politechnicart.net\/lovenligne\/2018\/04\/16\/les-sites-en-profondeur\/\">Les sites en profondeur<\/a><\/li>\n<li><a href=\"http:\/\/mooc3.politechnicart.net\/lovenligne\/2018\/04\/16\/les-profils\/\">Divers participants\u00a0<\/a><\/li>\n<li><a href=\"http:\/\/mooc3.politechnicart.net\/lovenligne\/2018\/04\/16\/hack-dusage\/\">Dans des lieux multiples<\/a><\/li>\n<li><a href=\"http:\/\/mooc3.politechnicart.net\/lovenligne\/2018\/04\/16\/evaluation\/\">Notation<\/a><\/li>\n<\/ul>\n<p>&nbsp;<\/p>\n<p>&nbsp;<\/p>\n<p>&nbsp;<\/p>\n","protected":false},"excerpt":{"rendered":"<p>Internet a sans conteste r\u00e9volutionn\u00e9 le quotidien des citoyens. Les relations humaines n\u2019ont pas fait exception et ont connu une &hellip; <\/p>\n<p class=\"link-more\"><a href=\"http:\/\/mooc3.politechnicart.net\/lovenligne\/\" class=\"more-link\">Continuer la lecture<span class=\"screen-reader-text\"> de &laquo;&nbsp;Bienvenue sur notre Mooc&nbsp;&raquo;<\/span><\/a><\/p>\n","protected":false},"author":21,"featured_media":0,"parent":0,"menu_order":0,"comment_status":"closed","ping_status":"open","template":"","meta":{"footnotes":""},"_links":{"self":[{"href":"http:\/\/mooc3.politechnicart.net\/lovenligne\/wp-json\/wp\/v2\/pages\/2"}],"collection":[{"href":"http:\/\/mooc3.politechnicart.net\/lovenligne\/wp-json\/wp\/v2\/pages"}],"about":[{"href":"http:\/\/mooc3.politechnicart.net\/lovenligne\/wp-json\/wp\/v2\/types\/page"}],"author":[{"embeddable":true,"href":"http:\/\/mooc3.politechnicart.net\/lovenligne\/wp-json\/wp\/v2\/users\/21"}],"replies":[{"embeddable":true,"href":"http:\/\/mooc3.politechnicart.net\/lovenligne\/wp-json\/wp\/v2\/comments?post=2"}],"version-history":[{"count":3,"href":"http:\/\/mooc3.politechnicart.net\/lovenligne\/wp-json\/wp\/v2\/pages\/2\/revisions"}],"predecessor-version":[{"id":83,"href":"http:\/\/mooc3.politechnicart.net\/lovenligne\/wp-json\/wp\/v2\/pages\/2\/revisions\/83"}],"wp:attachment":[{"href":"http:\/\/mooc3.politechnicart.net\/lovenligne\/wp-json\/wp\/v2\/media?parent=2"}],"curies":[{"name":"wp","href":"https:\/\/api.w.org\/{rel}","templated":true}]}}