{"id":55,"date":"2018-04-25T11:44:27","date_gmt":"2018-04-25T09:44:27","guid":{"rendered":"http:\/\/mooc3.politechnicart.net\/modecirculaireonline\/?page_id=55"},"modified":"2018-05-05T13:09:28","modified_gmt":"2018-05-05T11:09:28","slug":"module-1","status":"publish","type":"page","link":"http:\/\/mooc3.politechnicart.net\/modecirculaireonline\/module-1\/","title":{"rendered":"MODULE 2"},"content":{"rendered":"<h1 style=\"text-align: center\">Quel r\u00f4le pour l&#8217;utilisateur ?<\/h1>\n<h2><strong>L&#8217;individu est ainsi plac\u00e9 au centre de cette nouvelle \u00e9conomie.<\/strong><\/h2>\n<p><img decoding=\"async\" loading=\"lazy\" class=\"alignleft wp-image-105\" src=\"http:\/\/mooc3.politechnicart.net\/modecirculaireonline\/wp-content\/uploads\/sites\/13\/2018\/04\/22812863_1718038261540805_150968158_o-169x300.jpg\" alt=\"\" width=\"203\" height=\"360\" srcset=\"http:\/\/mooc3.politechnicart.net\/modecirculaireonline\/wp-content\/uploads\/sites\/13\/2018\/04\/22812863_1718038261540805_150968158_o-169x300.jpg 169w, http:\/\/mooc3.politechnicart.net\/modecirculaireonline\/wp-content\/uploads\/sites\/13\/2018\/04\/22812863_1718038261540805_150968158_o-577x1024.jpg 577w, http:\/\/mooc3.politechnicart.net\/modecirculaireonline\/wp-content\/uploads\/sites\/13\/2018\/04\/22812863_1718038261540805_150968158_o.jpg 640w\" sizes=\"(max-width: 203px) 100vw, 203px\" \/><\/p>\n<p>&nbsp;<\/p>\n<p style=\"text-align: justify\">Acheter,\u00a0<span style=\"font-size: 1rem\">c<\/span><span style=\"font-size: 1rem\">\u2019est s\u2019approprier un bien, un objet. Le revendre, c\u2019est passer de la possession \u00e0 la circulation. Cela red\u00e9finit la place du simple usager dans le march\u00e9 ta<\/span>nt il s\u2019attribue un r\u00f4le et se cr\u00e9e une fonction au sein de l\u2019application.<\/p>\n<p style=\"text-align: justify\">C&#8217;est ce que Jeff Howe a d\u00e9finit par le &#8220;Crowdsourcing&#8221; qui\u00a0d\u00e9signe une production participative par l\u2019utilisation de la cr\u00e9ativit\u00e9, l\u2019intelligence et le savoir faire d\u2019une \u00ab\u00a0communaut\u00e9\u00a0\u00bb de personnes pour r\u00e9aliser certaines t\u00e2ches traditionnellement effectu\u00e9es par un employ\u00e9 ou un entrepreneur.<\/p>\n<h2><strong>Plus que jouer un r\u00f4le, le simple consommateur devient l&#8217;acteur.\u00a0<\/strong><\/h2>\n<p style=\"text-align: justify\">Pour r\u00e9aliser ces t\u00e2ches, s&#8217;int\u00e9grer \u00e0 la communaut\u00e9 Vinted et vendre ses biens, l&#8217;utilisateur doit user de strat\u00e9gies pour\u00a0 s&#8217;exposer,\u00a0se distinguer, se d\u00e9marquer, se mettre en sc\u00e8ne.<\/p>\n<p style=\"text-align: justify\">En marketing, on nomme cette notion par &#8220;E-branding&#8221;, &#8220;Self Market&#8221; ou &#8220;Personnal Branding&#8221;\u00a0 qui\u00a0 sont des termes qui <i>\u00ab\u00a0incitent les individus \u00e0 am\u00e9liorer leur image et leur r\u00e9putation pour faire progresser leur carri\u00e8re, leur profil [\u2026] il emploie des outils de marque pour cr\u00e9er une image autour d&#8217;un employ\u00e9 plut\u00f4t qu&#8217;un produit\u00a0.\u00a0Cela implique de se d\u00e9marquer, de se cr\u00e9er une image qui prend de la valeur.\u00a0\u00bb <\/i><i>\u00a0<\/i><\/p>\n<h2><strong>Exemple du compte de\u00a0 &#8220;magaliequeffeulou1&#8221;<\/strong><\/h2>\n<p style=\"text-align: justify\"><em>Des v\u00eatements port\u00e9s qui induisent une mise en valeur du produit par des poses corporelles,<\/em><\/p>\n<p><img decoding=\"async\" loading=\"lazy\" class=\"wp-image-106 aligncenter\" src=\"http:\/\/mooc3.politechnicart.net\/modecirculaireonline\/wp-content\/uploads\/sites\/13\/2018\/04\/magqueffeu1-300x191.jpg\" alt=\"\" width=\"628\" height=\"400\" srcset=\"http:\/\/mooc3.politechnicart.net\/modecirculaireonline\/wp-content\/uploads\/sites\/13\/2018\/04\/magqueffeu1-300x191.jpg 300w, http:\/\/mooc3.politechnicart.net\/modecirculaireonline\/wp-content\/uploads\/sites\/13\/2018\/04\/magqueffeu1-768x489.jpg 768w, http:\/\/mooc3.politechnicart.net\/modecirculaireonline\/wp-content\/uploads\/sites\/13\/2018\/04\/magqueffeu1.jpg 922w\" sizes=\"(max-width: 628px) 100vw, 628px\" \/><\/p>\n<p>&nbsp;<\/p>\n<p style=\"text-align: justify\"><em>Une description d\u00e9taill\u00e9e avec la promesse d\u2019un s\u00e9rieux, de cadeaux, de r\u00e9ductions, et l&#8217;assurance de v\u00eatements repass\u00e9s avant l&#8217;envoi,<\/em><\/p>\n<p><img decoding=\"async\" loading=\"lazy\" class=\"wp-image-111 aligncenter\" src=\"http:\/\/mooc3.politechnicart.net\/modecirculaireonline\/wp-content\/uploads\/sites\/13\/2018\/04\/descok-300x201.jpg\" alt=\"\" width=\"600\" height=\"403\" srcset=\"http:\/\/mooc3.politechnicart.net\/modecirculaireonline\/wp-content\/uploads\/sites\/13\/2018\/04\/descok-300x201.jpg 300w, http:\/\/mooc3.politechnicart.net\/modecirculaireonline\/wp-content\/uploads\/sites\/13\/2018\/04\/descok-768x516.jpg 768w, http:\/\/mooc3.politechnicart.net\/modecirculaireonline\/wp-content\/uploads\/sites\/13\/2018\/04\/descok.jpg 870w\" sizes=\"(max-width: 600px) 100vw, 600px\" \/><\/p>\n<p>&nbsp;<\/p>\n<div class=\"mceTemp\">\n<p style=\"text-align: justify\"><em><span style=\"color: #333333;font-size: 1rem\">Une Vintie qui tient sa r\u00e9putation \u00e0 travers ses \u00e9valuations. Active, soign\u00e9e et attentionn\u00e9e, elle fait bonne impression par l&#8217;envoi de cadeaux et de ses colis bien emball\u00e9s.<\/span><\/em><\/p>\n<\/div>\n<p><img decoding=\"async\" loading=\"lazy\" class=\"wp-image-114 aligncenter\" src=\"http:\/\/mooc3.politechnicart.net\/modecirculaireonline\/wp-content\/uploads\/sites\/13\/2018\/04\/kdo-300x165.jpg\" alt=\"\" width=\"600\" height=\"330\" srcset=\"http:\/\/mooc3.politechnicart.net\/modecirculaireonline\/wp-content\/uploads\/sites\/13\/2018\/04\/kdo-300x165.jpg 300w, http:\/\/mooc3.politechnicart.net\/modecirculaireonline\/wp-content\/uploads\/sites\/13\/2018\/04\/kdo.jpg 633w\" sizes=\"(max-width: 600px) 100vw, 600px\" \/><\/p>\n<p><img decoding=\"async\" loading=\"lazy\" class=\"wp-image-116 alignright\" src=\"http:\/\/mooc3.politechnicart.net\/modecirculaireonline\/wp-content\/uploads\/sites\/13\/2018\/04\/csqce.jpg\" alt=\"\" width=\"364\" height=\"300\" \/><\/p>\n<p>&nbsp;<\/p>\n<p><strong>Cons\u00e9quences:<\/strong><\/p>\n<p><em>Des strat\u00e9gies qui fonctionnent: 857 \u00e9valuations positives, 2451 abonn\u00e9(e)s et une Vintie recommand\u00e9e.<\/em><\/p>\n","protected":false},"excerpt":{"rendered":"<p>Quel r\u00f4le pour l&#8217;utilisateur ? L&#8217;individu est ainsi plac\u00e9 au centre de cette nouvelle \u00e9conomie. &nbsp; Acheter,\u00a0c\u2019est s\u2019approprier un bien, &hellip; <\/p>\n<p class=\"link-more\"><a href=\"http:\/\/mooc3.politechnicart.net\/modecirculaireonline\/module-1\/\" class=\"more-link\">Continuer la lecture<span class=\"screen-reader-text\"> de &laquo;&nbsp;MODULE 2&nbsp;&raquo;<\/span><\/a><\/p>\n","protected":false},"author":13,"featured_media":0,"parent":0,"menu_order":0,"comment_status":"closed","ping_status":"closed","template":"","meta":{"footnotes":""},"_links":{"self":[{"href":"http:\/\/mooc3.politechnicart.net\/modecirculaireonline\/wp-json\/wp\/v2\/pages\/55"}],"collection":[{"href":"http:\/\/mooc3.politechnicart.net\/modecirculaireonline\/wp-json\/wp\/v2\/pages"}],"about":[{"href":"http:\/\/mooc3.politechnicart.net\/modecirculaireonline\/wp-json\/wp\/v2\/types\/page"}],"author":[{"embeddable":true,"href":"http:\/\/mooc3.politechnicart.net\/modecirculaireonline\/wp-json\/wp\/v2\/users\/13"}],"replies":[{"embeddable":true,"href":"http:\/\/mooc3.politechnicart.net\/modecirculaireonline\/wp-json\/wp\/v2\/comments?post=55"}],"version-history":[{"count":24,"href":"http:\/\/mooc3.politechnicart.net\/modecirculaireonline\/wp-json\/wp\/v2\/pages\/55\/revisions"}],"predecessor-version":[{"id":193,"href":"http:\/\/mooc3.politechnicart.net\/modecirculaireonline\/wp-json\/wp\/v2\/pages\/55\/revisions\/193"}],"wp:attachment":[{"href":"http:\/\/mooc3.politechnicart.net\/modecirculaireonline\/wp-json\/wp\/v2\/media?parent=55"}],"curies":[{"name":"wp","href":"https:\/\/api.w.org\/{rel}","templated":true}]}}