{"id":83,"date":"2018-04-25T12:47:06","date_gmt":"2018-04-25T10:47:06","guid":{"rendered":"http:\/\/mooc3.politechnicart.net\/modecirculaireonline\/?page_id=83"},"modified":"2018-05-05T12:46:53","modified_gmt":"2018-05-05T10:46:53","slug":"presentation","status":"publish","type":"page","link":"http:\/\/mooc3.politechnicart.net\/modecirculaireonline\/","title":{"rendered":"PRESENTATION"},"content":{"rendered":"<h1 style=\"text-align: center\">Les nouvelles pratiques de consommation avec\u00a0 Vinted.<\/h1>\n<p style=\"text-align: justify\"><strong>Bonjour \u00e0 tous et toutes, bienvenue sur le MOOC explicatif sur les nouvelles pratiques de consommation peer to peer des individus \u00e0 travers les codes mobiles actuels. Pour d\u00e9montrer ce changement, je vous propose mon \u00e9tude de cas r\u00e9alis\u00e9e dans le cadre du cours\u00a0\u00ab\u00a0Technologies num\u00e9riques et productions culturelles\u00a0\u00bb, assur\u00e9 par Laurence Allard \u00e0 l\u2019universit\u00e9 Lille 3 \u2013 Charles-de-Gaulle, r\u00e9alis\u00e9e \u00e0 travers une application: Vinted, qui symbolise ce nouveau circuit de consommation.<\/strong><\/p>\n<h2><strong>Pour contextualiser:<\/strong><\/h2>\n<p style=\"text-align: justify\">Avec l&#8217;apparition de nouvelles technologies et nouveaux moyens de communication d\u00e8s le d\u00e9but des ann\u00e9es 2000 suite \u00e0 la r\u00e9volution du Web 2.0, la toile \u00e9volue depuis vers l\u2019interactivit\u00e9 \u00e0 travers la liaison de deux dimensions primordiales: technologique et sociale.<\/p>\n<p style=\"text-align: justify\">Dans le m\u00eame temps, on a pu assister \u00e0 la cr\u00e9ation de nouveaux sites\/applications entra\u00eenant le d\u00e9veloppement de nouveaux modes de consommation. Ainsi s\u2019est construite une g\u00e9n\u00e9ration moderne d\u2019utilisateurs qui trouve aujourd&#8217;hui sa place et joue un r\u00f4le central au sein de ce nouveau Web.<\/p>\n<p style=\"text-align: justify\">Selon Tim O&#8217;Reilly<i>, \u00ab\u00a0D\u00e9sormais l&#8217;internaute n&#8217;est plus un simple visiteur, il devient un acteur \u00e0 part enti\u00e8re sur le Web. De fa\u00e7on individuelle ou int\u00e9gr\u00e9 au sein de communaut\u00e9s, l&#8217;internaute participe \u00e0 l&#8217;\u00e9volution de services, \u00e0 la r\u00e9daction de contenus, \u00e0 la notation de produits&#8230;\u00a0\u00bb.\u00a0\u00a0<\/i><\/p>\n<h2 style=\"text-align: center\"><em><strong>Qu&#8217;est ce que Vinted?<\/strong>\u00a0<\/em><\/h2>\n<p style=\"text-align: justify\"><img decoding=\"async\" loading=\"lazy\" class=\"wp-image-132 alignright\" src=\"http:\/\/mooc3.politechnicart.net\/modecirculaireonline\/wp-content\/uploads\/sites\/13\/2018\/04\/vinted-une-nouvelle-fa\u00e7on-de-consommer-1-252x300.jpg\" alt=\"\" width=\"252\" height=\"300\" srcset=\"http:\/\/mooc3.politechnicart.net\/modecirculaireonline\/wp-content\/uploads\/sites\/13\/2018\/04\/vinted-une-nouvelle-fa\u00e7on-de-consommer-1-252x300.jpg 252w, http:\/\/mooc3.politechnicart.net\/modecirculaireonline\/wp-content\/uploads\/sites\/13\/2018\/04\/vinted-une-nouvelle-fa\u00e7on-de-consommer-1-768x914.jpg 768w, http:\/\/mooc3.politechnicart.net\/modecirculaireonline\/wp-content\/uploads\/sites\/13\/2018\/04\/vinted-une-nouvelle-fa\u00e7on-de-consommer-1.jpg 792w\" sizes=\"(max-width: 252px) 100vw, 252px\" \/>Vinted est une plateforme communautaire de particulier \u00e0 particulier, de vente et d\u2019achat en ligne de v\u00eatements, chaussures, accessoires, d\u2019occasion. Cr\u00e9e en 2008, elle part d\u2019un prototype de site d\u2019\u00e9change de v\u00eatements en Lituanie \u00e9tabli par Milda Mitkute et Justas Janauskas. Lanc\u00e9e en 2010 aux Etats-Unis, elle est devenue Startup et est disponible sur internet, iOS et Android, les principales interfaces r\u00e9seaux actuelles. Vinted est maintenant r\u00e9pandu dans une dizaine de pays.<\/p>\n<p style=\"text-align: justify\">Les particularit\u00e9s de la plateforme s\u2019apparentent \u00e0 celles des r\u00e9seaux sociaux par la pr\u00e9sence d\u2019espaces de discussions, mais aussi par la reprise d\u2019interfaces r\u00e9seaux populaires, notamment celle d\u2019Instagram en reprenant certains de ses codes avec le like, les \u00e9valuations\/commentaires, le fil d\u2019actualit\u00e9 en fonction de tes \u00ab\u00a0go\u00fbts\u00a0\u00bb, ainsi que ses codes photographiques (filtres, description, etc.)<\/p>\n<p style=\"text-align: justify\">Le succ\u00e8s de cette application r\u00e9side dans cette familiarit\u00e9 et sa simplicit\u00e9 d&#8217;utilisation : tout est mis en place pour y rendre la communication facile et installer une relation d&#8217;aise et de confiance avec l&#8217;utilisateur.<\/p>\n<figure id=\"attachment_130\" aria-describedby=\"caption-attachment-130\" style=\"width: 350px\" class=\"wp-caption alignleft\"><img decoding=\"async\" loading=\"lazy\" class=\"wp-image-130\" src=\"http:\/\/mooc3.politechnicart.net\/modecirculaireonline\/wp-content\/uploads\/sites\/13\/2018\/04\/Gouts-300x251.jpg\" alt=\"\" width=\"350\" height=\"293\" srcset=\"http:\/\/mooc3.politechnicart.net\/modecirculaireonline\/wp-content\/uploads\/sites\/13\/2018\/04\/Gouts-300x251.jpg 300w, http:\/\/mooc3.politechnicart.net\/modecirculaireonline\/wp-content\/uploads\/sites\/13\/2018\/04\/Gouts-768x643.jpg 768w, http:\/\/mooc3.politechnicart.net\/modecirculaireonline\/wp-content\/uploads\/sites\/13\/2018\/04\/Gouts.jpg 850w\" sizes=\"(max-width: 350px) 100vw, 350px\" \/><figcaption id=\"caption-attachment-130\" class=\"wp-caption-text\">Mon fil d&#8217;actualit\u00e9 personnel en fonction de mes crit\u00e8res.<\/figcaption><\/figure>\n<p style=\"text-align: justify\"><span style=\"font-size: 1rem\">Par son fil d&#8217;actualit\u00e9 toujours renouvel\u00e9 proposant des articles tenant compte de tes crit\u00e8res, tes go\u00fbts, tes tailles, Vinted marque\u00a0 une nouvelle fa\u00e7on d&#8217;occuper son temps libre en maintenant les consommateurs sur l&#8217;application, le but \u00e9tant de d\u00e9clencher chez eux l\u2019achat compulsif. Pourtant, derri\u00e8re\u00a0<\/span><span style=\"font-size: 1rem\">cet aspect marchand et strat\u00e9gique qui a toujours plus ou moins exist\u00e9, se cachent des aspects de nos nouveaux modes de consommation au sein desquels nous, usagers, jouons un r\u00f4le central.<\/span><\/p>\n<p>&nbsp;<\/p>\n<p style=\"text-align: justify\"><strong>A travers ce MOOC, je vais tenter au mieux d&#8217;exposer en quoi Vinted se voit \u00eatre une application des temps modernes qui symbolise le changement dans nos pratiques de consommation. Celui-ci s&#8217;articule en trois modules: notre nouveau rapport \u00e0 l&#8217;\u00e9conomie, la place de l&#8217;individu dans ce changement, et enfin la fa\u00e7on dont l&#8217;application d\u00e9fend des valeurs en accord avec son temps. Sois attentif-ve, \u00e0 la fin de ces modules tu auras le droit \u00e0 une petite \u00e9valuation sous forme de Quizz et tu seras bien-s\u00fbr r\u00e9compens\u00e9(e) pour tes efforts \ud83d\ude09<\/strong><\/p>\n","protected":false},"excerpt":{"rendered":"<p>Les nouvelles pratiques de consommation avec\u00a0 Vinted. Bonjour \u00e0 tous et toutes, bienvenue sur le MOOC explicatif sur les nouvelles &hellip; <\/p>\n<p class=\"link-more\"><a href=\"http:\/\/mooc3.politechnicart.net\/modecirculaireonline\/\" class=\"more-link\">Continuer la lecture<span class=\"screen-reader-text\"> de &laquo;&nbsp;PRESENTATION&nbsp;&raquo;<\/span><\/a><\/p>\n","protected":false},"author":13,"featured_media":0,"parent":0,"menu_order":0,"comment_status":"closed","ping_status":"closed","template":"","meta":{"footnotes":""},"_links":{"self":[{"href":"http:\/\/mooc3.politechnicart.net\/modecirculaireonline\/wp-json\/wp\/v2\/pages\/83"}],"collection":[{"href":"http:\/\/mooc3.politechnicart.net\/modecirculaireonline\/wp-json\/wp\/v2\/pages"}],"about":[{"href":"http:\/\/mooc3.politechnicart.net\/modecirculaireonline\/wp-json\/wp\/v2\/types\/page"}],"author":[{"embeddable":true,"href":"http:\/\/mooc3.politechnicart.net\/modecirculaireonline\/wp-json\/wp\/v2\/users\/13"}],"replies":[{"embeddable":true,"href":"http:\/\/mooc3.politechnicart.net\/modecirculaireonline\/wp-json\/wp\/v2\/comments?post=83"}],"version-history":[{"count":40,"href":"http:\/\/mooc3.politechnicart.net\/modecirculaireonline\/wp-json\/wp\/v2\/pages\/83\/revisions"}],"predecessor-version":[{"id":88,"href":"http:\/\/mooc3.politechnicart.net\/modecirculaireonline\/wp-json\/wp\/v2\/pages\/83\/revisions\/88"}],"wp:attachment":[{"href":"http:\/\/mooc3.politechnicart.net\/modecirculaireonline\/wp-json\/wp\/v2\/media?parent=83"}],"curies":[{"name":"wp","href":"https:\/\/api.w.org\/{rel}","templated":true}]}}