{"id":36,"date":"2018-05-06T17:39:27","date_gmt":"2018-05-06T15:39:27","guid":{"rendered":"http:\/\/mooc3.politechnicart.net\/moodmode\/?page_id=36"},"modified":"2018-05-06T17:39:27","modified_gmt":"2018-05-06T15:39:27","slug":"a-propos","status":"publish","type":"page","link":"http:\/\/mooc3.politechnicart.net\/moodmode\/a-propos\/","title":{"rendered":"A propos"},"content":{"rendered":"<p>Ce cours \u00e0 pour but d&#8217;\u00e9clairer \u00e0 propos de la nouvelle figure qu&#8217;est celle du blogueur: l&#8217;univers partag\u00e9, l&#8217;image v\u00e9hicul\u00e9e par celui-ci ainsi que les impacts exerc\u00e9s sur les abonn\u00e9s. Nous verrons \u00e9galement comment ces acteurs tentent d&#8217;\u00e9tendre leur sph\u00e8re d&#8217;influence puis les int\u00e9r\u00eats qu&#8217;ont les marques \u00e0 collaborer avec ces blogueurs.<\/p>\n<p>&nbsp;<\/p>\n","protected":false},"excerpt":{"rendered":"<p>Ce cours \u00e0 pour but d&#8217;\u00e9clairer \u00e0 propos de la nouvelle figure qu&#8217;est celle du blogueur: l&#8217;univers partag\u00e9, l&#8217;image v\u00e9hicul\u00e9e &hellip; <\/p>\n<p class=\"link-more\"><a href=\"http:\/\/mooc3.politechnicart.net\/moodmode\/a-propos\/\" class=\"more-link\">Continuer la lecture<span class=\"screen-reader-text\"> de &laquo;&nbsp;A propos&nbsp;&raquo;<\/span><\/a><\/p>\n","protected":false},"author":33,"featured_media":0,"parent":0,"menu_order":0,"comment_status":"closed","ping_status":"closed","template":"","meta":{"footnotes":""},"_links":{"self":[{"href":"http:\/\/mooc3.politechnicart.net\/moodmode\/wp-json\/wp\/v2\/pages\/36"}],"collection":[{"href":"http:\/\/mooc3.politechnicart.net\/moodmode\/wp-json\/wp\/v2\/pages"}],"about":[{"href":"http:\/\/mooc3.politechnicart.net\/moodmode\/wp-json\/wp\/v2\/types\/page"}],"author":[{"embeddable":true,"href":"http:\/\/mooc3.politechnicart.net\/moodmode\/wp-json\/wp\/v2\/users\/33"}],"replies":[{"embeddable":true,"href":"http:\/\/mooc3.politechnicart.net\/moodmode\/wp-json\/wp\/v2\/comments?post=36"}],"version-history":[{"count":1,"href":"http:\/\/mooc3.politechnicart.net\/moodmode\/wp-json\/wp\/v2\/pages\/36\/revisions"}],"predecessor-version":[{"id":37,"href":"http:\/\/mooc3.politechnicart.net\/moodmode\/wp-json\/wp\/v2\/pages\/36\/revisions\/37"}],"wp:attachment":[{"href":"http:\/\/mooc3.politechnicart.net\/moodmode\/wp-json\/wp\/v2\/media?parent=36"}],"curies":[{"name":"wp","href":"https:\/\/api.w.org\/{rel}","templated":true}]}}