{"id":49,"date":"2018-05-06T19:10:08","date_gmt":"2018-05-06T17:10:08","guid":{"rendered":"http:\/\/mooc3.politechnicart.net\/moodmode\/?page_id=49"},"modified":"2018-05-09T19:04:14","modified_gmt":"2018-05-09T17:04:14","slug":"tokyobanhbao-linstagrameuse-accessible","status":"publish","type":"page","link":"http:\/\/mooc3.politechnicart.net\/moodmode\/tokyobanhbao-linstagrameuse-accessible\/","title":{"rendered":"Influenceuses mode : quelles figures et quelles personnalit\u00e9s ?"},"content":{"rendered":"<h1>Tokyobanhbao, l&#8217;instagrameuse accessible<\/h1>\n<p>C&#8217;est une blogueuse parisienne qui partage un style de vie entre moments quotidiens (photos des caf\u00e9s, repas&#8230;). Elle est assez accessible car interagit avec ses abonn\u00e9s et leur r\u00e9pond fr\u00e9quemment en commentaire.<\/p>\n<p><img decoding=\"async\" loading=\"lazy\" class=\"size-medium wp-image-71 aligncenter\" src=\"http:\/\/mooc3.politechnicart.net\/moodmode\/wp-content\/uploads\/sites\/32\/2018\/05\/mooctokyo-300x221.png\" alt=\"\" width=\"300\" height=\"221\" srcset=\"http:\/\/mooc3.politechnicart.net\/moodmode\/wp-content\/uploads\/sites\/32\/2018\/05\/mooctokyo-300x221.png 300w, http:\/\/mooc3.politechnicart.net\/moodmode\/wp-content\/uploads\/sites\/32\/2018\/05\/mooctokyo-768x565.png 768w, http:\/\/mooc3.politechnicart.net\/moodmode\/wp-content\/uploads\/sites\/32\/2018\/05\/mooctokyo.png 813w\" sizes=\"(max-width: 300px) 100vw, 300px\" \/><\/p>\n<p>La jeune femme partage ses exp\u00e9riences notamment \u00e0 travers les voyages qui lui sont offerts (en \u00e9change d\u2019une couverture communicationnelle assur\u00e9e par celle-ci pour l\u2019h\u00f4tel o\u00f9 elle s\u00e9journe ou la marque qu\u2019elle porte). Sur sa page on peut percevoir des \u00e9changes de conseils entre Tokyo et ses fans\u00a0; Elle-m\u00eame en est demandeuse, on peut lire qu\u2019elle recherche des adresses de restauration. Les abonn\u00e9s s\u2019adressent \u00e0 elle sans trop de contemplation et agissent davantage en tant \u00ab\u00a0qu\u2019amis\u00a0\u00bb internautes, il n\u2019y a pas de barri\u00e8re impos\u00e9e comme pour le cas de Sita Abellan (davantage dans une logique \u00ab\u00a0star syst\u00e8me\u00a0\u00bb).<\/p>\n<p><img decoding=\"async\" loading=\"lazy\" class=\"size-medium wp-image-69 aligncenter\" src=\"http:\/\/mooc3.politechnicart.net\/moodmode\/wp-content\/uploads\/sites\/32\/2018\/05\/tokyo-mooc-300x141.png\" alt=\"\" width=\"300\" height=\"141\" srcset=\"http:\/\/mooc3.politechnicart.net\/moodmode\/wp-content\/uploads\/sites\/32\/2018\/05\/tokyo-mooc-300x141.png 300w, http:\/\/mooc3.politechnicart.net\/moodmode\/wp-content\/uploads\/sites\/32\/2018\/05\/tokyo-mooc.png 733w\" sizes=\"(max-width: 300px) 100vw, 300px\" \/><\/p>\n<p>Les \u00e9motic\u00f4nes sont aussi tr\u00e8s r\u00e9v\u00e9lateurs de la relation entretenue, Tokyo r\u00e9pond aux compliments par des c\u0153urs et se montre touch\u00e9e par l\u2019attention qu\u2019on lui porte. Cette approche de proximit\u00e9 lui permet aussi de fid\u00e9liser ses fans, on peut voir que certains interviennent de fa\u00e7on r\u00e9guli\u00e8re en commentaire.<\/p>\n<p><a href=\"https:\/\/www.instagram.com\/tokyobanhbao\/\">https:\/\/www.instagram.com\/tokyobanhbao\/<\/a><\/p>\n<p>&nbsp;<\/p>\n<h1>Sita Abellan, la figure de la blogueuse star<\/h1>\n<p>De nombreux blogueurs sont aujourd\u2019hui \u00e9rig\u00e9s au rang de c\u00e9l\u00e9brit\u00e9s et sont adul\u00e9s, accr\u00e9dit\u00e9s par l\u2019industrie de la mode et\/ou du \u00ab\u00a0showbiz\u00a0\u00bb. Tel est le cas pour Sita Abellan appel\u00e9e aussi la \u00ab\u00a0techno princess\u00a0\u00bb bloggeuse, DJ et mannequin Espagnole\u00a0: Elle conna\u00eet une popularit\u00e9 fulgurante sur le r\u00e9seau Instagram, notamment par le biais de ses looks \u00ab\u00a0trashs\u00a0\u00bb voire outrancier avec beaucoup de nus, des poses ambigu\u00ebs, des tenues \u00e0 connotation BDSM (style bondage tr\u00e8s en vogue)\u00a0: ras de cou, (crop) tops en bondage\u2026 Son ascension s\u2019op\u00e8re lorsque Rihanna la rep\u00e8re afin de tourner dans son clip pour la chanson \u00ab\u00a0Bitch better have my money\u00a0\u00bb depuis cette apparition, les marques s\u2019emparent de son image, elle se voit proposer divers contrats de publicit\u00e9, de mannequinat. Sita. A d\u00e9file pour les plus grands\u00a0: Moschino, Dolce &amp; Gabbana, enfin elle\u00a0 s\u2019associe \u00e0 la marque MISBHV pour cr\u00e9er une collection capsule en 2016.<\/p>\n<p><img decoding=\"async\" loading=\"lazy\" class=\"wp-image-61 aligncenter\" src=\"http:\/\/mooc3.politechnicart.net\/moodmode\/wp-content\/uploads\/sites\/32\/2018\/05\/Sita-A-mooc-300x192.png\" alt=\"\" width=\"447\" height=\"286\" srcset=\"http:\/\/mooc3.politechnicart.net\/moodmode\/wp-content\/uploads\/sites\/32\/2018\/05\/Sita-A-mooc-300x192.png 300w, http:\/\/mooc3.politechnicart.net\/moodmode\/wp-content\/uploads\/sites\/32\/2018\/05\/Sita-A-mooc.png 721w\" sizes=\"(max-width: 447px) 100vw, 447px\" \/><\/p>\n<p>En ce qui concerne Sita Abellan, avant que l\u2019agence Wilhelmina ne la rep\u00e8re sa notori\u00e9t\u00e9 reste encore \u00e0 prouver. Il a \u00e9t\u00e9 compliqu\u00e9 de trouver une relation avec les abonn\u00e9s apr\u00e8s cette \u00e9poque, il a alors fallu atteindre les tout d\u00e9buts de sa page Instagram (de 2011 \u00e0 2013) pour percevoir quelques interactions entre la blogueuse et ses fans.<\/p>\n<p>Ces d\u00e9buts en disent beaucoup, c\u2019est la seule fois o\u00f9 l\u2019on trouve cinq photos dans lesquelles le mannequin n\u2019appara\u00eet pas. La quatri\u00e8me (apr\u00e8s le manteau de fourrure) montre uniquement le look de la blogueuse (sans la t\u00eate) elle est alors d\u00e9j\u00e0 en 2011 dans une logique de partager son look, son style.<\/p>\n<p><img decoding=\"async\" loading=\"lazy\" class=\"size-medium wp-image-73 aligncenter\" src=\"http:\/\/mooc3.politechnicart.net\/moodmode\/wp-content\/uploads\/sites\/32\/2018\/05\/Capture-sita-mooc-300x192.png\" alt=\"\" width=\"300\" height=\"192\" srcset=\"http:\/\/mooc3.politechnicart.net\/moodmode\/wp-content\/uploads\/sites\/32\/2018\/05\/Capture-sita-mooc-300x192.png 300w, http:\/\/mooc3.politechnicart.net\/moodmode\/wp-content\/uploads\/sites\/32\/2018\/05\/Capture-sita-mooc-768x492.png 768w, http:\/\/mooc3.politechnicart.net\/moodmode\/wp-content\/uploads\/sites\/32\/2018\/05\/Capture-sita-mooc.png 928w\" sizes=\"(max-width: 300px) 100vw, 300px\" \/><\/p>\n<p>On se rend compte de l\u2019\u00e9volution de la jeune femme notamment avec le nombre d\u2019abonn\u00e9s, de \u00ab\u00a0j\u2019aime\u00a0\u00bb et de commentaires. On peut observer une \u00e9volution du look, des techniques qui deviennent de plus en plus professionnelles. Ses d\u00e9buts \u00e9voquent une certaine ambition pour la c\u00e9l\u00e9brit\u00e9 avec la volont\u00e9 d\u2019\u00eatre remarqu\u00e9e. On la voit sur cette photo en interview en 2013 pour une radio Espagnole (en tant que DJ) c\u2019est d\u2019ailleurs la seule fois qu\u2019est \u00e9voqu\u00e9e l\u2019activit\u00e9 de Sita A. ce qui para\u00eet paradoxal \u00e9tant ce par quoi elle se d\u00e9finit avant tout (interview avec le magazine antidote). C\u2019est une page qui est destin\u00e9e \u00e0 para\u00eetre, montrer l\u2019esth\u00e9tique qui se d\u00e9gage d\u2019une photo avec un soup\u00e7on artistique et un style (vestimentaire, physique\u00a0: regard froid, maquillage trash, excentricit\u00e9 des poses\u2026)\u00a0 l\u2019univers DJ n\u2019est peut-\u00eatre pas aussi r\u00eav\u00e9, fantasm\u00e9 que celui de la mode et ceux qui tentent d\u2019en \u00eatre les \u00ab\u00a0repr\u00e9sentants\u00a0\u00bb. Dans les commentaires on peut voir qu\u2019elle r\u00e9pond aux demandes de pr\u00e9cisions sur les horaires de la diffusion de l\u2019\u00e9mission radio.<\/p>\n<p>https:\/\/www.instagram.com\/sitabellan\/<\/p>\n","protected":false},"excerpt":{"rendered":"<p>Tokyobanhbao, l&#8217;instagrameuse accessible C&#8217;est une blogueuse parisienne qui partage un style de vie entre moments quotidiens (photos des caf\u00e9s, repas&#8230;). &hellip; <\/p>\n<p class=\"link-more\"><a href=\"http:\/\/mooc3.politechnicart.net\/moodmode\/tokyobanhbao-linstagrameuse-accessible\/\" class=\"more-link\">Continuer la lecture<span class=\"screen-reader-text\"> de &laquo;&nbsp;Influenceuses mode : quelles figures et quelles personnalit\u00e9s ?&nbsp;&raquo;<\/span><\/a><\/p>\n","protected":false},"author":33,"featured_media":0,"parent":0,"menu_order":0,"comment_status":"closed","ping_status":"closed","template":"","meta":{"footnotes":""},"_links":{"self":[{"href":"http:\/\/mooc3.politechnicart.net\/moodmode\/wp-json\/wp\/v2\/pages\/49"}],"collection":[{"href":"http:\/\/mooc3.politechnicart.net\/moodmode\/wp-json\/wp\/v2\/pages"}],"about":[{"href":"http:\/\/mooc3.politechnicart.net\/moodmode\/wp-json\/wp\/v2\/types\/page"}],"author":[{"embeddable":true,"href":"http:\/\/mooc3.politechnicart.net\/moodmode\/wp-json\/wp\/v2\/users\/33"}],"replies":[{"embeddable":true,"href":"http:\/\/mooc3.politechnicart.net\/moodmode\/wp-json\/wp\/v2\/comments?post=49"}],"version-history":[{"count":4,"href":"http:\/\/mooc3.politechnicart.net\/moodmode\/wp-json\/wp\/v2\/pages\/49\/revisions"}],"predecessor-version":[{"id":103,"href":"http:\/\/mooc3.politechnicart.net\/moodmode\/wp-json\/wp\/v2\/pages\/49\/revisions\/103"}],"wp:attachment":[{"href":"http:\/\/mooc3.politechnicart.net\/moodmode\/wp-json\/wp\/v2\/media?parent=49"}],"curies":[{"name":"wp","href":"https:\/\/api.w.org\/{rel}","templated":true}]}}