{"id":55,"date":"2018-05-04T20:54:07","date_gmt":"2018-05-04T18:54:07","guid":{"rendered":"http:\/\/mooc3.politechnicart.net\/numartperf\/?page_id=55"},"modified":"2018-05-07T17:50:53","modified_gmt":"2018-05-07T15:50:53","slug":"module-iv","status":"publish","type":"page","link":"http:\/\/mooc3.politechnicart.net\/numartperf\/module-iv\/","title":{"rendered":"Module IV"},"content":{"rendered":"<h1 style=\"text-align: left\">Module IV : R\u00e9capitulons et concluons<\/h1>\n<p style=\"text-align: justify\">Il aura finalement fallu tr\u00e8s peu de temps pour que le num\u00e9rique prenne la place qu&#8217;il occupe actuellement dans nos soci\u00e9t\u00e9s. Au-del\u00e0 de la performance en elle-m\u00eame, l&#8217;usage des technologies \u00e0 des fins autres qu&#8217;industrielles n&#8217;a m\u00eame pas un si\u00e8cle.<\/p>\n<figure id=\"attachment_132\" aria-describedby=\"caption-attachment-132\" style=\"width: 300px\" class=\"wp-caption aligncenter\"><a href=\"http:\/\/mooc3.politechnicart.net\/numartperf\/module-iv\/frise-chronologique-numartperf-page-001\/\" rel=\"attachment wp-att-132\"><img decoding=\"async\" loading=\"lazy\" class=\"wp-image-132 size-medium\" src=\"http:\/\/mooc3.politechnicart.net\/numartperf\/wp-content\/uploads\/sites\/4\/2018\/05\/Frise-Chronologique-NumArtPerf-page-001-300x213.jpg\" alt=\"\" width=\"300\" height=\"213\" srcset=\"http:\/\/mooc3.politechnicart.net\/numartperf\/wp-content\/uploads\/sites\/4\/2018\/05\/Frise-Chronologique-NumArtPerf-page-001-300x213.jpg 300w, http:\/\/mooc3.politechnicart.net\/numartperf\/wp-content\/uploads\/sites\/4\/2018\/05\/Frise-Chronologique-NumArtPerf-page-001-768x544.jpg 768w, http:\/\/mooc3.politechnicart.net\/numartperf\/wp-content\/uploads\/sites\/4\/2018\/05\/Frise-Chronologique-NumArtPerf-page-001-1024x726.jpg 1024w\" sizes=\"(max-width: 300px) 100vw, 300px\" \/><\/a><figcaption id=\"caption-attachment-132\" class=\"wp-caption-text\">(Il faut cliquer pour la voir en plein \u00e9cran)<\/figcaption><\/figure>\n<p style=\"text-align: justify\">Les technologies num\u00e9riques se sont d\u00e9mocratis\u00e9es dans le domaine des arts vivants gr\u00e2ce aux notion de digital bodies et de wearables. Aujourd&#8217;hui, comme on a pu le voir, le num\u00e9rique est \u00e0 la fois pr\u00e9sent sur sc\u00e8ne via des interfaces et sur le corps du danseur lui-m\u00eame via des capteurs et des objets connect\u00e9s. Il est soit un outil pour le danseur ou le public soit une force de cr\u00e9ation \u00e0 part enti\u00e8re.<\/p>\n<p style=\"text-align: justify\">Ces \u00e9volutions num\u00e9riques permettent \u00e9galement de donner une place au public dans la cr\u00e9ation de l\u2019\u0153uvre. Que cela soit dans le processus de cr\u00e9ation lui-m\u00eame comme on peut le voir avec RCO ou en l&#8217;immergeant dans un monde entre r\u00e9el et imaginaire avec la cr\u00e9ation PIXEL. Que cela soit \u00e9motionnellement ou physiquement, le spectateur est engag\u00e9 !<\/p>\n<p style=\"text-align: justify\">Pour conclure, si tu as tout suivi, tu as pu remarquer comme nous un usage de plus en plus fr\u00e9quent des technologies mobiles dans le processus de cr\u00e9ation artistique.\u00a0 Leurs usage peuvent permettre la cr\u00e9ation de nouvelles formes artistiques hybrides qui mettent en sc\u00e8ne l&#8217;Homme et la machine. Dans ces cr\u00e9ations, le num\u00e9rique peut \u00eatre un outil utilis\u00e9 par l&#8217;homme, \u00e0 l&#8217;image des wearables ou un \u00e9l\u00e9ment \u00e0 part enti\u00e8re dans la cr\u00e9ation, en dialogue avec le corps.<\/p>\n<p style=\"text-align: justify\">A partir de l\u00e0 nous sommes en droit de nous demander si ces deux entit\u00e9s que sont l&#8217;humain et la machine ne sont-elles pas amen\u00e9es \u00e0 fusionner un jour ou l&#8217;autre ? Assiste-t-on aux pr\u00e9mices du cyborg ? On visualise assez facilement quels sont les obstacles de la machine, ce qui la diff\u00e9rencie et la rend encore d\u00e9pendante de l&#8217;action humaine mais les progr\u00e8s faits en Intelligence Artificielle nous montre que ces entit\u00e9s s&#8217;imbriquent. L&#8217;Art nous permet de mettre en sc\u00e8ne les usages du num\u00e9riques en faisait participer le public tout en les d\u00e9non\u00e7ant !<\/p>\n<h2>Corpus<\/h2>\n<p>Untitled Event, John Cage (1952): https:\/\/black-mountain-research.com\/2015\/07\/06\/untitled-event\/<\/p>\n<p>Variation V, Merce Cunningham (1965): http:\/\/ fresques.ina.fr\/en-scenes\/fiche-media\/Scenes00931\/cunningham-dans-variations-v.html<\/p>\n<p>Logiciel Life Forms: http:\/\/charactermotion.com\/products\/lifeforms\/index.html<\/p>\n<p>Biped, Merce Cunningham (1999): http:\/\/fresques.ina.fr\/en-scenes\/fiche-media\/Scenes00927\/biped-de-merce-cunningham.html \u2022RCO, K-Danse (2017-2018): https:\/\/www.k-danse.net\/rco<\/p>\n<p>Pixel, Claire Bardainne et Adrien Mondot (2014): https:\/\/www.am-cb.net\/projets\/pixel<\/p>\n<p>Entretien \u00ab\u00a0sc\u00e9nariser la danse par le num\u00e9rique\u00a0\u00bb: https:\/\/ www.canal-u.tv\/video\/uds\/lecon_de_danse_scenariser_la_danse_par_le_numerique.24478<\/p>\n<p>Colloque Mobile et Cr\u00e9ation: http:\/\/www.mobilecreation.fr\/<\/p>\n<h2>Bibliographie<\/h2>\n<p>V\u00e9ronique. Danse et science, la belle Alliance In: C\u2019est comme \u00e7a qu\u2019on danse [En ligne]. (Mis en ligne le 17 f\u00e9vrier 2013.) Disponible sur: https :\/\/cccdanse.com\/professionnels\/danse-et-science-la-belle-alliance\/ (Consult\u00e9 le 08 janvier 2018)<\/p>\n<p>Fondation du doute. Historique de Fluxus In: La fondation du doute Blois [En ligne]. Disponible sur: http:\/\/www.fondationdudoute.fr\/1604-les-artistes.htm (Consult\u00e9 le 08 janvier 2018)<\/p>\n<p>Mayen, G\u00e9rard. Qu\u2019est-ce que la performance ? In: Le Centre Pompidou [En ligne]. (Mis en ligne en f\u00e9vrier 2011). Disponible sur: http:\/\/ mediation.centrepompidou.fr\/education\/ressources\/ENS-Performance\/index.html (Consult\u00e9 le 08 janvier 2018)<\/p>\n<p><img decoding=\"async\" src=\"https:\/\/media.giphy.com\/media\/lD76yTC5zxZPG\/giphy.gif\" \/><\/p>\n","protected":false},"excerpt":{"rendered":"<p>Module IV : R\u00e9capitulons et concluons Il aura finalement fallu tr\u00e8s peu de temps pour que le num\u00e9rique prenne la &hellip; <\/p>\n<p class=\"link-more\"><a href=\"http:\/\/mooc3.politechnicart.net\/numartperf\/module-iv\/\" class=\"more-link\">Continuer la lecture<span class=\"screen-reader-text\"> de &laquo;&nbsp;Module IV&nbsp;&raquo;<\/span><\/a><\/p>\n","protected":false},"author":4,"featured_media":0,"parent":0,"menu_order":0,"comment_status":"closed","ping_status":"closed","template":"","meta":{"footnotes":""},"_links":{"self":[{"href":"http:\/\/mooc3.politechnicart.net\/numartperf\/wp-json\/wp\/v2\/pages\/55"}],"collection":[{"href":"http:\/\/mooc3.politechnicart.net\/numartperf\/wp-json\/wp\/v2\/pages"}],"about":[{"href":"http:\/\/mooc3.politechnicart.net\/numartperf\/wp-json\/wp\/v2\/types\/page"}],"author":[{"embeddable":true,"href":"http:\/\/mooc3.politechnicart.net\/numartperf\/wp-json\/wp\/v2\/users\/4"}],"replies":[{"embeddable":true,"href":"http:\/\/mooc3.politechnicart.net\/numartperf\/wp-json\/wp\/v2\/comments?post=55"}],"version-history":[{"count":15,"href":"http:\/\/mooc3.politechnicart.net\/numartperf\/wp-json\/wp\/v2\/pages\/55\/revisions"}],"predecessor-version":[{"id":133,"href":"http:\/\/mooc3.politechnicart.net\/numartperf\/wp-json\/wp\/v2\/pages\/55\/revisions\/133"}],"wp:attachment":[{"href":"http:\/\/mooc3.politechnicart.net\/numartperf\/wp-json\/wp\/v2\/media?parent=55"}],"curies":[{"name":"wp","href":"https:\/\/api.w.org\/{rel}","templated":true}]}}