{"id":372,"date":"2018-05-09T14:31:40","date_gmt":"2018-05-09T12:31:40","guid":{"rendered":"http:\/\/mooc3.politechnicart.net\/politube\/?page_id=372"},"modified":"2018-05-09T20:20:22","modified_gmt":"2018-05-09T18:20:22","slug":"bibliographie-webographie","status":"publish","type":"page","link":"http:\/\/mooc3.politechnicart.net\/politube\/bibliographie-webographie\/","title":{"rendered":"Webographie"},"content":{"rendered":"<p><strong>Webographie :\u00a0<\/strong><\/p>\n<ul>\n<li style=\"font-weight: 400;\"><span style=\"font-weight: 400;\">Des candidats tr\u00e8s net. Le Monde [en ligne via Europresse]. Consult\u00e9 le 2 d\u00e9cembre 2017. <\/span><a href=\"https:\/\/nouveau.europresse.com\/PdfLink\/AkQdLWfvXC4zyoRkcJSVAG-208QX_h7yMbjtEjuC-QAisHoh9LN1LvSZhafrEF0ZrMzyD2vGwU40DTCnAzAlHQ2\"><span style=\"font-weight: 400;\">https:\/\/nouveau.europresse.com\/PdfLink\/AkQdLWfvXC4zyoRkcJSVAG-208QX_h7yMbjtEjuC-QAisHoh9LN1LvSZhafrEF0ZrMzyD2vGwU40DTCnAzAlHQ2<\/span><\/a><\/li>\n<\/ul>\n<p>&nbsp;<\/p>\n<ul>\n<li style=\"font-weight: 400;\"><span style=\"font-weight: 400;\">Philippot, M\u00e9lenchon\u2026 Ces politiques sur YouTube. Rolling Stones [en ligne]. Consult\u00e9 le 15 d\u00e9cembre 2017. <\/span><a href=\"https:\/\/www.rollingstone.fr\/philippot-melenchon-ces-politiques-sur-youtube\/\"><span style=\"font-weight: 400;\">https:\/\/www.rollingstone.fr\/philippot-melenchon-ces-politiques-sur-youtube\/<\/span><\/a><\/li>\n<\/ul>\n<p>&nbsp;<\/p>\n<ul>\n<li style=\"font-weight: 400;\"><span style=\"font-weight: 400;\">Quand les politiques jouent les youtubeurs. Paris Match [en ligne]. Consult\u00e9 le 5 d\u00e9cembre 2017. <\/span><a href=\"http:\/\/www.parismatch.com\/Actu\/Politique\/YouTube-rejoint-l-arsenal-politique-1143482\"><span style=\"font-weight: 400;\">http:\/\/www.parismatch.com\/Actu\/Politique\/YouTube-rejoint-l-arsenal-politique-1143482<\/span><\/a><\/li>\n<\/ul>\n<p>&nbsp;<\/p>\n<ul>\n<li style=\"font-weight: 400;\"><span style=\"font-weight: 400;\">Comment M\u00e9lenchon est devenu l\u2019homme politique le plus populaire de YouTube. RTL [en ligne]. Consult\u00e9 le 5 d\u00e9cembre 2017. <\/span><a href=\"http:\/\/www.rtl.fr\/actu\/politique\/comment-melenchon-est-devenu-l-homme-politique-le-plus-populaire-de-youtube-7785357695\"><span style=\"font-weight: 400;\">http:\/\/www.rtl.fr\/actu\/politique\/comment-melenchon-est-devenu-l-homme-politique-le-plus-populaire-de-youtube-7785357695<\/span><\/a><\/li>\n<li style=\"font-weight: 400;\"><span style=\"font-weight: 400;\">Culture Tube &#8211; Les politiques font des vid\u00e9os. Mr JDay [contenu YouTube]. <\/span><a href=\"https:\/\/youtu.be\/RbmQMM7nZkc\"><span style=\"font-weight: 400;\">https:\/\/youtu.be\/RbmQMM7nZkc<\/span><\/a><\/li>\n<\/ul>\n<p><strong>Liens vers les cha\u00eenes YouTube des politiques (disponible en cliquant sur les images correspondantes)\u00a0 :<\/strong><\/p>\n<p style=\"text-align: center;\"><span style=\"font-weight: 400;\">Cha\u00eene YouTube de Jean-Luc M\u00e9lenchon : <\/span><\/p>\n<p><a href=\"https:\/\/www.youtube.com\/user\/PlaceauPeuple\"><img decoding=\"async\" loading=\"lazy\" class=\"wp-image-437 size-full alignleft\" style=\"background-color: transparent; color: #333333; display: block; font-family: &amp;quot; libre franklin&amp;quot;,&amp;quot;helvetica neue&amp;quot;,helvetica,arial,sans-serif; font-size: 16px; font-style: normal; font-variant: normal; font-weight: 400; height: 159px; letter-spacing: normal; margin-left: 200.5px; margin-right: 200.5px; max-width: 580px; orphans: 2; outline-color: #72777c; outline-style: solid; outline-width: 1px; text-align: left; text-decoration: none; text-indent: 0px; text-transform: none; -webkit-text-stroke-width: 0px; white-space: normal; width: 179px; word-spacing: 0px;\" src=\"http:\/\/mooc3.politechnicart.net\/politube\/wp-content\/uploads\/sites\/28\/2018\/05\/M\u00e9lenchonChaine.png\" alt=\"\" width=\"179\" height=\"159\" \/><br \/>\n<\/a><\/p>\n<p>&nbsp;<\/p>\n<p>&nbsp;<\/p>\n<p>&nbsp;<\/p>\n<p style=\"text-align: center;\"><span style=\"font-weight: 400;\">Cha\u00eene Youtube d\u2019En Marche! :<\/span><\/p>\n<p><a href=\"https:\/\/www.youtube.com\/channel\/UCJw8np695wqWOaKVhFjkRyg\"><img decoding=\"async\" loading=\"lazy\" class=\"aligncenter wp-image-436 size-full\" style=\"background-color: transparent; color: #333333; display: block; font-family: &amp;quot; libre franklin&amp;quot;,&amp;quot;helvetica neue&amp;quot;,helvetica,arial,sans-serif; font-size: 16px; font-style: normal; font-variant: normal; font-weight: 400; height: 156px; letter-spacing: normal; margin-left: 198.5px; margin-right: 198.5px; max-width: 580px; orphans: 2; outline-color: #72777c; outline-style: solid; outline-width: 1px; text-align: left; text-decoration: none; text-indent: 0px; text-transform: none; -webkit-text-stroke-width: 0px; white-space: normal; width: 183px; word-spacing: 0px;\" src=\"http:\/\/mooc3.politechnicart.net\/politube\/wp-content\/uploads\/sites\/28\/2018\/05\/EnMarcheChaine.png\" alt=\"\" width=\"183\" height=\"156\" \/><\/a><\/p>\n<p style=\"text-align: center;\"><span style=\"font-weight: 400;\">Cha\u00eene YouTube de Fran\u00e7ois Asselineau :\u00a0<\/span><\/p>\n<p><a href=\"https:\/\/www.youtube.com\/user\/UPRdiffusion\"><img decoding=\"async\" loading=\"lazy\" class=\"aligncenter wp-image-439 size-full\" style=\"background-color: transparent; color: #333333; display: block; font-family: &amp;quot; libre franklin&amp;quot;,&amp;quot;helvetica neue&amp;quot;,helvetica,arial,sans-serif; font-size: 16px; font-style: normal; font-variant: normal; font-weight: 400; height: 161px; letter-spacing: normal; margin-left: 200.5px; margin-right: 200.5px; max-width: 580px; orphans: 2; outline-color: #72777c; outline-style: solid; outline-width: 1px; text-align: left; text-decoration: none; text-indent: 0px; text-transform: none; -webkit-text-stroke-width: 0px; white-space: normal; width: 179px; word-spacing: 0px;\" src=\"http:\/\/mooc3.politechnicart.net\/politube\/wp-content\/uploads\/sites\/28\/2018\/05\/UPRChaine.png\" alt=\"\" width=\"179\" height=\"161\" \/><\/a><\/p>\n<p style=\"text-align: center;\"><span style=\"font-weight: 400;\">Cha\u00eene YouTube de Florian Philippot :\u00a0<\/span><\/p>\n<p><a href=\"https:\/\/www.youtube.com\/channel\/UClaa_CwoQEmSo9Mb_M1f91g\"><img decoding=\"async\" loading=\"lazy\" class=\"aligncenter wp-image-438 size-full\" style=\"background-color: transparent; color: #333333; display: block; font-family: &amp;quot; libre franklin&amp;quot;,&amp;quot;helvetica neue&amp;quot;,helvetica,arial,sans-serif; font-size: 16px; font-style: normal; font-variant: normal; font-weight: 400; height: 154px; letter-spacing: normal; margin-left: 203px; margin-right: 203px; max-width: 580px; orphans: 2; outline-color: #72777c; outline-style: solid; outline-width: 1px; text-align: left; text-decoration: none; text-indent: 0px; text-transform: none; -webkit-text-stroke-width: 0px; white-space: normal; width: 174px; word-spacing: 0px;\" src=\"http:\/\/mooc3.politechnicart.net\/politube\/wp-content\/uploads\/sites\/28\/2018\/05\/PhilippotChaine.png\" alt=\"\" width=\"174\" height=\"154\" \/><\/a><b><\/b><i><\/i><u><\/u><\/p>\n","protected":false},"excerpt":{"rendered":"<p>Webographie :\u00a0 Des candidats tr\u00e8s net. Le Monde [en ligne via Europresse]. Consult\u00e9 le 2 d\u00e9cembre 2017. https:\/\/nouveau.europresse.com\/PdfLink\/AkQdLWfvXC4zyoRkcJSVAG-208QX_h7yMbjtEjuC-QAisHoh9LN1LvSZhafrEF0ZrMzyD2vGwU40DTCnAzAlHQ2 &nbsp; Philippot, &hellip; <\/p>\n<p class=\"link-more\"><a href=\"http:\/\/mooc3.politechnicart.net\/politube\/bibliographie-webographie\/\" class=\"more-link\">Continuer la lecture<span class=\"screen-reader-text\"> de &laquo;&nbsp;Webographie&nbsp;&raquo;<\/span><\/a><\/p>\n","protected":false},"author":29,"featured_media":0,"parent":0,"menu_order":0,"comment_status":"closed","ping_status":"closed","template":"","meta":{"footnotes":""},"_links":{"self":[{"href":"http:\/\/mooc3.politechnicart.net\/politube\/wp-json\/wp\/v2\/pages\/372"}],"collection":[{"href":"http:\/\/mooc3.politechnicart.net\/politube\/wp-json\/wp\/v2\/pages"}],"about":[{"href":"http:\/\/mooc3.politechnicart.net\/politube\/wp-json\/wp\/v2\/types\/page"}],"author":[{"embeddable":true,"href":"http:\/\/mooc3.politechnicart.net\/politube\/wp-json\/wp\/v2\/users\/29"}],"replies":[{"embeddable":true,"href":"http:\/\/mooc3.politechnicart.net\/politube\/wp-json\/wp\/v2\/comments?post=372"}],"version-history":[{"count":9,"href":"http:\/\/mooc3.politechnicart.net\/politube\/wp-json\/wp\/v2\/pages\/372\/revisions"}],"predecessor-version":[{"id":451,"href":"http:\/\/mooc3.politechnicart.net\/politube\/wp-json\/wp\/v2\/pages\/372\/revisions\/451"}],"wp:attachment":[{"href":"http:\/\/mooc3.politechnicart.net\/politube\/wp-json\/wp\/v2\/media?parent=372"}],"curies":[{"name":"wp","href":"https:\/\/api.w.org\/{rel}","templated":true}]}}