{"id":98,"date":"2018-05-04T18:42:07","date_gmt":"2018-05-04T16:42:07","guid":{"rendered":"http:\/\/mooc3.politechnicart.net\/politube\/?page_id=98"},"modified":"2018-05-09T16:47:23","modified_gmt":"2018-05-09T14:47:23","slug":"accueil","status":"publish","type":"page","link":"http:\/\/mooc3.politechnicart.net\/politube\/","title":{"rendered":"Accueil"},"content":{"rendered":"<p style=\"text-align: center;\"><strong>Bienvenue sur Politube, le Mooc qui parle des politiques&#8230; sur YouTube !<\/strong><\/p>\n<p style=\"text-align: justify;\">Vous \u00e9tiez d\u00e9j\u00e0 habitu\u00e9s \u00e0 voir des vid\u00e9os de Norman, EnjoyPhoenix, du Joueur du Grenier ou encore d&#8217;E-Penser, maintenant pr\u00e9parez-vous pour une toute nouvelle g\u00e9n\u00e9ration de YouTubeurs : les politiques fran\u00e7ais. En effet, ces derniers profitent de la visibilit\u00e9 que peut leur apporter la plateforme pour s&#8217;exprimer librement et toucher un public sp\u00e9cifique. Lors des campagnes \u00e9lectorales des pr\u00e9sidentielles de 2017, YouTube a jou\u00e9 un r\u00f4le important dans la communication de certains candidats, que nous allons vous pr\u00e9senter. Il s&#8217;agira ici de d\u00e9terminer si l&#8217;existence de cha\u00eenes politiques est li\u00e9e \u00e0 une volont\u00e9 de faire passer un message hors des tribunes m\u00e9diatiques conventionnelles, ou si cet outil ne sert qu&#8217;\u00e0 relayer des rediffusions d&#8217;\u00e9missions de t\u00e9l\u00e9vision. Pour se faire, nous nous sommes int\u00e9ress\u00e9s aux cha\u00eenes de Florian Philippot, Jean-Luc M\u00e9lenchon, Fran\u00e7ois Asselineau et celle de la R\u00e9publique en Marche! Tous se sont pr\u00e9sent\u00e9s aux \u00e9lections pr\u00e9sidentielles \u00e0 l&#8217;exception de Florian Philippot qui \u00e9tait quand m\u00eame tr\u00e8s investi dans la campagne du FN. Fran\u00e7ois Asselineau de l&#8217;UPR a beaucoup fait parler de lui et de sa campagne qu&#8217;il menait beaucoup en ligne, faute d&#8217;avoir d&#8217;autres moyens de faire entendre sa voix selon lui. Jean-Luc M\u00e9lenchon, candidat de la France Insoumise, a aussi \u00e9t\u00e9 tr\u00e8s actif sur sa cha\u00eene, et compte un plus grand nombre d&#8217;abonn\u00e9s que les autres cha\u00eenes politiques. La fa\u00e7on d&#8217;utiliser la plateforme diff\u00e8re selon les candidats, puisqu&#8217;on qu&#8217;on ne voit que rarement Emmanuel Macron s&#8217;exprimer face cam\u00e9ra, alors que cet exercice est r\u00e9guli\u00e8rement pratiqu\u00e9 par les autres candidats. Nous verrons dans ce Mooc quelles sont les m\u00e9thodes utilis\u00e9es. Ensuite, nous \u00e9tablirons les similitudes entre les conventions comportementales, esth\u00e9tiques ou rh\u00e9toriques adopt\u00e9es r\u00e9cemment par ces politiques avec les codes assimil\u00e9s par les YouTubeurs qui ont eux-m\u00eames cr\u00e9\u00e9 ces pratiques.<\/p>\n<p><strong>Pr\u00e9sentation rapide des cha\u00eenes concern\u00e9es en quelques chiffres :<\/strong><\/p>\n<ul>\n<li>Jean-Luc M\u00e9lenchon : cha\u00eene cr\u00e9\u00e9e le 01-01-12. Elle comptabilise plus de 375 000 abonn\u00e9s et r\u00e9unie 678 vid\u00e9os r\u00e9parties en 32 playlists. La cha\u00eene compte plus de 43 millions de vues.<\/li>\n<li>La R\u00e9publique en Marche ! : cha\u00eene cr\u00e9\u00e9e le 08-03-16. Elle comptabilise 24 000 abonn\u00e9s et r\u00e9unie 348 vid\u00e9os r\u00e9parties en 21 playlists. La cha\u00eene compte plus de 3 millions de vues.<\/li>\n<li>UPR (Fran\u00e7ois Asselineau) : cha\u00eene cr\u00e9\u00e9e le 09.03.10. Elle comptabilise plus de 64 000 abonn\u00e9s et r\u00e9unie 836 vid\u00e9os r\u00e9parties en 38 playlists. La cha\u00eene compte plus de 17 millions de vues.<\/li>\n<li>Florian Philippot : cha\u00eene cr\u00e9\u00e9e le 10.01.17. Elle comptabilise plus de 17 000 abonn\u00e9s et r\u00e9unie 40 vid\u00e9os r\u00e9parties en 2 playlists. La cha\u00eene compte plus de 1 million de vues.<\/li>\n<\/ul>\n<p><strong>Comment naviguer sur ce Mooc ? Rien de plus simple !\u00a0<\/strong><\/p>\n<p>Vous trouverez dans le menu diff\u00e9rents cours portant sur une th\u00e9matique li\u00e9e au sujet de l&#8217;utilisation faite de YouTube par les politiques. Ils sont au nombre de quatre et \u00e0 lire dans l&#8217;ordre (en commen\u00e7ant donc par le module 1). A la fin de ce Mooc, un quiz vous est propos\u00e9.<\/p>\n<p>&nbsp;<\/p>\n<p style=\"text-align: center;\"><strong>Bonne visite sur ce Mooc, et n&#8217;h\u00e9sitez pas \u00e0 utiliser l&#8217;espace &#8220;commentaire&#8221; pour nous soutenir !<\/strong><\/p>\n","protected":false},"excerpt":{"rendered":"<p>Bienvenue sur Politube, le Mooc qui parle des politiques&#8230; sur YouTube ! Vous \u00e9tiez d\u00e9j\u00e0 habitu\u00e9s \u00e0 voir des vid\u00e9os &hellip; <\/p>\n<p class=\"link-more\"><a href=\"http:\/\/mooc3.politechnicart.net\/politube\/\" class=\"more-link\">Continuer la lecture<span class=\"screen-reader-text\"> de &laquo;&nbsp;Accueil&nbsp;&raquo;<\/span><\/a><\/p>\n","protected":false},"author":29,"featured_media":0,"parent":0,"menu_order":0,"comment_status":"closed","ping_status":"closed","template":"","meta":{"footnotes":""},"_links":{"self":[{"href":"http:\/\/mooc3.politechnicart.net\/politube\/wp-json\/wp\/v2\/pages\/98"}],"collection":[{"href":"http:\/\/mooc3.politechnicart.net\/politube\/wp-json\/wp\/v2\/pages"}],"about":[{"href":"http:\/\/mooc3.politechnicart.net\/politube\/wp-json\/wp\/v2\/types\/page"}],"author":[{"embeddable":true,"href":"http:\/\/mooc3.politechnicart.net\/politube\/wp-json\/wp\/v2\/users\/29"}],"replies":[{"embeddable":true,"href":"http:\/\/mooc3.politechnicart.net\/politube\/wp-json\/wp\/v2\/comments?post=98"}],"version-history":[{"count":13,"href":"http:\/\/mooc3.politechnicart.net\/politube\/wp-json\/wp\/v2\/pages\/98\/revisions"}],"predecessor-version":[{"id":427,"href":"http:\/\/mooc3.politechnicart.net\/politube\/wp-json\/wp\/v2\/pages\/98\/revisions\/427"}],"wp:attachment":[{"href":"http:\/\/mooc3.politechnicart.net\/politube\/wp-json\/wp\/v2\/media?parent=98"}],"curies":[{"name":"wp","href":"https:\/\/api.w.org\/{rel}","templated":true}]}}