{"id":70,"date":"2018-04-04T11:12:06","date_gmt":"2018-04-04T09:12:06","guid":{"rendered":"http:\/\/mooc3.politechnicart.net\/pranktube\/?page_id=70"},"modified":"2018-05-09T18:16:04","modified_gmt":"2018-05-09T16:16:04","slug":"introduction","status":"publish","type":"page","link":"http:\/\/mooc3.politechnicart.net\/pranktube\/","title":{"rendered":"Introduction"},"content":{"rendered":"<p>Un prank, que l\u2019on pourrait traduire par farce ou blague, est une action destin\u00e9e \u00e0 faire rire un public aux d\u00e9pens de quelqu\u2019un.<\/p>\n<p>Aujourd\u2019hui, le prank est devenu viral, s\u2019imposant presque comme un ph\u00e9nom\u00e8ne social \u00e0 part enti\u00e8re. Avec internet, le principe de cam\u00e9ra cach\u00e9e est retravaill\u00e9 et certains n\u2019h\u00e9sitent pas \u00e0 repousser les limites, quitte \u00e0 s\u2019attirer des ennuis.<\/p>\n<p>Les premiers pranks sur internet sont apparus sur le r\u00e9seau social YouTube. YouTube est la plus grosse plate-forme d\u2019h\u00e9bergement de vid\u00e9os actuelle. Sur ce site, les utilisateurs peuvent envoyer, \u00e9valuer, regarder, commenter et partager des vid\u00e9os.<\/p>\n<p>Si le ph\u00e9nom\u00e8ne du prank ne cesse de cro\u00eetre depuis ces derni\u00e8res ann\u00e9es, certains internautes sont sp\u00e9cialis\u00e9s dans ce domaine depuis tr\u00e8s longtemps. C\u2019est le cas de R\u00e9mi Gaillard, un vid\u00e9aste montpelli\u00e9rain consid\u00e9r\u00e9 comme un des pr\u00e9curseurs de la cam\u00e9ra cach\u00e9e sur internet.<\/p>\n<p>Pr\u00e9sent sur Youtube depuis juillet 2007 (YouTube a \u00e9t\u00e9 cr\u00e9\u00e9 en f\u00e9vrier 2005), R\u00e9mi Gaillard compte plus de 6 millions d\u2019abonn\u00e9s \u00e0 travers le monde pour plus d\u20191,6 milliard de vues sur ses vid\u00e9os, certaines d\u00e9passant \u00e0 elles seules les 50 millions de vues.<br \/>\nSur internet, R\u00e9mi Gaillard est devenu la r\u00e9f\u00e9rence en terme de pranks et autres cam\u00e9ras cach\u00e9es, et nombreux sont ceux \u00e0 s\u2019\u00eatre inspir\u00e9s de son travail.<\/p>\n","protected":false},"excerpt":{"rendered":"<p>Un prank, que l\u2019on pourrait traduire par farce ou blague, est une action destin\u00e9e \u00e0 faire rire un public aux &hellip; <\/p>\n<p class=\"link-more\"><a href=\"http:\/\/mooc3.politechnicart.net\/pranktube\/\" class=\"more-link\">Continuer la lecture<span class=\"screen-reader-text\"> de &laquo;&nbsp;Introduction&nbsp;&raquo;<\/span><\/a><\/p>\n","protected":false},"author":20,"featured_media":0,"parent":0,"menu_order":0,"comment_status":"closed","ping_status":"closed","template":"","meta":{"footnotes":""},"_links":{"self":[{"href":"http:\/\/mooc3.politechnicart.net\/pranktube\/wp-json\/wp\/v2\/pages\/70"}],"collection":[{"href":"http:\/\/mooc3.politechnicart.net\/pranktube\/wp-json\/wp\/v2\/pages"}],"about":[{"href":"http:\/\/mooc3.politechnicart.net\/pranktube\/wp-json\/wp\/v2\/types\/page"}],"author":[{"embeddable":true,"href":"http:\/\/mooc3.politechnicart.net\/pranktube\/wp-json\/wp\/v2\/users\/20"}],"replies":[{"embeddable":true,"href":"http:\/\/mooc3.politechnicart.net\/pranktube\/wp-json\/wp\/v2\/comments?post=70"}],"version-history":[{"count":4,"href":"http:\/\/mooc3.politechnicart.net\/pranktube\/wp-json\/wp\/v2\/pages\/70\/revisions"}],"predecessor-version":[{"id":150,"href":"http:\/\/mooc3.politechnicart.net\/pranktube\/wp-json\/wp\/v2\/pages\/70\/revisions\/150"}],"wp:attachment":[{"href":"http:\/\/mooc3.politechnicart.net\/pranktube\/wp-json\/wp\/v2\/media?parent=70"}],"curies":[{"name":"wp","href":"https:\/\/api.w.org\/{rel}","templated":true}]}}