{"id":82,"date":"2018-04-04T11:34:27","date_gmt":"2018-04-04T09:34:27","guid":{"rendered":"http:\/\/mooc3.politechnicart.net\/pranktube\/?page_id=82"},"modified":"2018-05-09T18:19:47","modified_gmt":"2018-05-09T16:19:47","slug":"module-1","status":"publish","type":"page","link":"http:\/\/mooc3.politechnicart.net\/pranktube\/module-1\/","title":{"rendered":"Module 1"},"content":{"rendered":"<p><strong>Les origines de la cam\u00e9ra cach\u00e9e<\/strong><\/p>\n<p>Il faut savoir que le principe de cam\u00e9ra cach\u00e9e n\u2019est pas apparu avec l\u2019av\u00e8nement d\u2019internet. Nombreux sont les programmes t\u00e9l\u00e9vis\u00e9s et autres divertissements ayant amus\u00e9 le public gr\u00e2ce aux cam\u00e9ras cach\u00e9es. Les \u00e9missions ayant fait la renomm\u00e9e de la cam\u00e9ra cach\u00e9e sont La Cam\u00e9ra cach\u00e9e, cr\u00e9\u00e9e en 1964 par Pierre Bellemare et Jacques Rouland, les cam\u00e9ra cach\u00e9es de Laurent Baffie dans Double Jeu, \u00e9mission pr\u00e9sent\u00e9e part Thierry Ardisson, de 1991 \u00e0 1993, ou encore, de mani\u00e8re plus contemporaine, Connasse, avec Camille Cottin, diffus\u00e9 sur Canal +.<br \/>\nDans tous ces programmes, le principe \u00e9tait simple : un acteur a pour objectif de pi\u00e9ger des inconnus en les confrontant \u00e0 des situations cocasses.<br \/>\nDans un autre registre, des \u00e9missions comme Surprise sur Prise pi\u00e9geait des c\u00e9l\u00e9brit\u00e9s.<br \/>\nEnfin, il existe une autre utilit\u00e9 aux cam\u00e9ras cach\u00e9es. La cam\u00e9ra cach\u00e9e n\u2019a plus une port\u00e9e humoristique mais une port\u00e9e sociologique.<\/p>\n<p><iframe loading=\"lazy\" width=\"525\" height=\"295\" src=\"https:\/\/www.youtube.com\/embed\/BgRoiTWkBHU?feature=oembed\" frameborder=\"0\" allow=\"autoplay; encrypted-media\" allowfullscreen><\/iframe><\/p>\n<p>En 1962 \u00e9tait diffus\u00e9e sur les \u00e9crans <strong>L&#8217;exp\u00e9rience de l\u2019ascenseur<\/strong>, une exp\u00e9rience sociale sur le conformisme. La cam\u00e9ra cach\u00e9e ne fait plus rire mais \u00e9tudie des ph\u00e9nom\u00e8nes sociaux. C\u2019est la m\u00eame chose pour <strong>Cam Clash<\/strong>, une \u00e9mission fran\u00e7aise diffus\u00e9e depuis 2014 sur France 4.<br \/>\nL&#8217;\u00e9mission a pour but de montrer toutes les discriminations dans la soci\u00e9t\u00e9 fran\u00e7aise en simulant en situation r\u00e9elle des comportements plus ou moins g\u00eanants. L\u2019objectif est de sensibiliser le t\u00e9l\u00e9spectateur face \u00e0 ces comportements. Bien \u00e9videmment, certaines r\u00e9actions peuvent provoquer un sourire, voire un rire, mais le but est de d\u00e9peindre une r\u00e9alit\u00e9 sociale par l\u2019interm\u00e9diaire des cam\u00e9ras cach\u00e9es.<\/p>\n<p><iframe loading=\"lazy\" width=\"525\" height=\"295\" src=\"https:\/\/www.youtube.com\/embed\/nBuERDBTMQU?feature=oembed\" frameborder=\"0\" allow=\"autoplay; encrypted-media\" allowfullscreen><\/iframe><\/p>\n<p>Sur internet, certaines chaines cherchent \u00e9galement \u00e0 d\u00e9velopper l\u2019aspect sociologique, \u00e0 susciter le d\u00e9bat et \u00e0 inviter le spectateur \u00e0 d\u00e9fendre, ou non, certaines causes. C\u2019est le cas de la cha\u00eene belge Would You React ?, dont le titre est assez explicite. Son cr\u00e9ateur, Jonathan, le dit lui-m\u00eame, il souhaite \u00ab\u00a0diffuser des messages de solidarit\u00e9 et de positivit\u00e9\u00a0\u00bb, en travaillant sur les liens sociaux qui peuvent unir la soci\u00e9t\u00e9.<\/p>\n","protected":false},"excerpt":{"rendered":"<p>Les origines de la cam\u00e9ra cach\u00e9e Il faut savoir que le principe de cam\u00e9ra cach\u00e9e n\u2019est pas apparu avec l\u2019av\u00e8nement &hellip; <\/p>\n<p class=\"link-more\"><a href=\"http:\/\/mooc3.politechnicart.net\/pranktube\/module-1\/\" class=\"more-link\">Continuer la lecture<span class=\"screen-reader-text\"> de &laquo;&nbsp;Module 1&nbsp;&raquo;<\/span><\/a><\/p>\n","protected":false},"author":20,"featured_media":0,"parent":0,"menu_order":0,"comment_status":"closed","ping_status":"closed","template":"","meta":{"footnotes":""},"_links":{"self":[{"href":"http:\/\/mooc3.politechnicart.net\/pranktube\/wp-json\/wp\/v2\/pages\/82"}],"collection":[{"href":"http:\/\/mooc3.politechnicart.net\/pranktube\/wp-json\/wp\/v2\/pages"}],"about":[{"href":"http:\/\/mooc3.politechnicart.net\/pranktube\/wp-json\/wp\/v2\/types\/page"}],"author":[{"embeddable":true,"href":"http:\/\/mooc3.politechnicart.net\/pranktube\/wp-json\/wp\/v2\/users\/20"}],"replies":[{"embeddable":true,"href":"http:\/\/mooc3.politechnicart.net\/pranktube\/wp-json\/wp\/v2\/comments?post=82"}],"version-history":[{"count":4,"href":"http:\/\/mooc3.politechnicart.net\/pranktube\/wp-json\/wp\/v2\/pages\/82\/revisions"}],"predecessor-version":[{"id":151,"href":"http:\/\/mooc3.politechnicart.net\/pranktube\/wp-json\/wp\/v2\/pages\/82\/revisions\/151"}],"wp:attachment":[{"href":"http:\/\/mooc3.politechnicart.net\/pranktube\/wp-json\/wp\/v2\/media?parent=82"}],"curies":[{"name":"wp","href":"https:\/\/api.w.org\/{rel}","templated":true}]}}