{"id":86,"date":"2018-04-04T11:39:59","date_gmt":"2018-04-04T09:39:59","guid":{"rendered":"http:\/\/mooc3.politechnicart.net\/pranktube\/?page_id=86"},"modified":"2018-05-09T18:21:58","modified_gmt":"2018-05-09T16:21:58","slug":"module-2","status":"publish","type":"page","link":"http:\/\/mooc3.politechnicart.net\/pranktube\/module-2\/","title":{"rendered":"Module 2"},"content":{"rendered":"<p><strong>Le prank, une mode dans l\u2019air du temps<\/strong><\/p>\n<p>En 2015, les vid\u00e9os de pranks auraient totalis\u00e9 plus de 20 milliards de vues sur la plateforme Youtube, et ce nombre est en constante augmentation.<br \/>\nIl faut savoir que sur Youtube, plus de quatre milliards d&#8217;heures de vid\u00e9o sont visionn\u00e9es chaque jour et 600 000 heures de vid\u00e9os sont upload\u00e9es de fa\u00e7on journali\u00e8re.<\/p>\n<p>Le prank a acquis une place importante dans l\u2019univers Youtube. Dans les tendances, nombreux sont les pranks, et parfois \u00e0 de tr\u00e8s bonnes places. Certains se sont sp\u00e9cialis\u00e9s dans ce domaine, d\u2019autres en font de temps en temps.<br \/>\nMais au fur et \u00e0 mesure que le genre a grandi, les pranks sont devenus de plus en plus transgressifs. Certains youtubers n\u2019h\u00e9sitent pas \u00e0 se mettre en danger pour parvenir \u00e0 leurs fins.<\/p>\n<p>Il est compliqu\u00e9 d\u2019estimer les revenus de Youtubers qui se consacrent exclusivement aux pranks. Gagner de l\u2019argent gr\u00e2ce \u00e0 Youtube est devenu une t\u00e2che bien plus compliqu\u00e9e qu\u2019il y a un ou deux ans. Toutefois, les \u00ab\u00a0gros\u00a0\u00bb youtubers g\u00e9n\u00e8rent de l\u2019argent gr\u00e2ce aux sponsors et autres publicit\u00e9s. Les chaines les plus actives sont <strong>DM Pranks&#8217; Killer Clowns<\/strong> (chaine sp\u00e9cialis\u00e9e dans le prank horrifique), <strong>R\u00e9mi Gaillard<\/strong> (que l\u2019on citait pr\u00e9c\u00e9demment) ou encore <strong>BigDawsTV<\/strong>.<br \/>\nCertains Youtubers comme <strong>Tiana<\/strong>, qui enchainent les cam\u00e9ras cach\u00e9es, comptabilisent plus de 500 000 abonn\u00e9s. Seule particularit\u00e9\u2026 Tiana a 11 ans. Il est important de rappeler que l&#8217;\u00e2ge minimum pour s&#8217;inscrire sur Google, et donc Youtube est de&#8230; 13 ans !<\/p>\n<p>Enfin, il suffit de taper prank dans la barre de recherches Youtube pour s\u2019apercevoir qu&#8217;il s&#8217;agit d&#8217;un v\u00e9ritable ph\u00e9nom\u00e8ne. Ce seul mot g\u00e9n\u00e8re plus de 41 800 000 r\u00e9sultats en terme de vid\u00e9os et plus de 22 500 000 r\u00e9sultats en ce qui concerne les chaines.<\/p>\n<p>Les pranks sur Youtube g\u00e9n\u00e8rent de l\u2019int\u00e9r\u00eat, am\u00e8nent le clic, et \u00e7a, les cr\u00e9ateurs de contenu l\u2019ont bien compris.<\/p>\n","protected":false},"excerpt":{"rendered":"<p>Le prank, une mode dans l\u2019air du temps En 2015, les vid\u00e9os de pranks auraient totalis\u00e9 plus de 20 milliards &hellip; <\/p>\n<p class=\"link-more\"><a href=\"http:\/\/mooc3.politechnicart.net\/pranktube\/module-2\/\" class=\"more-link\">Continuer la lecture<span class=\"screen-reader-text\"> de &laquo;&nbsp;Module 2&nbsp;&raquo;<\/span><\/a><\/p>\n","protected":false},"author":20,"featured_media":0,"parent":0,"menu_order":0,"comment_status":"closed","ping_status":"closed","template":"","meta":{"footnotes":""},"_links":{"self":[{"href":"http:\/\/mooc3.politechnicart.net\/pranktube\/wp-json\/wp\/v2\/pages\/86"}],"collection":[{"href":"http:\/\/mooc3.politechnicart.net\/pranktube\/wp-json\/wp\/v2\/pages"}],"about":[{"href":"http:\/\/mooc3.politechnicart.net\/pranktube\/wp-json\/wp\/v2\/types\/page"}],"author":[{"embeddable":true,"href":"http:\/\/mooc3.politechnicart.net\/pranktube\/wp-json\/wp\/v2\/users\/20"}],"replies":[{"embeddable":true,"href":"http:\/\/mooc3.politechnicart.net\/pranktube\/wp-json\/wp\/v2\/comments?post=86"}],"version-history":[{"count":5,"href":"http:\/\/mooc3.politechnicart.net\/pranktube\/wp-json\/wp\/v2\/pages\/86\/revisions"}],"predecessor-version":[{"id":152,"href":"http:\/\/mooc3.politechnicart.net\/pranktube\/wp-json\/wp\/v2\/pages\/86\/revisions\/152"}],"wp:attachment":[{"href":"http:\/\/mooc3.politechnicart.net\/pranktube\/wp-json\/wp\/v2\/media?parent=86"}],"curies":[{"name":"wp","href":"https:\/\/api.w.org\/{rel}","templated":true}]}}