{"id":88,"date":"2018-04-04T11:41:33","date_gmt":"2018-04-04T09:41:33","guid":{"rendered":"http:\/\/mooc3.politechnicart.net\/pranktube\/?page_id=88"},"modified":"2018-05-09T18:24:26","modified_gmt":"2018-05-09T16:24:26","slug":"module-3","status":"publish","type":"page","link":"http:\/\/mooc3.politechnicart.net\/pranktube\/module-3\/","title":{"rendered":"Module 3"},"content":{"rendered":"<p><strong>\u00c9tude d&#8217;une pol\u00e9mique : les vid\u00e9os de DaddyOFive<\/strong><\/p>\n<p><img decoding=\"async\" loading=\"lazy\" class=\"alignnone size-medium wp-image-133\" src=\"http:\/\/mooc3.politechnicart.net\/pranktube\/wp-content\/uploads\/sites\/19\/2018\/05\/daddyofive-640x433-300x203.jpg\" alt=\"\" width=\"300\" height=\"203\" srcset=\"http:\/\/mooc3.politechnicart.net\/pranktube\/wp-content\/uploads\/sites\/19\/2018\/05\/daddyofive-640x433-300x203.jpg 300w, http:\/\/mooc3.politechnicart.net\/pranktube\/wp-content\/uploads\/sites\/19\/2018\/05\/daddyofive-640x433.jpg 640w\" sizes=\"(max-width: 300px) 100vw, 300px\" \/><\/p>\n<p><strong>Description de la vid\u00e9o pol\u00e9mique <\/strong>: \u00ab On y voit le petit Cody, 9 ans, tenter vainement de se d\u00e9fendre contre ses parents. Ces derniers, qui l&#8217;accusent (\u00e0 tort) d&#8217;avoir renvers\u00e9 de l&#8217;encre bleue sur la moquette de sa chambre, lui hurlent dessus. \u201c<em>Je n&#8217;ai pas fait \u00e7a, je n&#8217;ai rien fait, ce n&#8217;est pas moi<\/em>\u201d, r\u00e9p\u00e8te en boucle l&#8217;enfant. Mike et Heather insistent. Ne s&#8217;arr\u00eatent ni lorsque Cody fond en larmes, genoux \u00e0 terre, ni lorsque l&#8217;un de ses fr\u00e8res se met lui-aussi \u00e0 pleurer, visiblement \u00e9prouv\u00e9 par la situation.<\/p>\n<p><strong>Cons\u00e9quences<\/strong> : Michael et Heather Martin, les deux parents am\u00e9ricains auteurs de la cha\u00eene <strong>DaddyOFive<\/strong> ont \u00e9t\u00e9 condamn\u00e9s \u00e0 cinq ans de mise \u00e0 l\u2019\u00e9preuve. S&#8217;ils conservent la garde de leurs trois enfants les plus \u00e2g\u00e9s, ils n&#8217;ont pas le droit d&#8217;entrer en contact avec les deux plus jeunes.<br \/>\nC\u2019est Rose Hall, la m\u00e8re biologique de Cody et de sa s\u0153ur Emma, qui a finalement obtenu la garde de ses deux enfants.<br \/>\nMais cette vid\u00e9o ne fut pas le seul chef d\u2019accusation. La violence d\u2019autres \u00ab\u00a0pranks\u00a0\u00bb tourn\u00e9s par les parents fut aussi remarqu\u00e9e, et certains internautes eurent le r\u00e9flexe de faire certaines captures d\u2019\u00e9cran montrant des bleus et autres traces de coups sur les bras et jambes des enfants. Il n\u2019\u00e9tait alors plus seulement question de maltraitance morale, mais \u00e9galement physique.<\/p>\n<p><strong>Naissance d\u2019une pol\u00e9mique<\/strong> : La chaine <strong>DaddyOFive<\/strong> ne compte plus que 10 vid\u00e9os, dont une qui nous invite \u00e0 nous abonner \u00e0 leur nouvelle chaine : <strong>FamilyOFive<\/strong>. La quasi-enti\u00e8ret\u00e9 des vid\u00e9os a \u00e9t\u00e9 supprim\u00e9e suite \u00e0 la pol\u00e9mique.<br \/>\nC\u2019est le Youtubeur <strong>Philip DeFranco<\/strong> qui fut un des premiers \u00e0 s\u2019int\u00e9resser et \u00e0 d\u00e9noncer les agissements des parents envers les enfants. Ce Youtubeur am\u00e9ricain a pour habitude de d\u00e9noncer les agissements poussifs de certains utilisateurs de la plateforme. R\u00e9cemment, Philip DeFranco s\u2019est int\u00e9ress\u00e9 \u00e0 l\u2019affaire <strong>Logan Paul<\/strong>, qui avait film\u00e9 un corps suicid\u00e9 au Japon.<br \/>\nA propos de DaddyOFive, Philip DeFranco a \u00ab\u00a0surf\u00e9 sur le buzz\u00a0\u00bb en y consacrant pas moins de 4 vid\u00e9os, d\u00e9non\u00e7ant les m\u00e9faits des parents et les risques subis par les enfants.<\/p>\n<p>Cette affaire a ensuite pris des tournures mondiales. Des m\u00e9dias fran\u00e7ais comme Slate ont consacr\u00e9 des articles sur Michael et Heather Martin, et des Youtubers fran\u00e7ais comme <strong>Le roi des rats<\/strong> ont expos\u00e9 les limites des pranks et autres cam\u00e9ras cach\u00e9es en utilisant l\u2019exemple DaddyOFive. Mais outre les agissements des parents, des interrogations sont soulev\u00e9es \u00e0 propos du public vis\u00e9. Qu\u2019est-ce qui rend un tel contenu attractif ? Comment expliquer le fait que plus de 700 000 personnes se soient abonn\u00e9es \u00e0 cette cha\u00eene et que certaines vid\u00e9os aient d\u00e9pass\u00e9 le million de vues ?<\/p>\n<p><iframe loading=\"lazy\" width=\"525\" height=\"295\" src=\"https:\/\/www.youtube.com\/embed\/RaZtj_36-ww?start=24&#038;feature=oembed\" frameborder=\"0\" allow=\"autoplay; encrypted-media\" allowfullscreen><\/iframe><\/p>\n","protected":false},"excerpt":{"rendered":"<p>\u00c9tude d&#8217;une pol\u00e9mique : les vid\u00e9os de DaddyOFive Description de la vid\u00e9o pol\u00e9mique : \u00ab On y voit le petit &hellip; <\/p>\n<p class=\"link-more\"><a href=\"http:\/\/mooc3.politechnicart.net\/pranktube\/module-3\/\" class=\"more-link\">Continuer la lecture<span class=\"screen-reader-text\"> de &laquo;&nbsp;Module 3&nbsp;&raquo;<\/span><\/a><\/p>\n","protected":false},"author":20,"featured_media":0,"parent":0,"menu_order":0,"comment_status":"closed","ping_status":"closed","template":"","meta":{"footnotes":""},"_links":{"self":[{"href":"http:\/\/mooc3.politechnicart.net\/pranktube\/wp-json\/wp\/v2\/pages\/88"}],"collection":[{"href":"http:\/\/mooc3.politechnicart.net\/pranktube\/wp-json\/wp\/v2\/pages"}],"about":[{"href":"http:\/\/mooc3.politechnicart.net\/pranktube\/wp-json\/wp\/v2\/types\/page"}],"author":[{"embeddable":true,"href":"http:\/\/mooc3.politechnicart.net\/pranktube\/wp-json\/wp\/v2\/users\/20"}],"replies":[{"embeddable":true,"href":"http:\/\/mooc3.politechnicart.net\/pranktube\/wp-json\/wp\/v2\/comments?post=88"}],"version-history":[{"count":6,"href":"http:\/\/mooc3.politechnicart.net\/pranktube\/wp-json\/wp\/v2\/pages\/88\/revisions"}],"predecessor-version":[{"id":153,"href":"http:\/\/mooc3.politechnicart.net\/pranktube\/wp-json\/wp\/v2\/pages\/88\/revisions\/153"}],"wp:attachment":[{"href":"http:\/\/mooc3.politechnicart.net\/pranktube\/wp-json\/wp\/v2\/media?parent=88"}],"curies":[{"name":"wp","href":"https:\/\/api.w.org\/{rel}","templated":true}]}}