{"id":94,"date":"2018-04-04T11:46:21","date_gmt":"2018-04-04T09:46:21","guid":{"rendered":"http:\/\/mooc3.politechnicart.net\/pranktube\/?page_id=94"},"modified":"2018-05-09T18:29:25","modified_gmt":"2018-05-09T16:29:25","slug":"module-4-2","status":"publish","type":"page","link":"http:\/\/mooc3.politechnicart.net\/pranktube\/module-4-2\/","title":{"rendered":"Module 4"},"content":{"rendered":"<p><strong>Les pranks, reflets de la vie quotidienne ?<\/strong><\/p>\n<p>Tout comme les VLOG, les pranks sont de r\u00e9elles mises en de la vie sur internet.<br \/>\nIci, le principe de mise en sc\u00e8ne renvoie \u00e0 l\u2019exposition de sa vie sur le r\u00e9seau. Certains vid\u00e9astes, pour proposer les meilleures vid\u00e9os qui soient, n\u2019h\u00e9sitent pas \u00e0 exposer leur compagne\/compagnon, leurs ami(e)s, leurs parents, voire m\u00eame leurs grands-parents ! Le prank s\u2019inscrit dans \u00ab\u00a0la vie r\u00e9elle\u00a0\u00bb, dans un quotidien dans lequel chacun se reconnait. Pour qu\u2019il fonctionne, un prank doit susciter de l\u2019int\u00e9r\u00eat chez le spectateur afin qu\u2019il se dise \u00ab\u00a0Tiens, je peux aussi faire cette blague \u00e0 ma famille !\u00a0\u00bb. Rappelons que le slogan de Youtube est \u00ab\u00a0Broadcast Yourself\u00a0\u00bb (litt\u00e9ralement &#8220;diffusez-vous vous-m\u00eame&#8221;). Un slogan qui annonce la couleur.<\/p>\n<p>Aussi, le prank sur Youtube a connu de nombreuses modes : pranks de la vie quotidienne, histoires de clowns tueurs, pranks sous forme d\u2019exp\u00e9riences sociales, etc\u2026<br \/>\nLes pranks plaisent mais sont \u00e9galement source de controverses.<\/p>\n<p><img decoding=\"async\" loading=\"lazy\" class=\"alignnone wp-image-135 size-full\" src=\"http:\/\/mooc3.politechnicart.net\/pranktube\/wp-content\/uploads\/sites\/19\/2018\/05\/nou-chaine-youtube-web-detective.jpg\" alt=\"\" width=\"960\" height=\"352\" srcset=\"http:\/\/mooc3.politechnicart.net\/pranktube\/wp-content\/uploads\/sites\/19\/2018\/05\/nou-chaine-youtube-web-detective.jpg 960w, http:\/\/mooc3.politechnicart.net\/pranktube\/wp-content\/uploads\/sites\/19\/2018\/05\/nou-chaine-youtube-web-detective-300x110.jpg 300w, http:\/\/mooc3.politechnicart.net\/pranktube\/wp-content\/uploads\/sites\/19\/2018\/05\/nou-chaine-youtube-web-detective-768x282.jpg 768w\" sizes=\"(max-width: 767px) 89vw, (max-width: 1000px) 54vw, (max-width: 1071px) 543px, 580px\" \/><\/p>\n<p>Dans le domaine des faux pranks, c\u2019est la cha\u00eene fran\u00e7aise <strong>Nou<\/strong> qui a r\u00e9cemment \u00e9t\u00e9 au coeur de la controverse.<br \/>\nAvant d\u2019\u00eatre m\u00e9diatis\u00e9 par <strong>Cyril Hanouna<\/strong> dans <em>Touche pas \u00e0 mon Poste<\/em>, <strong>Nou<\/strong> s\u2019est fait une r\u00e9putation sur internet gr\u00e2ce \u00e0 <strong>Gr\u00e9gory Guillotin<\/strong>, principal acteur principal des vid\u00e9os. Anciennement connu sous le nom de <strong>Bengui<\/strong> et ancien membre du <strong>Studio Bagel<\/strong>, le vid\u00e9aste a cr\u00e9\u00e9 plus de 60 pranks. Co-voiturage, location de voiture, au ski, au restaurant ou encore \u00e0 la plage, tant de domaines exploit\u00e9s par la chaine. L\u2019\u00e9quipe de <strong>Nou<\/strong> a \u00e9galement pi\u00e9g\u00e9 de nombreuses personnalit\u00e9s telles que <strong>Julien Courbet<\/strong>, <strong>Antoine de Caunes<\/strong> ou <strong>Hatem Ben Arfa<\/strong>. Actuellement la vid\u00e9o la plus vue est &#8220;<em>coup de foudre entre hommes en escalator<\/em>&#8221; qui comptabilise plus de 11 millions de vues.<\/p>\n<p>Le succ\u00e8s aurait pu continuer de cro\u00eetre mais des internautes se sont int\u00e9ress\u00e9s d\u2019un peu plus pr\u00e8s \u00e0 ces vid\u00e9os et ont remarqu\u00e9 que certaines vid\u00e9os ne sont que tromperies. Peu de temps apr\u00e8s, <strong>Gr\u00e9gory Guillotin<\/strong> a reconnu avoir truqu\u00e9 certaines cam\u00e9ras cach\u00e9es.<br \/>\nSi ces pranks semblaient si cr\u00e9dibles, c\u2019est parce que le vid\u00e9aste a embauch\u00e9 des acteurs afin de jouer la surprise, la peur, la com\u00e9die en quelque sorte.<br \/>\nLe jeu d\u2019acteur est une des principales caract\u00e9ristiques du prank. Toute r\u00e9action qui semble inappropri\u00e9e ou faussement naturelle d\u00e9cr\u00e9dibilise de suite le prank. Sur Youtube, il est donc tr\u00e8s facile d\u2019identifier un faux prank gr\u00e2ce \u00e0 un mauvais jeu d\u2019acteur.<\/p>\n<p>&nbsp;<\/p>\n","protected":false},"excerpt":{"rendered":"<p>Les pranks, reflets de la vie quotidienne ? Tout comme les VLOG, les pranks sont de r\u00e9elles mises en de &hellip; <\/p>\n<p class=\"link-more\"><a href=\"http:\/\/mooc3.politechnicart.net\/pranktube\/module-4-2\/\" class=\"more-link\">Continuer la lecture<span class=\"screen-reader-text\"> de &laquo;&nbsp;Module 4&nbsp;&raquo;<\/span><\/a><\/p>\n","protected":false},"author":20,"featured_media":0,"parent":0,"menu_order":0,"comment_status":"closed","ping_status":"closed","template":"","meta":{"footnotes":""},"_links":{"self":[{"href":"http:\/\/mooc3.politechnicart.net\/pranktube\/wp-json\/wp\/v2\/pages\/94"}],"collection":[{"href":"http:\/\/mooc3.politechnicart.net\/pranktube\/wp-json\/wp\/v2\/pages"}],"about":[{"href":"http:\/\/mooc3.politechnicart.net\/pranktube\/wp-json\/wp\/v2\/types\/page"}],"author":[{"embeddable":true,"href":"http:\/\/mooc3.politechnicart.net\/pranktube\/wp-json\/wp\/v2\/users\/20"}],"replies":[{"embeddable":true,"href":"http:\/\/mooc3.politechnicart.net\/pranktube\/wp-json\/wp\/v2\/comments?post=94"}],"version-history":[{"count":7,"href":"http:\/\/mooc3.politechnicart.net\/pranktube\/wp-json\/wp\/v2\/pages\/94\/revisions"}],"predecessor-version":[{"id":154,"href":"http:\/\/mooc3.politechnicart.net\/pranktube\/wp-json\/wp\/v2\/pages\/94\/revisions\/154"}],"wp:attachment":[{"href":"http:\/\/mooc3.politechnicart.net\/pranktube\/wp-json\/wp\/v2\/media?parent=94"}],"curies":[{"name":"wp","href":"https:\/\/api.w.org\/{rel}","templated":true}]}}