{"id":58,"date":"2018-05-05T17:55:37","date_gmt":"2018-05-05T15:55:37","guid":{"rendered":"http:\/\/mooc3.politechnicart.net\/spoteam\/?page_id=58"},"modified":"2018-05-08T20:31:10","modified_gmt":"2018-05-08T18:31:10","slug":"conclusion","status":"publish","type":"page","link":"http:\/\/mooc3.politechnicart.net\/spoteam\/conclusion\/","title":{"rendered":"Conclusion"},"content":{"rendered":"<p style=\"text-align: center\"><img decoding=\"async\" loading=\"lazy\" class=\"alignnone size-medium wp-image-95\" src=\"http:\/\/mooc3.politechnicart.net\/spoteam\/wp-content\/uploads\/sites\/7\/2018\/01\/32072881_1346946418784015_5697387449446039552_n-300x218.png\" alt=\"\" width=\"300\" height=\"218\" srcset=\"http:\/\/mooc3.politechnicart.net\/spoteam\/wp-content\/uploads\/sites\/7\/2018\/01\/32072881_1346946418784015_5697387449446039552_n-300x218.png 300w, http:\/\/mooc3.politechnicart.net\/spoteam\/wp-content\/uploads\/sites\/7\/2018\/01\/32072881_1346946418784015_5697387449446039552_n-768x559.png 768w, http:\/\/mooc3.politechnicart.net\/spoteam\/wp-content\/uploads\/sites\/7\/2018\/01\/32072881_1346946418784015_5697387449446039552_n-1024x745.png 1024w, http:\/\/mooc3.politechnicart.net\/spoteam\/wp-content\/uploads\/sites\/7\/2018\/01\/32072881_1346946418784015_5697387449446039552_n.png 1080w\" sizes=\"(max-width: 300px) 100vw, 300px\" \/><\/p>\n<p style=\"text-align: center\">Vous en savez maintenant un peu plus sur les services de streaming musicaux et leurs fonctionnalit\u00e9s ! Les contraintes que celles-ci apportent quant \u00e0 l&#8217;\u00e9coute personnelle et publique. Mais \u00e9galement ses avantages concernant la personnalisation et la commodit\u00e9 de l&#8217;usage. Les notions apport\u00e9es tel que l&#8217;identit\u00e9 num\u00e9rique, l&#8217;aspect transm\u00e9diatique et trans\u00e9cranique sont des \u00e9l\u00e9ments que vous pourrez replacer concernant d&#8217;autres outils num\u00e9riques aujourd&#8217;hui.<\/p>\n<p style=\"text-align: center\">Vous aurez peut-\u00eatre une vision diff\u00e9rente des plateformes de streaming et aborderez leurs modes de fonctionnement d&#8217;une nouvelle fa\u00e7on afin d&#8217;optimiser votre exp\u00e9rience d&#8217;utilisateur.<\/p>\n<p style=\"text-align: center\"><span style=\"font-size: 1rem\">Finalement, Spotify est-il assez personnalisable pour vous ?\u00a0<\/span>Aviez-vous d\u00e9j\u00e0 song\u00e9 \u00e0 cette plateforme en tant que r\u00e9seau social ? Ses contraintes valent-elles ses avantages ?<\/p>\n","protected":false},"excerpt":{"rendered":"<p>Vous en savez maintenant un peu plus sur les services de streaming musicaux et leurs fonctionnalit\u00e9s ! Les contraintes que &hellip; <\/p>\n<p class=\"link-more\"><a href=\"http:\/\/mooc3.politechnicart.net\/spoteam\/conclusion\/\" class=\"more-link\">Continuer la lecture<span class=\"screen-reader-text\"> de &laquo;&nbsp;Conclusion&nbsp;&raquo;<\/span><\/a><\/p>\n","protected":false},"author":7,"featured_media":0,"parent":0,"menu_order":0,"comment_status":"closed","ping_status":"closed","template":"","meta":{"footnotes":""},"_links":{"self":[{"href":"http:\/\/mooc3.politechnicart.net\/spoteam\/wp-json\/wp\/v2\/pages\/58"}],"collection":[{"href":"http:\/\/mooc3.politechnicart.net\/spoteam\/wp-json\/wp\/v2\/pages"}],"about":[{"href":"http:\/\/mooc3.politechnicart.net\/spoteam\/wp-json\/wp\/v2\/types\/page"}],"author":[{"embeddable":true,"href":"http:\/\/mooc3.politechnicart.net\/spoteam\/wp-json\/wp\/v2\/users\/7"}],"replies":[{"embeddable":true,"href":"http:\/\/mooc3.politechnicart.net\/spoteam\/wp-json\/wp\/v2\/comments?post=58"}],"version-history":[{"count":5,"href":"http:\/\/mooc3.politechnicart.net\/spoteam\/wp-json\/wp\/v2\/pages\/58\/revisions"}],"predecessor-version":[{"id":104,"href":"http:\/\/mooc3.politechnicart.net\/spoteam\/wp-json\/wp\/v2\/pages\/58\/revisions\/104"}],"wp:attachment":[{"href":"http:\/\/mooc3.politechnicart.net\/spoteam\/wp-json\/wp\/v2\/media?parent=58"}],"curies":[{"name":"wp","href":"https:\/\/api.w.org\/{rel}","templated":true}]}}