{"id":3,"date":"2018-02-07T15:47:50","date_gmt":"2018-02-07T14:47:50","guid":{"rendered":"http:\/\/mooc3.politechnicart.net\/teambuzz\/lp-checkout\/"},"modified":"2018-05-10T18:25:21","modified_gmt":"2018-05-10T16:25:21","slug":"module-2-2","status":"publish","type":"page","link":"http:\/\/mooc3.politechnicart.net\/teambuzz\/module-2-2\/","title":{"rendered":"MODULE 1"},"content":{"rendered":"<h1>LE STREAMING, SAUVEUR DE L&#8217;INDUSTRIE MUSICALE ?<\/h1>\n<p>Depuis sa d\u00e9couverte en 1877 par Thomas Edison, et pendant plus d&#8217;un si\u00e8cle, l&#8217;industrie musicale du disque n&#8217;a pas ou peu chang\u00e9. Le producteur finance l&#8217;enregistrement de l&#8217;album des artistes, r\u00e9cup\u00e8re sa part de financement avec les premiers albums vendu, et le surplus est ensuite redistribu\u00e9 entre le producteur et les artistes. Les amateurs de musiques quant \u00e0 eux, ont connu peu de changements : tout a commenc\u00e9 avec le phonographe, puis en 1948\u00a0 le support vinyle fait son apparition, en 1964 c&#8217;est la cassette audio qui r\u00e9invente l&#8217;utilisation de musique car plus petit et plus pratique \u00e0 transporter, et enfin en 1981, le disque compact (CD) qui\u00a0 r\u00e9volutionne l&#8217;histoire du son et de la musique.<\/p>\n<p>Mais fin des ann\u00e9es 90, nous assistons \u00e0 une rupture avec cette industrie du disque : tout le monde \u00e9coute et poss\u00e8de la m\u00eame chose, les majors de la musique ont r\u00e9ussi leur pari, mais le mouvement s&#8217;essouffle, dans cette logique de consommation de masse indiff\u00e9renci\u00e9e.<\/p>\n<p><img decoding=\"async\" class=\"responsive lazyloaded\" src=\"https:\/\/lesjours.fr\/ressources\/image\/cd-streaming.jpg\" alt=\"Les ann\u00e9es fastes du disque de 1985 \u00e0 1999, puis la chute des ventes au tournant des ann\u00e9es 2000\" \/><\/p>\n<p>Ce sch\u00e9ma le montre bien, d\u00e8s le d\u00e9but du nouveau mill\u00e9naire, on assiste \u00e0 une baisse significative des ventes d&#8217;albums, et \u00e0 contrario, une hausse des ventes de singles puisque ce d\u00e9but 2000 marque un nouveau mode de consommation de la musique, avec ce qu&#8217;on appelle les tubes\/hit. Cette baisse de vente d&#8217;album s&#8217;explique par l&#8217;arriv\u00e9e d&#8217;internet dans les m\u00e9nages des pays les plus avanc\u00e9s \u00e0 cette \u00e9poque, et donc la cr\u00e9ation du P2P (Peer to Peer, du particulier au particulier en fran\u00e7ais) o\u00f9 il suffisait qu&#8217;un internaute poss\u00e8de un CD, l&#8217;importe sur son ordinateur, et le partage sur un logiciel sp\u00e9cialis\u00e9 avec le reste du monde, gratuitement.<\/p>\n<p>L&#8217;arriv\u00e9e d&#8217;internet de Napster (cf Module 2), et des MP3 mettra donc un terme \u00e0 cette m\u00e9canique du CD, puisqu&#8217;aucune structure commerciale ne se trouvait alors sur la toile, except\u00e9 Itunes d&#8217;Apple qui proposait d&#8217;acheter \u00e0 moindre co\u00fbt l&#8217;album d\u00e9mat\u00e9rialis\u00e9. L&#8217;industrie musicale va perdre pr\u00e8s de 70% de sa valeur en seulement 15 ans. En chiffre pour l&#8217;ann\u00e9e 2012, c&#8217;est 42% de fran\u00e7ais qui n&#8217;ach\u00e8tent pas du tout de CD, et pr\u00e8s de 90% qui en ach\u00e8te moins de 5 par an, ce qui montre bien la fin de l&#8217;\u00e8re du CD.<\/p>\n<p>Mais c&#8217;est sans compter l&#8217;arriv\u00e9e du streaming, qui va relancer l&#8217;activit\u00e9 et les revenus de l&#8217;industrie musicale au niveau mondial. Et ce, pour plusieurs raisons. Tout d&#8217;abord, nous assistons avec YouTube \u00e0 une nouvelle consommation de la musique, qui repr\u00e9sente la moiti\u00e9 de la consommation de musique en streaming aujourd&#8217;hui, et qui \u00e9tait encore plus importante il\u00a0 y a quelques ann\u00e9es, gr\u00e2ce \u00e0 des clips vid\u00e9os toujours plus travaill\u00e9s, plus cr\u00e9atifs et artistiques que jamais. \u00c0 cela, s&#8217;ajoute l&#8217;arriv\u00e9e des Smartphones qui r\u00e9volutionne la consommation d&#8217;internet, avec les r\u00e9seaux sociaux, qui permettent de partager ce que l&#8217;on aime, dans notre cas la musique, et agrandi la port\u00e9e des auditeurs. Tout cela \u00e0 travers des pages sp\u00e9cialis\u00e9es, des artistes ou personnalit\u00e9s, ou encore le cercle priv\u00e9.<\/p>\n<p>Ces diff\u00e9rents supports ont relanc\u00e9 l&#8217;industrie musicale, car l&#8217;auditeur peut d\u00e9sormais privil\u00e9gier ses pr\u00e9f\u00e9rences de consommation : tout simplement \u00e9couter sa musique, ou d\u00e9sormais la regarder, peu importe l&#8217;endroit o\u00f9 il se trouve : chez lui, dans la rue, dans une salle d&#8217;attente etc. Le graphique ci dessous nous montre selon les pays, comment la musique est consomm\u00e9e sur l&#8217;espace d&#8217;une semaine.<\/p>\n<p><img decoding=\"async\" loading=\"lazy\" class=\"wp-image-494377 size-full\" src=\"http:\/\/www.konbini.com\/wp-content\/blogs.dir\/3\/files\/2017\/09\/rd.jpg\" alt=\"\" width=\"674\" height=\"578\" \/><\/p>\n<p>Ce streaming ouvre l&#8217;\u00e8re de l&#8217;acc\u00e8s dit \u00e0 la demande, et met donc fin au r\u00e8gne de la possession. C&#8217;est un renouveau pour tout le monde, du consommateur, en passant par les artistes mais aussi les producteurs. St\u00e9phane Le Tavernier,\u00a0 pr\u00e9sident de Sony Music Entertainment et pr\u00e9sident du SNEP (Syndicat National de l&#8217;\u00c9dition Phonographique) nous dit :<em>\u00abLa consommation ne se fait plus par l\u2019acquisition mais par l\u2019abonnement \u00e0 un service qui permet l\u2019acc\u00e8s \u00e0 la musique et toutes sortes de facilit\u00e9s d\u2019usage d\u00e9di\u00e9es \u00e0 la d\u00e9couverte de la musique et \u00e0 son partage.\u00bb\u00a0<\/em>Le streaming, \u00e0 travers ses 30 millions de titres propos\u00e9s, ouvre la porte de la curiosit\u00e9 pour les auditeurs et les amateurs de musique, avec un simple abonnement \u00e0 la plateforme souhait\u00e9e, qui varie de 5 \u00e0 10euros par mois pour un utilisateur unique. Des offres dites familiales existent et permettent \u00e0 travers un abonnement, \u00e0 plusieurs appareils de se connecter sur le site ou application de streaming. Chaque plateforme a ses sp\u00e9cialit\u00e9s (cf module 2), et ses propres contrats avec les artistes. En effet, il se peut que ces derniers n&#8217;aient pas sign\u00e9 d&#8217;accord avec une ou des plateformes et ne se trouveront par cons\u00e9quent pas dessus, en d\u00e9pit des abonn\u00e9s.<\/p>\n<p>Mais de nouveaux probl\u00e8mes se posent, car 80% des morceaux disponibles\u00a0 ne sont pas \u00e9cout\u00e9s, et que seulement 3% des titres musicaux concentrent 80% des \u00e9coutes. On assiste donc \u00e0 une sorte de strat\u00e9gie &#8220;blockbuster&#8221;, qui consisterait \u00e0 noyer l&#8217;espace m\u00e9diatique et public afin d&#8217;amplifier les profits \u00e0 court terme. Le probl\u00e8me est donc le suivant : comment r\u00e9partir les b\u00e9n\u00e9fices de mani\u00e8re plus \u00e9quitable pour les artistes les moins \u00e9cout\u00e9s, dans un monde o\u00f9 l&#8217;essentiel des \u00e9coutes est parfois d\u00fb seulement \u00e0 un tube plut\u00f4t qu&#8217;un album, ou encore des titres dit classiques ? Car\u00a0la r\u00e9mun\u00e9ration se fait en fonction de la part de march\u00e9 des labels sur les plateformes de streaming et non en fonction de l\u2019\u00e9coute individuelle de chaque utilisateur, ce qui est un r\u00e9el probl\u00e8me pour les petits labels et artistes ind\u00e9pendants.<\/p>\n<p>De plus, malgr\u00e9 des chiffres impressionnants : les revenus mondiaux du streaming ont \u00e9volu\u00e9 de 55% en 2012, ce qui repr\u00e9sente 1\/5 du chiffre d&#8217;affaires du num\u00e9rique mondial; Le streaming constitue 1\/3 des revenus num\u00e9riques mondiaux;\u00a0 En 2017, 96 % des internautes au niveau mondial \u00e9coutent de la musique sous licence, que ce soit en streaming, \u00e0 la radio ou en achat physique de disques; mais les plateformes de streaming ne sont pas encore b\u00e9n\u00e9ficiaires, malgr\u00e9 30 millions d&#8217;abonn\u00e9e chez Spotify, qui compte entrer en bourse sous peu. Pour \u00eatre b\u00e9n\u00e9ficiaire, il leur faudrait entre 70 et 100 millions d&#8217;abonn\u00e9s, alors l&#8217;industrie musicale s&#8217;interroge sur leur capacit\u00e9 \u00e0 faire s&#8217;abonner les plus frileux d&#8217;entre nous, afin d&#8217;arriver \u00e0 un syst\u00e8me \u00e9quitable et stable pour tous.<\/p>\n<p>&nbsp;<\/p>\n<p>Webographie :<\/p>\n<ul>\n<li>https:\/\/lesjours.fr\/obsessions\/la-fete-du-stream\/ep-1-du-cd-au-streaming\/#<\/li>\n<li>https:\/\/culturenum.info.unicaen.fr\/blogpost\/daydcgp4i4l\/view<\/li>\n<li>http:\/\/next.liberation.fr\/musique\/2017\/12\/08\/streaming-le-marche-de-la-musique-a-retrouve-sa-voie_1615408<\/li>\n<li>https:\/\/www.agoravox.fr\/culture-loisirs\/culture\/article\/le-streaming-l-avenir-de-la-163104<\/li>\n<\/ul>\n","protected":false},"excerpt":{"rendered":"<p>LE STREAMING, SAUVEUR DE L&#8217;INDUSTRIE MUSICALE ? Depuis sa d\u00e9couverte en 1877 par Thomas Edison, et pendant plus d&#8217;un si\u00e8cle, [&hellip;]<\/p>\n","protected":false},"author":35,"featured_media":0,"parent":0,"menu_order":2,"comment_status":"closed","ping_status":"closed","template":"","meta":{"footnotes":""},"_links":{"self":[{"href":"http:\/\/mooc3.politechnicart.net\/teambuzz\/wp-json\/wp\/v2\/pages\/3"}],"collection":[{"href":"http:\/\/mooc3.politechnicart.net\/teambuzz\/wp-json\/wp\/v2\/pages"}],"about":[{"href":"http:\/\/mooc3.politechnicart.net\/teambuzz\/wp-json\/wp\/v2\/types\/page"}],"author":[{"embeddable":true,"href":"http:\/\/mooc3.politechnicart.net\/teambuzz\/wp-json\/wp\/v2\/users\/35"}],"replies":[{"embeddable":true,"href":"http:\/\/mooc3.politechnicart.net\/teambuzz\/wp-json\/wp\/v2\/comments?post=3"}],"version-history":[{"count":16,"href":"http:\/\/mooc3.politechnicart.net\/teambuzz\/wp-json\/wp\/v2\/pages\/3\/revisions"}],"predecessor-version":[{"id":75,"href":"http:\/\/mooc3.politechnicart.net\/teambuzz\/wp-json\/wp\/v2\/pages\/3\/revisions\/75"}],"wp:attachment":[{"href":"http:\/\/mooc3.politechnicart.net\/teambuzz\/wp-json\/wp\/v2\/media?parent=3"}],"curies":[{"name":"wp","href":"https:\/\/api.w.org\/{rel}","templated":true}]}}