{"id":7,"date":"2018-02-07T15:47:51","date_gmt":"2018-02-07T14:47:51","guid":{"rendered":"http:\/\/mooc3.politechnicart.net\/teambuzz\/lp-become-a-teacher\/"},"modified":"2018-05-10T13:49:30","modified_gmt":"2018-05-10T11:49:30","slug":"presentation","status":"publish","type":"page","link":"http:\/\/mooc3.politechnicart.net\/teambuzz\/presentation\/","title":{"rendered":"Pr\u00e9sentation"},"content":{"rendered":"<h1>PR\u00c9SENTATION DU MOOC<\/h1>\n<p>Bienvenu(e)s sur le MOOC concernant les nouvelles techniques d&#8217;\u00e9coute de la musique r\u00e9alis\u00e9 par deux \u00e9tudiants de la Licence 3 Industries Culturelles, Art et Soci\u00e9t\u00e9s \u00e0 l&#8217;Universit\u00e9 Lille 3 Charles de Gaulle (Villeneuve-d&#8217;Ascq) dans le cadre du cours Technologies Num\u00e9riques et Productions culturelles.<\/p>\n<p>Ce MOOC va \u00e0 travers deux modules et un quizz vous expliquer la fa\u00e7on dont ont \u00e9volu\u00e9s les nouvelles pratiques d&#8217;\u00e9coute de la musique \u00e0 l&#8217;\u00e8re du num\u00e9rique.<\/p>\n<p>Le module 1 montrera comment ces plateformes de musique en streaming ont permis \u00e0 l&#8217;industrie musicale de se relever \u00e0 un moment o\u00f9 les ventes mat\u00e9rielles chutaient et les nombre de t\u00e9l\u00e9chargements ill\u00e9gaux ne cessait d&#8217;augmenter.<\/p>\n<p>Le module 2 fera l&#8217;objet d&#8217;un recensement des diff\u00e9rentes plateformes disponibles dans le monde et leurs diff\u00e9rentes sp\u00e9cificit\u00e9s.<\/p>\n<p><em>Florian Datin et Lucas Mago\u00efa<\/em><\/p>\n","protected":false},"excerpt":{"rendered":"<p>PR\u00c9SENTATION DU MOOC Bienvenu(e)s sur le MOOC concernant les nouvelles techniques d&#8217;\u00e9coute de la musique r\u00e9alis\u00e9 par deux \u00e9tudiants de [&hellip;]<\/p>\n","protected":false},"author":35,"featured_media":59,"parent":0,"menu_order":1,"comment_status":"closed","ping_status":"closed","template":"","meta":{"footnotes":""},"_links":{"self":[{"href":"http:\/\/mooc3.politechnicart.net\/teambuzz\/wp-json\/wp\/v2\/pages\/7"}],"collection":[{"href":"http:\/\/mooc3.politechnicart.net\/teambuzz\/wp-json\/wp\/v2\/pages"}],"about":[{"href":"http:\/\/mooc3.politechnicart.net\/teambuzz\/wp-json\/wp\/v2\/types\/page"}],"author":[{"embeddable":true,"href":"http:\/\/mooc3.politechnicart.net\/teambuzz\/wp-json\/wp\/v2\/users\/35"}],"replies":[{"embeddable":true,"href":"http:\/\/mooc3.politechnicart.net\/teambuzz\/wp-json\/wp\/v2\/comments?post=7"}],"version-history":[{"count":6,"href":"http:\/\/mooc3.politechnicart.net\/teambuzz\/wp-json\/wp\/v2\/pages\/7\/revisions"}],"predecessor-version":[{"id":60,"href":"http:\/\/mooc3.politechnicart.net\/teambuzz\/wp-json\/wp\/v2\/pages\/7\/revisions\/60"}],"wp:featuredmedia":[{"embeddable":true,"href":"http:\/\/mooc3.politechnicart.net\/teambuzz\/wp-json\/wp\/v2\/media\/59"}],"wp:attachment":[{"href":"http:\/\/mooc3.politechnicart.net\/teambuzz\/wp-json\/wp\/v2\/media?parent=7"}],"curies":[{"name":"wp","href":"https:\/\/api.w.org\/{rel}","templated":true}]}}