{"id":35,"date":"2018-05-06T13:00:33","date_gmt":"2018-05-06T11:00:33","guid":{"rendered":"http:\/\/mooc3.politechnicart.net\/trollolo\/?page_id=35"},"modified":"2018-05-08T16:18:00","modified_gmt":"2018-05-08T14:18:00","slug":"a-propos","status":"publish","type":"page","link":"http:\/\/mooc3.politechnicart.net\/trollolo\/","title":{"rendered":"A propos"},"content":{"rendered":"<p>Nous vous souhaitons la bienvenue sur le mooc Trollolo\u00a0!<\/p>\n<p>Nous sommes deux \u00e9tudiantes, Lorela\u00ef et L\u00e9a, en licence Sciences Sociales \u2013 Parcours Industries Culturelles, Arts et Soci\u00e9t\u00e9 \u00e0 l\u2019Universit\u00e9 de Lille et r\u00e9alisons ce mooc dans le cadre de notre UE Technologies num\u00e9riques et productions culturelles.<\/p>\n<p>Pour se faire nous nous sommes\u00a0 bas\u00e9es\u00a0<span style=\"font-size: 1rem\">\u00e0 la fois\u00a0<\/span><span style=\"font-size: 1rem\">sur des lectures d\u2019articles scientifiques mais aussi une \u00e9tude de corpus compos\u00e9 d\u2019une cinquantaine de tweets dans lesquels on pouvait retrouver le terme \u00ab\u00a0troll\u00a0\u00bb.<\/span><\/p>\n<p>Nous vous proposons donc dans un premier temps de d\u00e9couvrir ce qu\u2019est-un troll internet et ses origines puis de d\u00e9couvrir la distinction entre troll\/rageux\/flooder\/harceleur\/hater suivie d\u2019une typologie du troll. Enfin vous pourrez participer \u00e0 une \u00e9valuation qui sera d\u00e9cisive \u00e0 l\u2019obtention de votre dipl\u00f4me de chasseur de trolls ou non\u00a0! On vous conseille donc de rester tr\u00e8s attentif pendant votre lecture.<\/p>\n","protected":false},"excerpt":{"rendered":"<p>Nous vous souhaitons la bienvenue sur le mooc Trollolo\u00a0! Nous sommes deux \u00e9tudiantes, Lorela\u00ef et L\u00e9a, en licence Sciences Sociales &hellip; <\/p>\n<p class=\"link-more\"><a href=\"http:\/\/mooc3.politechnicart.net\/trollolo\/\" class=\"more-link\">Continuer la lecture<span class=\"screen-reader-text\"> de &laquo;&nbsp;A propos&nbsp;&raquo;<\/span><\/a><\/p>\n","protected":false},"author":11,"featured_media":0,"parent":0,"menu_order":0,"comment_status":"closed","ping_status":"closed","template":"","meta":{"footnotes":""},"_links":{"self":[{"href":"http:\/\/mooc3.politechnicart.net\/trollolo\/wp-json\/wp\/v2\/pages\/35"}],"collection":[{"href":"http:\/\/mooc3.politechnicart.net\/trollolo\/wp-json\/wp\/v2\/pages"}],"about":[{"href":"http:\/\/mooc3.politechnicart.net\/trollolo\/wp-json\/wp\/v2\/types\/page"}],"author":[{"embeddable":true,"href":"http:\/\/mooc3.politechnicart.net\/trollolo\/wp-json\/wp\/v2\/users\/11"}],"replies":[{"embeddable":true,"href":"http:\/\/mooc3.politechnicart.net\/trollolo\/wp-json\/wp\/v2\/comments?post=35"}],"version-history":[{"count":3,"href":"http:\/\/mooc3.politechnicart.net\/trollolo\/wp-json\/wp\/v2\/pages\/35\/revisions"}],"predecessor-version":[{"id":75,"href":"http:\/\/mooc3.politechnicart.net\/trollolo\/wp-json\/wp\/v2\/pages\/35\/revisions\/75"}],"wp:attachment":[{"href":"http:\/\/mooc3.politechnicart.net\/trollolo\/wp-json\/wp\/v2\/media?parent=35"}],"curies":[{"name":"wp","href":"https:\/\/api.w.org\/{rel}","templated":true}]}}