{"id":175,"date":"2018-04-19T23:47:43","date_gmt":"2018-04-19T21:47:43","guid":{"rendered":"http:\/\/mooc3.politechnicart.net\/wwwoofing\/?page_id=175"},"modified":"2018-05-09T15:31:04","modified_gmt":"2018-05-09T13:31:04","slug":"bibliographie","status":"publish","type":"page","link":"http:\/\/mooc3.politechnicart.net\/wwwoofing\/bibliographie\/","title":{"rendered":"Bibliographie"},"content":{"rendered":"<p>Igor <span class=\"familyName\">BADOU<\/span>, \u00ab\u00a0<span lang=\"fr\" xml:lang=\"fr\">Le d\u00e9placement\u00a0: une dimension d\u2019analyse et une modalit\u00e9 pour comprendre les relations entre nature, science et soci\u00e9t\u00e9<\/span>\u00a0\u00bb, <em>Questions de communication<\/em>, 19\u00a0|\u00a02011, 215-234.<\/p>\n<p><span style=\"font-weight: 400\">Jihane BERGAOUI. Le Wwoofing ou l\u2019esclavage volontaire, M\u00e9diapart, (en ligne). 2010, &lt;<\/span><span style=\"font-weight: 400\">https:\/\/blogs.mediapart.fr\/jihane-bergaoui\/blog\/160210\/le-wwoofing-ou-l-esclavage-volontaire&gt;<\/span><\/p>\n<p><span style=\"font-weight: 400\">Pierre CHARBONNIER, Bruno LATOUR et Baptiste MORIZOT<\/span><span style=\"font-weight: 400\">, \u00ab Red\u00e9couvrir la terre \u00bb, <\/span><i><span style=\"font-weight: 400\">Trac\u00e9s. Revue de Sciences humaines<\/span><\/i><span style=\"font-weight: 400\"> [En ligne], 33 | 2017, mis en ligne le 19 septembre 2017, consult\u00e9 le 08 janvier 2018. URL : http:\/\/journals.openedition.org\/traces\/7071 ; DOI : 10.4000\/traces.7071<\/span><\/p>\n<p><span style=\"font-weight: 400\">Pascale FOSSAT, Diphy MARIANI.<\/span><i style=\"font-size: 1rem\">\u00a0Wwoof,wwoofing, wwoofer<\/i><span style=\"font-weight: 400\">. France Culture. 2015<\/span><\/p>\n<p><span style=\"font-weight: 400\">Lachance JOCELYN, \u00ab De la d\u00e9connexion partielle en voyage : l&#8217;\u00e9mergence du voyageur hypermoderne \u00bb, <\/span><i><span style=\"font-weight: 400\">R\u00e9seaux<\/span><\/i><span style=\"font-weight: 400\">, 2014\/4 (n\u00b0 186), p. 51-76. DOI : 10.3917\/res.186.0051. URL : https:\/\/www.cairn.info\/revue-reseaux-2014-4-page-51.htm<\/span><\/p>\n<p><span style=\"font-weight: 400\">Perrier MATHIEU, \u00ab \u00ab Wwoofer \u00bb en Nouvelle-Z\u00e9lande (II), entre tourisme et travail \u00bb, <\/span><i><span style=\"font-weight: 400\">Pour<\/span><\/i><span style=\"font-weight: 400\">, 2015\/3 (N\u00b0 227), p. 31-39. DOI : 10.3917\/pour.227.0031. URL : https:\/\/www.cairn.info\/revue-pour-2015-3-page-31.htm<\/span><\/p>\n<p><span style=\"font-weight: 400\">Fr\u00e9d\u00e9ric NICOLAS, \u00ab L\u2019agriculture biologique : un travail pas comme les autres ? \u00bb,\u00a0<\/span><i style=\"font-size: 1rem\">Trac\u00e9s. Revue de Sciences humaines<\/i><span style=\"font-weight: 400\">\u00a0[En ligne], 32 | 2017, mis en ligne le 18 mai 2017, consult\u00e9 le 08 janvier 2018. URL : http:\/\/journals.openedition.org\/traces\/6850 ; DOI : 10.4000\/traces.6850<\/span><\/p>\n<p>Catherine\u00a0<span class=\"familyName\">ROUVI\u00c8RE<\/span>,\u00a0<em>Retourner \u00e0 la terre<\/em><em>. L&#8217;utopie n\u00e9o-rurale en Ard\u00e8che depuis les ann\u00e9es 1960<\/em><span style=\"font-size: 1rem\">, Rennes, Presses universitaires de Rennes, coll. \u00ab\u00a0Histoire\u00a0\u00bb, 2015, 500\u00a0p.<\/span><\/p>\n<p>Yannick SENC\u00c9B\u00c9 et Denis LEPICIER, &#8220;Migrations r\u00e9sidentielles de l\u2019urbain vers le rural en France : diff\u00e9renciation sociale des profils et s\u00e9gr\u00e9gation spatiale.&#8221;, <em>EspacesTemps.net<\/em>, Travaux, 10.05.2007<\/p>\n<blockquote class=\"wp-embedded-content\" data-secret=\"UqvVJZbQfc\"><p><a href=\"https:\/\/www.espacestemps.net\/articles\/migrations-residentielles-urbain-vers-rural-en-france\/\">Migrations r\u00e9sidentielles de l&rsquo;urbain vers le rural en France : diff\u00e9renciation sociale des profils et s\u00e9gr\u00e9gation spatiale.<\/a><\/p><\/blockquote>\n<p><iframe class=\"wp-embedded-content\" sandbox=\"allow-scripts\" security=\"restricted\" style=\"position: absolute; clip: rect(1px, 1px, 1px, 1px);\" src=\"https:\/\/www.espacestemps.net\/articles\/migrations-residentielles-urbain-vers-rural-en-france\/embed\/#?secret=UqvVJZbQfc\" data-secret=\"UqvVJZbQfc\" width=\"525\" height=\"296\" title=\"\u00ab\u00a0Migrations r\u00e9sidentielles de l&rsquo;urbain vers le rural en France : diff\u00e9renciation sociale des profils et s\u00e9gr\u00e9gation spatiale.\u00a0\u00bb &#8212; Espacestemps.net\" frameborder=\"0\" marginwidth=\"0\" marginheight=\"0\" scrolling=\"no\"><\/iframe><\/p>\n<p>&nbsp;<\/p>\n","protected":false},"excerpt":{"rendered":"<p>Igor BADOU, \u00ab\u00a0Le d\u00e9placement\u00a0: une dimension d\u2019analyse et une modalit\u00e9 pour comprendre les relations entre nature, science et soci\u00e9t\u00e9\u00a0\u00bb, Questions &hellip; <\/p>\n<p class=\"link-more\"><a href=\"http:\/\/mooc3.politechnicart.net\/wwwoofing\/bibliographie\/\" class=\"more-link\">Continuer la lecture<span class=\"screen-reader-text\"> de &laquo;&nbsp;Bibliographie&nbsp;&raquo;<\/span><\/a><\/p>\n","protected":false},"author":32,"featured_media":0,"parent":0,"menu_order":0,"comment_status":"closed","ping_status":"closed","template":"","meta":{"footnotes":""},"_links":{"self":[{"href":"http:\/\/mooc3.politechnicart.net\/wwwoofing\/wp-json\/wp\/v2\/pages\/175"}],"collection":[{"href":"http:\/\/mooc3.politechnicart.net\/wwwoofing\/wp-json\/wp\/v2\/pages"}],"about":[{"href":"http:\/\/mooc3.politechnicart.net\/wwwoofing\/wp-json\/wp\/v2\/types\/page"}],"author":[{"embeddable":true,"href":"http:\/\/mooc3.politechnicart.net\/wwwoofing\/wp-json\/wp\/v2\/users\/32"}],"replies":[{"embeddable":true,"href":"http:\/\/mooc3.politechnicart.net\/wwwoofing\/wp-json\/wp\/v2\/comments?post=175"}],"version-history":[{"count":4,"href":"http:\/\/mooc3.politechnicart.net\/wwwoofing\/wp-json\/wp\/v2\/pages\/175\/revisions"}],"predecessor-version":[{"id":240,"href":"http:\/\/mooc3.politechnicart.net\/wwwoofing\/wp-json\/wp\/v2\/pages\/175\/revisions\/240"}],"wp:attachment":[{"href":"http:\/\/mooc3.politechnicart.net\/wwwoofing\/wp-json\/wp\/v2\/media?parent=175"}],"curies":[{"name":"wp","href":"https:\/\/api.w.org\/{rel}","templated":true}]}}