{"id":38,"date":"2018-03-28T00:05:12","date_gmt":"2018-03-27T22:05:12","guid":{"rendered":"http:\/\/mooc3.politechnicart.net\/wwwoofing\/?page_id=38"},"modified":"2018-05-09T15:17:34","modified_gmt":"2018-05-09T13:17:34","slug":"module-1-a-la-decouverte-du-wwoofing","status":"publish","type":"page","link":"http:\/\/mooc3.politechnicart.net\/wwwoofing\/module-1-a-la-decouverte-du-wwoofing\/","title":{"rendered":"Module 1 : \u00c0 la d\u00e9couverte du WWOOFING&#8230;"},"content":{"rendered":"<p>Le 14 novembre 2017, le quotidien Fran\u00e7ais<em> Le Monde<\/em> publiait le cri d\u2019alarme de 15 000 scientifiques. Ils appellent \u00e0 changer de mode de vie <em>\u00ab\u00a0en adoptant une alternative plus durable \u00e9cologiquement que la pratique qui est la (n\u00f4tre) \u00a0aujourd\u2019hui\u00a0\u00bb<\/em>, mettent en garde contre la destruction du monde naturel.<\/p>\n<p><em>\u00abIl\u00a0sera bient\u00f4t trop tard pour d\u00e9vier de notre trajectoire vou\u00e9e \u00e0 l&#8217;\u00e9chec, et le temps presse. Nous devons prendre conscience, aussi bien dans nos vies quotidiennes que nos institutions gouvernementales, que la Terre, avec toute la vie qu&#8217;elle rec\u00e8le, est notre seul foyer\u00bb<\/em> concluent les scientifiques.<\/p>\n<p>Dans un manuel, P.Servigne et R.Stevens expliquent que la \u00ab\u00a0crise\u00a0\u00bb \u00e9cologique a d\u00e9j\u00e0 eu lieu et mettent en avant les ressorts d\u2019un effondrement \u00e0 travers ce qu\u2019ils nomment la \u00ab\u00a0collapsologie\u00a0\u00bb.<\/p>\n<p>Mais des individus \u0153uvrent pour mettre en avant des solutions alternatives comme l\u2019atteste le succ\u00e8s du documentaire \u00ab Demain\u00a0\u00bb de Cyril Dion et M\u00e9lanie Laurent, le nombre croissant d&#8217;Amap, ou encore les actions initi\u00e9es par le Mouvement Colibris.<\/p>\n<p>A travers ce MOOC, nous parlerons du ph\u00e9nom\u00e8ne du wwoofing. Nous tenterons de comprendre par quels moyens des individus souhaitent se d\u00e9placer dans la campagne ard\u00e9choise, vivre quelques jours dans une yourte au milieu des C\u00e9vennes en passant par la d\u00e9couverte de la permaculture. Quelles sont les motivations des wwoofers, d\u2019ou vient cette qu\u00eate de sens ? On tentera aussi de voir si derri\u00e8re la plateforme WWOOF ne se cache pas une probl\u00e9matique propre au droit du travail cassant l\u2019image utopique, id\u00e9ale du concept de d\u00e9part.<\/p>\n<p>Ainsi, on se demandera comment Internet permet d\u2019organiser le monde du wwoofing ?<\/p>\n<p>Mais avant de d\u00e9couvrir le monde du wwoofing, il te reste quelques \u00e9tapes \u00e0 respecter \u00a0!<\/p>\n<ol>\n<li>Assieds-toi confortablement si possible dehors, au soleil.<\/li>\n<li>Pour te mettre dans le bain, \u00e9coute cette musique\u00a0<a href=\"https:\/\/www.youtube.com\/watch?v=srb0lAK5wbA\">https:\/\/www.youtube.com\/watch?v=srb0lAK5wbA<\/a><\/li>\n<li>Et celle-ci\u00a0<a style=\"font-size: 1rem\" href=\"https:\/\/www.youtube.com\/watch?v=K9Iy6dRr_tc\">https:\/\/www.youtube.com\/watch?v=K9Iy6dRr_t<\/a><\/li>\n<li>Lis ces trois\u00a0<span style=\"font-size: 1rem\">citations.\u00a0<\/span><\/li>\n<\/ol>\n<p><span style=\"font-size: 1rem\">\u00a0<\/span><span style=\"font-size: 1rem\">Concentre toi durant ce MOOC, puisqu&#8217;\u00e0 la fin de ce dernier, tu seras \u00e9valu\u00e9\u00a0<\/span><\/p>\n<p><img decoding=\"async\" loading=\"lazy\" class=\"alignnone size-full wp-image-135\" src=\"http:\/\/mooc3.politechnicart.net\/wwwoofing\/wp-content\/uploads\/sites\/31\/2018\/04\/ESPERE.001.jpeg\" alt=\"\" width=\"1920\" height=\"1080\" srcset=\"http:\/\/mooc3.politechnicart.net\/wwwoofing\/wp-content\/uploads\/sites\/31\/2018\/04\/ESPERE.001.jpeg 1920w, http:\/\/mooc3.politechnicart.net\/wwwoofing\/wp-content\/uploads\/sites\/31\/2018\/04\/ESPERE.001-300x169.jpeg 300w, http:\/\/mooc3.politechnicart.net\/wwwoofing\/wp-content\/uploads\/sites\/31\/2018\/04\/ESPERE.001-768x432.jpeg 768w, http:\/\/mooc3.politechnicart.net\/wwwoofing\/wp-content\/uploads\/sites\/31\/2018\/04\/ESPERE.001-1024x576.jpeg 1024w\" sizes=\"(max-width: 767px) 89vw, (max-width: 1000px) 54vw, (max-width: 1071px) 543px, 580px\" \/><\/p>\n<p style=\"text-align: center\"><strong>Bonne aventure !<\/strong><\/p>\n<p>&nbsp;<\/p>\n<div style=\"width: 480px;\" class=\"wp-video\"><!--[if lt IE 9]><script>document.createElement('video');<\/script><![endif]-->\n<video class=\"wp-video-shortcode\" id=\"video-38-1\" width=\"480\" height=\"248\" preload=\"metadata\" controls=\"controls\"><source type=\"video\/mp4\" src=\"http:\/\/mooc3.politechnicart.net\/wwwoofing\/wp-content\/uploads\/sites\/31\/2018\/04\/giphy-2.mp4?_=1\" \/><a href=\"http:\/\/mooc3.politechnicart.net\/wwwoofing\/wp-content\/uploads\/sites\/31\/2018\/04\/giphy-2.mp4\">http:\/\/mooc3.politechnicart.net\/wwwoofing\/wp-content\/uploads\/sites\/31\/2018\/04\/giphy-2.mp4<\/a><\/video><\/div>\n","protected":false},"excerpt":{"rendered":"<p>Le 14 novembre 2017, le quotidien Fran\u00e7ais Le Monde publiait le cri d\u2019alarme de 15 000 scientifiques. Ils appellent \u00e0 &hellip; <\/p>\n<p class=\"link-more\"><a href=\"http:\/\/mooc3.politechnicart.net\/wwwoofing\/module-1-a-la-decouverte-du-wwoofing\/\" class=\"more-link\">Continuer la lecture<span class=\"screen-reader-text\"> de &laquo;&nbsp;Module 1 : \u00c0 la d\u00e9couverte du WWOOFING&#8230;&nbsp;&raquo;<\/span><\/a><\/p>\n","protected":false},"author":32,"featured_media":26,"parent":0,"menu_order":0,"comment_status":"closed","ping_status":"closed","template":"","meta":{"footnotes":""},"_links":{"self":[{"href":"http:\/\/mooc3.politechnicart.net\/wwwoofing\/wp-json\/wp\/v2\/pages\/38"}],"collection":[{"href":"http:\/\/mooc3.politechnicart.net\/wwwoofing\/wp-json\/wp\/v2\/pages"}],"about":[{"href":"http:\/\/mooc3.politechnicart.net\/wwwoofing\/wp-json\/wp\/v2\/types\/page"}],"author":[{"embeddable":true,"href":"http:\/\/mooc3.politechnicart.net\/wwwoofing\/wp-json\/wp\/v2\/users\/32"}],"replies":[{"embeddable":true,"href":"http:\/\/mooc3.politechnicart.net\/wwwoofing\/wp-json\/wp\/v2\/comments?post=38"}],"version-history":[{"count":10,"href":"http:\/\/mooc3.politechnicart.net\/wwwoofing\/wp-json\/wp\/v2\/pages\/38\/revisions"}],"predecessor-version":[{"id":235,"href":"http:\/\/mooc3.politechnicart.net\/wwwoofing\/wp-json\/wp\/v2\/pages\/38\/revisions\/235"}],"wp:featuredmedia":[{"embeddable":true,"href":"http:\/\/mooc3.politechnicart.net\/wwwoofing\/wp-json\/wp\/v2\/media\/26"}],"wp:attachment":[{"href":"http:\/\/mooc3.politechnicart.net\/wwwoofing\/wp-json\/wp\/v2\/media?parent=38"}],"curies":[{"name":"wp","href":"https:\/\/api.w.org\/{rel}","templated":true}]}}