{"id":40,"date":"2018-03-28T00:05:33","date_gmt":"2018-03-27T22:05:33","guid":{"rendered":"http:\/\/mooc3.politechnicart.net\/wwwoofing\/?page_id=40"},"modified":"2018-05-16T08:48:49","modified_gmt":"2018-05-16T06:48:49","slug":"module-2-le-wwoofing","status":"publish","type":"page","link":"http:\/\/mooc3.politechnicart.net\/wwwoofing\/module-2-le-wwoofing\/","title":{"rendered":"Module 2 : Le WWOOFING ?"},"content":{"rendered":"<p>&nbsp;<\/p>\n<p>Le wwoofing est un r\u00e9seau mondial de fermes biologiques. L\u2019organisme s\u2019est forg\u00e9 une solide r\u00e9putation et un large r\u00e9seau, donnant naissance \u00e0 une organisation WWOOF dans quasiment chaque pays. Aujourd\u2019hui, le sigle WWOOF signifie\u00a0<em>\u00ab World-Wide Opportunities on Organic Farms \u00bb<\/em>.<\/p>\n<p>La plateforme WWOOF France met en relation des agriculteurs biologiques et des wwoofers. Les agriculteurs partagent leurs connaissances, leur quotidien, les activit\u00e9s en offrant le g\u00eete et le couvert en contre partie de leur participation et implication. C\u2019est l\u2019id\u00e9e du don contre-don (M.Mauss).<\/p>\n<p>L\u2019association WWOOF France a \u00e9t\u00e9 cr\u00e9\u00e9e en 2007 par l\u2019initiative d\u2019un ancien wwoofer. L\u2019\u00e9quipe r\u00e9gissant le site est compos\u00e9e\u00a0: d\u2019une pr\u00e9sidente de l\u2019association, d\u2019une responsable des h\u00f4tes, d\u2019une responsable des wwoofers, d\u2019un responsable des relations publiques, d\u2019une charg\u00e9e du d\u00e9veloppement des r\u00e9seaux sociaux et d\u2019un responsable du site web. La pr\u00e9sentation des membres de l\u2019\u00e9quipe donne l\u2019impression d\u2019\u00eatre face \u00e0 une start-up.<\/p>\n<p>La charg\u00e9e du d\u00e9veloppement des r\u00e9seaux sociaux \u00ab\u00a0assure que la toile sera (..) instructive et dynamique\u00a0\u00bb. Le responsable du site web met en avant le <em>\u00ab\u00a0besoin d\u2019un site qui d\u00e9cape\u00a0\u00bb <\/em>afin de promouvoir le wwoofing. On voit que la mise en page du site est travaill\u00e9e, le choix des couleurs, les photos donnent un c\u00f4t\u00e9 \u00ab\u00a0sympa\u00a0\u00bb et \u00ab\u00a0beau\u00a0\u00bb \u00e0 la d\u00e9marche. Le site est sobre et \u00e9pur\u00e9, l\u2019esth\u00e9tisme du site rappelle les images du documentaire <em>Demain<\/em>. Outre l\u2019aspect esth\u00e9tique, le responsable du web consid\u00e8re le site comme un lien entre deux mondes diff\u00e9rents puisqu\u2019il affirme\u00a0: <em>\u00ab\u00a0C\u2019est un <\/em><em>plaisir de savoir que des milliers de WWOOFers partent \u00e0 l&#8217;aventure et red\u00e9couvrent le monde agricole chaque ann\u00e9e gr\u00e2ce aux nouvelles technologies. Je crois qu&#8217;internet a un r\u00f4le important \u00e0 jouer dans le rapprochement ville-campagnes, afin de cr\u00e9er un lien social entre consommateurs et producteurs.\u00a0\u00bb.<\/em><\/p>\n<p><strong>Pr\u00e9sentation de la plateforme<\/strong><\/p>\n<p><iframe loading=\"lazy\" width=\"525\" height=\"295\" src=\"https:\/\/www.youtube.com\/embed\/Wzn1DYuVL2g?feature=oembed\" frameborder=\"0\" allow=\"autoplay; encrypted-media\" allowfullscreen><\/iframe><\/p>\n<p>Le site se pr\u00e9sente de la m\u00eame mani\u00e8re qu\u2019Airbnb, l\u2019utilisateur a la possibilit\u00e9 de choisir un habitat en fonction de diff\u00e9rents crit\u00e8res. Il est d\u00e9sormais possible de laisser des commentaires sous le profil d\u2019un h\u00f4te afin de conseiller les futurs wwoofers sur le s\u00e9jour.<\/p>\n<p>Le site sert \u00e0 organiser la rencontre, \u00e0 mettre en lien les h\u00f4tes et les wwoofers. La pr\u00e9sentation de soi en ligne va \u00eatre d\u00e9terminante, ainsi l\u2019h\u00f4te insiste sur la description du lieu, la philosophie, les diff\u00e9rentes activit\u00e9s de la ferme ou encore la richesse des rencontres. En s\u2019inscrivant dans des \u00e9changes en face\u2011\u00e0\u2011face, la collaboration entre h\u00f4tes\/wwoofers prend une dimension nouvelle. Le face\u2011\u00e0\u2011face r\u00e9introduit une dimension d\u2019interactions interpersonnelles et d\u2019\u00e9changes conversationnels. Les \u00e9changes se d\u00e9roulant lors de l\u2019exp\u00e9rience vont se nourrir des \u00e9l\u00e9ments de pr\u00e9sentation de soi et d\u2019inter\u00adaction en ligne. Ainsi, les conversations vont s&#8217;appuyer sur les \u00e9l\u00e9ments de la pr\u00e9sentation en ligne et vont alors porter principalement sur la remise en question du mode de vie urbain, les valeurs \u00e9cologiques ou encore l\u2019int\u00e9r\u00eat concernant l\u2019agriculture biologique.<\/p>\n<p><strong>Un acte global<\/strong><\/p>\n<p><iframe loading=\"lazy\" width=\"525\" height=\"295\" src=\"https:\/\/www.youtube.com\/embed\/_kEEIUc_aR8?feature=oembed\" frameborder=\"0\" allow=\"autoplay; encrypted-media\" allowfullscreen><\/iframe><\/p>\n","protected":false},"excerpt":{"rendered":"<p>&nbsp; Le wwoofing est un r\u00e9seau mondial de fermes biologiques. L\u2019organisme s\u2019est forg\u00e9 une solide r\u00e9putation et un large r\u00e9seau, &hellip; <\/p>\n<p class=\"link-more\"><a href=\"http:\/\/mooc3.politechnicart.net\/wwwoofing\/module-2-le-wwoofing\/\" class=\"more-link\">Continuer la lecture<span class=\"screen-reader-text\"> de &laquo;&nbsp;Module 2 : Le WWOOFING ?&nbsp;&raquo;<\/span><\/a><\/p>\n","protected":false},"author":32,"featured_media":182,"parent":0,"menu_order":0,"comment_status":"closed","ping_status":"closed","template":"","meta":{"footnotes":""},"_links":{"self":[{"href":"http:\/\/mooc3.politechnicart.net\/wwwoofing\/wp-json\/wp\/v2\/pages\/40"}],"collection":[{"href":"http:\/\/mooc3.politechnicart.net\/wwwoofing\/wp-json\/wp\/v2\/pages"}],"about":[{"href":"http:\/\/mooc3.politechnicart.net\/wwwoofing\/wp-json\/wp\/v2\/types\/page"}],"author":[{"embeddable":true,"href":"http:\/\/mooc3.politechnicart.net\/wwwoofing\/wp-json\/wp\/v2\/users\/32"}],"replies":[{"embeddable":true,"href":"http:\/\/mooc3.politechnicart.net\/wwwoofing\/wp-json\/wp\/v2\/comments?post=40"}],"version-history":[{"count":23,"href":"http:\/\/mooc3.politechnicart.net\/wwwoofing\/wp-json\/wp\/v2\/pages\/40\/revisions"}],"predecessor-version":[{"id":248,"href":"http:\/\/mooc3.politechnicart.net\/wwwoofing\/wp-json\/wp\/v2\/pages\/40\/revisions\/248"}],"wp:featuredmedia":[{"embeddable":true,"href":"http:\/\/mooc3.politechnicart.net\/wwwoofing\/wp-json\/wp\/v2\/media\/182"}],"wp:attachment":[{"href":"http:\/\/mooc3.politechnicart.net\/wwwoofing\/wp-json\/wp\/v2\/media?parent=40"}],"curies":[{"name":"wp","href":"https:\/\/api.w.org\/{rel}","templated":true}]}}