{"id":44,"date":"2018-03-28T00:06:11","date_gmt":"2018-03-27T22:06:11","guid":{"rendered":"http:\/\/mooc3.politechnicart.net\/wwwoofing\/?page_id=44"},"modified":"2018-05-16T08:43:31","modified_gmt":"2018-05-16T06:43:31","slug":"module-4-entre-succes-et-ambiguites","status":"publish","type":"page","link":"http:\/\/mooc3.politechnicart.net\/wwwoofing\/module-4-entre-succes-et-ambiguites\/","title":{"rendered":"Module 4 : Entre succ\u00e8s et ambigu\u00eft\u00e9s"},"content":{"rendered":"<p>En France, la mutualit\u00e9 sociale agricole (MSA) met en garde contre la limite l\u00e9gale de travail volontaire alors que le minist\u00e8re de l\u2019environnement en fait la r\u00e9clame sur son site. L\u2019association WWOOF France a mis en place une charte entre les wwoofers et leurs h\u00f4tes garantissant les valeurs morales de l\u2019\u00e9change, l\u2019accueil gracieux sans contre partie et exclue tout lien de subordination. La MSA consid\u00e8re le wwoofing comme n\u2019ayant aucun statut l\u00e9gal, le wwoofer n\u2019est pas salari\u00e9 et ne doit pas r\u00e9pondre \u00e0 un besoin de main-d\u2019\u0153uvre. Si le wwoofer effectue une prestation de travail r\u00e9alis\u00e9e dans un lien de subordination et moyennant le versement d&#8217;une r\u00e9mun\u00e9ration y compris uniquement sous forme d&#8217;avantages en nature, la personne est alors expos\u00e9e \u00e0 des poursuites pour travail dissimul\u00e9. Mais les al\u00e9as en termes d\u2019abus sont souvent rapport\u00e9s par les wwoofers, les h\u00f4tes ne font pas (rarement) \u00e9tat de leurs exp\u00e9riences rat\u00e9es. Il y a \u00e9galement une diff\u00e9rence dans la mani\u00e8re de raconter selon les wwoofers et les h\u00f4tes. Les wwoofers vont effectivement raconter davantage leurs d\u00e9boires et les h\u00f4tes vont insister sur l\u2019importance de l\u2019\u00e9quilibre relationnel et pratique. Le respect du contrat appara\u00eet comme une condition au bon d\u00e9roulement. Un groupe facebook a \u00e9t\u00e9 cr\u00e9e \u00ab WWOOF France\u00a0\u00bb. Les administrateurs de ce groupe sont les responsables de l\u2019association WWOOF France. Ce groupe visait au d\u00e9part \u00e0 permettre un \u00e9change entre wwoofers sur leurs exp\u00e9riences. Tr\u00e8s rapidement, le groupe est devenu un moyen permettant de faire part de leurs mauvaises exp\u00e9riences en d\u00e9conseillant de se rendre aupr\u00e8s de certains h\u00f4tes.<\/p>\n<p>Certains t\u00e9moignages manifestent une forme d\u2019exploitation. Voici un petit floril\u00e8ge :<\/p>\n<p><img decoding=\"async\" loading=\"lazy\" class=\"alignnone size-full wp-image-179\" src=\"http:\/\/mooc3.politechnicart.net\/wwwoofing\/wp-content\/uploads\/sites\/31\/2018\/04\/floril\u00e8ge1.001.jpeg\" alt=\"\" width=\"1024\" height=\"768\" srcset=\"http:\/\/mooc3.politechnicart.net\/wwwoofing\/wp-content\/uploads\/sites\/31\/2018\/04\/floril\u00e8ge1.001.jpeg 1024w, http:\/\/mooc3.politechnicart.net\/wwwoofing\/wp-content\/uploads\/sites\/31\/2018\/04\/floril\u00e8ge1.001-300x225.jpeg 300w, http:\/\/mooc3.politechnicart.net\/wwwoofing\/wp-content\/uploads\/sites\/31\/2018\/04\/floril\u00e8ge1.001-768x576.jpeg 768w\" sizes=\"(max-width: 767px) 89vw, (max-width: 1000px) 54vw, (max-width: 1071px) 543px, 580px\" \/><\/p>\n<p>&nbsp;<\/p>\n<p>Comme blablacar, le wwoofing s\u2019inscrit au d\u00e9part dans une logique \u00e9cologique avec des valeurs fortes.<\/p>\n<p>Or comme l\u2019atteste ces exemples, certains h\u00f4tes n\u2019ont pas de lien avec l\u2019agriculture biologique, ainsi la recherche d\u2019un h\u00f4te correspondant \u00e0 ses attentes peut \u00eatre compliqu\u00e9e. Certaines descriptions de la part des h\u00f4tes peuvent travestir la r\u00e9alit\u00e9. Certaines wwoofers parfois font des t\u00e2ches qui n\u2019ont rien avoir avec le contrat.<\/p>\n<p>Les crit\u00e8res d\u2019adh\u00e9sion des h\u00f4tes comme wwoofers sont peu contraignants et il y a un certain manque de contr\u00f4le des organisations. Le contr\u00f4le semble s\u2019effectuer qu\u2019\u00e0 travers les commentaires sur le groupe facebook, d\u2019autant plus que l\u2019organisation nationale intervient seulement dans des cas pr\u00e9cis de violences, d\u2019abus sexuels.. Les individus vont davantage en parler sur facebook alors qu\u2019ils doivent \u00e9crire un mail \u00e0 l\u2019association. Face \u00e0 la multiplication de ces probl\u00e8mes, le wwoofer peut d\u00e9sormais ajouter un commentaire (comme airbnb) en dessous de la description des profils de l\u2019h\u00f4te.<\/p>\n<p>Les liens n\u2019\u00e9voluent pas forc\u00e9ment dans un rapport amical parce que parfois les attentes peuvent \u00eatre contradictoires, certains acteurs du wwoofing se contentent d\u2019avoir des rapports formels. Les r\u00f4les que se donnent les particuliers dans l\u2019\u00e9change collaboratif sont asym\u00e9triques, puisqu\u2019il s\u2019agit d\u2019une rencontre interpersonnelle entre particuliers.<\/p>\n<p><strong>D\u00e9ception ?\u00a0<\/strong><\/p>\n<p>&nbsp;<\/p>\n<p><iframe loading=\"lazy\" width=\"525\" height=\"295\" src=\"https:\/\/www.youtube.com\/embed\/ZN0nCZt0_hA?feature=oembed\" frameborder=\"0\" allow=\"autoplay; encrypted-media\" allowfullscreen><\/iframe><\/p>\n","protected":false},"excerpt":{"rendered":"<p>En France, la mutualit\u00e9 sociale agricole (MSA) met en garde contre la limite l\u00e9gale de travail volontaire alors que le &hellip; <\/p>\n<p class=\"link-more\"><a href=\"http:\/\/mooc3.politechnicart.net\/wwwoofing\/module-4-entre-succes-et-ambiguites\/\" class=\"more-link\">Continuer la lecture<span class=\"screen-reader-text\"> de &laquo;&nbsp;Module 4 : Entre succ\u00e8s et ambigu\u00eft\u00e9s&nbsp;&raquo;<\/span><\/a><\/p>\n","protected":false},"author":32,"featured_media":181,"parent":0,"menu_order":0,"comment_status":"closed","ping_status":"closed","template":"","meta":{"footnotes":""},"_links":{"self":[{"href":"http:\/\/mooc3.politechnicart.net\/wwwoofing\/wp-json\/wp\/v2\/pages\/44"}],"collection":[{"href":"http:\/\/mooc3.politechnicart.net\/wwwoofing\/wp-json\/wp\/v2\/pages"}],"about":[{"href":"http:\/\/mooc3.politechnicart.net\/wwwoofing\/wp-json\/wp\/v2\/types\/page"}],"author":[{"embeddable":true,"href":"http:\/\/mooc3.politechnicart.net\/wwwoofing\/wp-json\/wp\/v2\/users\/32"}],"replies":[{"embeddable":true,"href":"http:\/\/mooc3.politechnicart.net\/wwwoofing\/wp-json\/wp\/v2\/comments?post=44"}],"version-history":[{"count":7,"href":"http:\/\/mooc3.politechnicart.net\/wwwoofing\/wp-json\/wp\/v2\/pages\/44\/revisions"}],"predecessor-version":[{"id":245,"href":"http:\/\/mooc3.politechnicart.net\/wwwoofing\/wp-json\/wp\/v2\/pages\/44\/revisions\/245"}],"wp:featuredmedia":[{"embeddable":true,"href":"http:\/\/mooc3.politechnicart.net\/wwwoofing\/wp-json\/wp\/v2\/media\/181"}],"wp:attachment":[{"href":"http:\/\/mooc3.politechnicart.net\/wwwoofing\/wp-json\/wp\/v2\/media?parent=44"}],"curies":[{"name":"wp","href":"https:\/\/api.w.org\/{rel}","templated":true}]}}